{"id":3,"date":"2024-12-09T10:19:50","date_gmt":"2024-12-09T10:19:50","guid":{"rendered":"http:\/\/is.local\/?page_id=3"},"modified":"2025-03-31T10:20:36","modified_gmt":"2025-03-31T10:20:36","slug":"mentions-legales","status":"publish","type":"page","link":"https:\/\/internationaux-strasbourg.fr\/fr\/mentions-legales\/","title":{"rendered":"Mentions l\u00e9gales"},"content":{"rendered":"\n<h4 class=\"wp-block-heading\"><mark style=\"background-color:rgba(0, 0, 0, 0)\" class=\"has-inline-color has-custom-orange-color\">Informations g\u00e9n\u00e9rales \u00e9diteur<\/mark><\/h4>\n\n\n\n<p>WWW.INTERNATIONAUX-STRASBOURG.FR (.fr, .net, .org) vous est propos\u00e9 par HOPIS 19 rue Louis Apffel, 67&nbsp;000&nbsp;Strasbourg, France.<br>Directeur de la publication : Madeline JORANT.<\/p>\n\n\n\n<div style=\"height:5px\" aria-hidden=\"true\" class=\"wp-block-spacer\"><\/div>\n\n\n\n<h4 class=\"wp-block-heading\"><mark style=\"background-color:rgba(0, 0, 0, 0)\" class=\"has-inline-color has-custom-orange-color\">I. Responsabilit\u00e9<\/mark><\/h4>\n\n\n\n<p><strong><mark style=\"background-color:rgba(0, 0, 0, 0)\" class=\"has-inline-color has-custom-violet-color\">I.1.<\/mark><\/strong> HOPIS ne pourra \u00eatre tenue responsable de l\u2019utilisation frauduleuse des \u00e9l\u00e9ments (pr\u00e9nom(s), nom(s), adresse de messagerie \u00e9lectronique) \u00e9ventuellement communiqu\u00e9s par l\u2019utilisateur du site Internet : WWW.INTERNATIONAUX-STRASBOURG.FR (le \u00ab Site \u00bb), et lui permettant de participer aux diff\u00e9rentes animations et services (billetterie, newsletter, etc.) propos\u00e9s sur le Site.<\/p>\n\n\n\n<p><strong><mark style=\"background-color:rgba(0, 0, 0, 0)\" class=\"has-inline-color has-custom-violet-color\">I.2. <\/mark><\/strong>HOPIS informe que, compte tenu des caract\u00e9ristiques du r\u00e9seau Internet, comme la libre captation des informations diffus\u00e9es et la difficult\u00e9, voire l\u2019impossibilit\u00e9 de contrer l\u2019utilisation qui pourrait en \u00eatre faite par des tiers, elle ne saurait \u00eatre tenue pour responsable d\u2019une quelconque mauvaise utilisation des \u00e9l\u00e9ments ci-avant mentionn\u00e9s.<\/p>\n\n\n\n<p><strong><mark style=\"background-color:rgba(0, 0, 0, 0)\" class=\"has-inline-color has-custom-violet-color\">I.3. <\/mark><\/strong>HOPIS informe \u00e9galement que la transmission et le chargement des donn\u00e9es sur Internet ne b\u00e9n\u00e9ficient que d\u2019une fiabilit\u00e9 relative, celles-ci circulant sur des r\u00e9seaux h\u00e9t\u00e9rog\u00e8nes, aux caract\u00e9ristiques et capacit\u00e9s diverses, qui sont parfois satur\u00e9s \u00e0 certaines p\u00e9riodes de la journ\u00e9e et de nature \u00e0 impacter les d\u00e9lais d\u2019accessibilit\u00e9 aux donn\u00e9es. \u00c0&nbsp;cet \u00e9gard, HOPIS d\u00e9cline toute responsabilit\u00e9 en cas de dysfonctionnement du r\u00e9seau Internet, des lignes t\u00e9l\u00e9phoniques, du mat\u00e9riel de r\u00e9ception emp\u00eachant le bon d\u00e9roulement des services et animations propos\u00e9s sur le Site. En outre, sa responsabilit\u00e9 ne pourra en aucun cas \u00eatre retenue pour des probl\u00e8mes d\u2019acheminement ou de perte de courrier \u00e9lectronique ou postal. HOPIS d\u00e9cline toute responsabilit\u00e9 en cas de d\u00e9faillance technique, anomalie, mat\u00e9rielle et logicielle de quelque nature (virus, bogue etc.) du syst\u00e8me du Participant.<\/p>\n\n\n\n<p><strong><mark style=\"background-color:rgba(0, 0, 0, 0)\" class=\"has-inline-color has-custom-violet-color\">I.4.<\/mark><\/strong> L\u2019utilisateur du Site (l\u2019 \u00ab\u00a0Utilisateur\u00a0\u00bb) est seul responsable du choix de l\u2019\u00e9quipement informatique lui permettant d\u2019acc\u00e9der au Site, de m\u00eame qu\u2019il lui revient de prendre toutes mesures n\u00e9cessaires aux fins de prot\u00e9ger son syst\u00e8me. HOPIS d\u00e9cline toute responsabilit\u00e9 en cas de d\u00e9faillance technique, anomalie, mat\u00e9rielle et logicielle de quelque nature (virus, bogue etc.) du syst\u00e8me de l\u2019Utilisateur.<\/p>\n\n\n\n<div style=\"height:5px\" aria-hidden=\"true\" class=\"wp-block-spacer\"><\/div>\n\n\n\n<h4 class=\"wp-block-heading\"><mark style=\"background-color:rgba(0, 0, 0, 0)\" class=\"has-inline-color has-custom-orange-color\">II. \u00c9tendue du service propos\u00e9<\/mark><\/h4>\n\n\n\n<p><strong><mark style=\"background-color:rgba(0, 0, 0, 0)\" class=\"has-inline-color has-custom-violet-color\">II.1. <\/mark><\/strong>HOPIS se r\u00e9serve le droit de modifier le Site, les contenus et son offre de services sans pr\u00e9avis, temporairement ou d\u00e9finitivement, ou de ne plus exploiter le Site et\/ou tout ou partie de l\u2019offre de services y-contenus.<\/p>\n\n\n\n<p><strong><mark style=\"background-color:rgba(0, 0, 0, 0)\" class=\"has-inline-color has-custom-violet-color\">II.2.<\/mark><\/strong> HOPIS pourra, \u00e0&nbsp;tout moment, notamment pour des raisons techniques, de mise \u00e0&nbsp;jour ou de maintenance interrompre l\u2019acc\u00e8s au Site et \u00e0 l\u2019offre de service y-contenus. HOPIS ne sera en aucun cas responsable des cons\u00e9quences pouvant r\u00e9sulter de l\u2019un et\/ou l\u2019autre des cas ci-avant mentionn\u00e9s.<\/p>\n\n\n\n<div style=\"height:5px\" aria-hidden=\"true\" class=\"wp-block-spacer\"><\/div>\n\n\n\n<h4 class=\"wp-block-heading\"><mark style=\"background-color:rgba(0, 0, 0, 0)\" class=\"has-inline-color has-custom-orange-color\">III. Protection des donn\u00e9es personnelles<\/mark><\/h4>\n\n\n\n<p>Cette notice pr\u00e9sente les pratiques mises en \u0153uvre par HOPIS&nbsp;dans le cadre du Site, en mati\u00e8re de protection des donn\u00e9es personnelles.<\/p>\n\n\n\n<p><strong><mark style=\"background-color:rgba(0, 0, 0, 0)\" class=\"has-inline-color has-custom-violet-color\">III.1. <\/mark><\/strong>Collecte et utilisation des donn\u00e9es personnelles&nbsp;: HOPIS entend laisser \u00e0 chaque Utilisateur un contr\u00f4le maximal sur ses donn\u00e9es personnelles. D\u2019une mani\u00e8re g\u00e9n\u00e9rale, chaque Utilisateur peut consulter et naviguer sur le Site sans r\u00e9v\u00e9ler son identit\u00e9 ou \u00eatre tenu de communiquer la moindre information personnelle le concernant. Le Site a toutefois \u00e9t\u00e9 con\u00e7u \u00e0 l\u2019effet de favoriser une interaction optimale avec l\u2019Utilisateur. Dans cette optique, afin de participer aux diff\u00e9rentes animations ou b\u00e9n\u00e9ficier des diff\u00e9rents services propos\u00e9s sur le Site (organisation de jeux, jeux-concours, traitement d\u2019une commande, d\u2019un abonnement \u00e0 une publication ou \u00e0 un service etc.), il sera demand\u00e9 \u00e0 l\u2019Utilisateur de communiquer un certain nombre de donn\u00e9es personnelles (par exemple pr\u00e9nom(s), nom(s), \u00e2ge, num\u00e9ro(s) de t\u00e9l\u00e9phone, adresse physique, adresse de messagerie \u00e9lectronique, etc.). Le parti pris de HOPIS est de pr\u00e9venir syst\u00e9matiquement l\u2019Utilisateur avant de recueillir toute donn\u00e9e personnelle qu\u2019il pourrait avoir \u00e0 fournir par le canal d\u2019Internet. Si l\u2019Utilisateur d\u00e9clare ne pas souhaiter que ses donn\u00e9es servent \u00e0 \u00e9tablir avec lui des contacts ult\u00e9rieurs, et\/ou qu\u2019elles soient communiqu\u00e9es \u00e0 des tiers, et\/ou recevoir d\u2019informations compl\u00e9mentaires de la part de HOPIS et\/ou de la part de tiers, son choix sera respect\u00e9 quel qu\u2019il soit. Les donn\u00e9es de l\u2019Utilisateur ne seront en tout \u00e9tat de cause jamais conserv\u00e9es au-del\u00e0 d\u2019une dur\u00e9e raisonnable, au terme de laquelle elles seront syst\u00e9matiquement et totalement supprim\u00e9es de l\u2019ensemble des syst\u00e8mes de HOPIS.<\/p>\n\n\n\n<p><strong><mark style=\"background-color:rgba(0, 0, 0, 0)\" class=\"has-inline-color has-custom-violet-color\">III.2. <\/mark><\/strong>Conform\u00e9ment \u00e0 la Loi Informatique et Libert\u00e9s du 6 janvier 1978 modifi\u00e9e par la loi du 20 juin 2018 sur la protection des donn\u00e9es et au R\u00e8glement g\u00e9n\u00e9ral sur la protection des donn\u00e9es, chaque Utilisateur dispose d\u2019un droit d\u2019information et d\u2019acc\u00e8s, de rectification, d\u2019opposition, de droit \u00e0 la portabilit\u00e9 des donn\u00e9es, \u00e0 l\u2019effacement des donn\u00e9es et \u00e0 la limitation du traitement des donn\u00e9es le concernant. Ces droits pourront \u00eatre exerc\u00e9s en adressant un courrier \u00e0 l\u2019adresse suivante : HOPIS \u2013 D\u00e9partement Communication \u2013 19 rue Louis Apffel \u2013 67000 STRASBOURG. Chaque utilisateur du Site, ou son repr\u00e9sentant l\u00e9gal s\u2019il est mineur, peut \u00e9galement, pour des motifs l\u00e9gitimes, s\u2019opposer au traitement des donn\u00e9es le concernant. Chaque utilisateur du Site trouvera des informations sur ses droits et devoirs et sur la protection des donn\u00e9es individuelles sur le site Internet de la Commission Nationale de l\u2019Informatique et des Libert\u00e9s (<a href=\"http:\/\/www.cnil.fr\/\">www.cnil.fr<\/a>).<\/p>\n\n\n\n<p>Pour consulter notre&nbsp;Politique de gestion des donn\u00e9es \u00e0 caract\u00e8re personnel, cliquez ci-dessous. <\/p>\n\n\n\n<div class=\"wp-block-file\"><a id=\"wp-block-file--media-612a5091-2786-49bc-8146-190d0196a447\" href=\"https:\/\/internationaux-strasbourg.fr\/wp-content\/uploads\/2025\/03\/POLITIQUE-DE-GESTION-DES-DONNEES-A-CARACTERE-PERSONNEL-HOPIS.pdf\" target=\"_blank\" rel=\"noreferrer noopener\">POLITIQUE DE GESTION DES DONNE\u0301ES A\u0300 CARACTE\u0300RE PERSONNEL HOPIS<\/a><\/div>\n\n\n\n<div style=\"height:5px\" aria-hidden=\"true\" class=\"wp-block-spacer\"><\/div>\n\n\n\n<h4 class=\"wp-block-heading\"><mark style=\"background-color:rgba(0, 0, 0, 0)\" class=\"has-inline-color has-custom-orange-color\">IV. Cookies<\/mark><\/h4>\n\n\n\n<p>Des \u00e9l\u00e9ments d\u2019information peuvent \u00eatre envoy\u00e9s \u00e0 l\u2019ordinateur de l\u2019Utilisateur sous la forme d\u2019un \u00ab cookie \u00bb Internet, afin de permettre \u00e0 HOPIS de lui proposer des fichiers mieux adapt\u00e9s, au contenu personnalis\u00e9. Ce cookie est enregistr\u00e9 sur le disque dur de l\u2019Utilisateur. Le serveur d&rsquo;HOPIS peut \u00e9galement demander \u00e0 l\u2019ordinateur de l\u2019Utilisateur de lui renvoyer un cookie ; un tel cookie \u00ab de retour \u00bb ne contient pas d\u2019informations fournies par l\u2019Utilisateur ni aucune autre information personnelle identifiable ; en revanche, il enregistre des informations relatives \u00e0&nbsp;la navigation de son ordinateur sur le Site (les pages consult\u00e9es, la date et l\u2019heure de la consultation, etc.) qui pourrons \u00eatre lues lors des visites ult\u00e9rieures de l\u2019Utilisateur. La dur\u00e9e de conservation de ces informations dans l\u2019ordinateur de l\u2019Utilisateur ne pourra en tout \u00e9tat de cause aller au-del\u00e0 de la dur\u00e9e de mise en service du Site. L\u2019Utilisateur est inform\u00e9 qu\u2019il peut s\u2019opposer \u00e0 l\u2019enregistrement de \u00ab cookies \u00bb en configurant son navigateur de la mani\u00e8re suivante :<\/p>\n\n\n\n<div style=\"height:1px\" aria-hidden=\"true\" class=\"wp-block-spacer\"><\/div>\n\n\n\n<h5 class=\"wp-block-heading\"><mark style=\"background-color:rgba(0, 0, 0, 0)\" class=\"has-inline-color has-custom-vert-color\">Pour Mozilla Firefox<\/mark><\/h5>\n\n\n\n<p>1. Choisissez le menu \u00ab outil&nbsp; \u00bb puis \u00ab Options \u00bb<br>2. Cliquez sur l\u2019ic\u00f4ne \u00ab vie priv\u00e9e \u00bb<br>3. Rep\u00e9rez le menu \u00ab cookie \u00bb et s\u00e9lectionnez les options qui vous conviennent.<\/p>\n\n\n\n<div style=\"height:1px\" aria-hidden=\"true\" class=\"wp-block-spacer\"><\/div>\n\n\n\n<h5 class=\"wp-block-heading\"><mark style=\"background-color:rgba(0, 0, 0, 0)\" class=\"has-inline-color has-custom-vert-color\">Pour Microsoft Internet Explorer 6.0<\/mark><\/h5>\n\n\n\n<p>1. Choisissez le menu \u00ab Outils \u00bb (ou \u00ab Tools \u00bb), puis \u00ab Options Internet \u00bb (ou \u00ab Internet Options \u00bb)<br>2. Cliquez sur l\u2019onglet \u00ab Confidentialit\u00e9 \u00bb (ou \u00ab Confidentiality \u00bb)<br>3. S\u00e9lectionnez le niveau souhait\u00e9 \u00e0 l\u2019aide du curseur.<\/p>\n\n\n\n<div style=\"height:1px\" aria-hidden=\"true\" class=\"wp-block-spacer\"><\/div>\n\n\n\n<h5 class=\"wp-block-heading\"><mark style=\"background-color:rgba(0, 0, 0, 0)\" class=\"has-inline-color has-custom-vert-color\">Pour Microsoft Internet Explorer 5<\/mark><\/h5>\n\n\n\n<p>1. Choisissez le menu \u00ab Outils \u00bb (ou \u00ab Tools \u00bb), puis \u00ab Options Internet \u00bb (ou \u00ab Internet Options \u00bb)<br>2. Cliquez sur l\u2019onglet \u00ab S\u00e9curit\u00e9 \u00bb (ou \u00ab Security \u00bb)<br>3. S\u00e9lectionnez \u00ab Internet \u00bb puis \u00ab Personnaliser le niveau \u00bb (ou \u00ab Custom Level \u00bb)<br>4. Rep\u00e9rez la rubrique \u00ab cookies \u00bb et choisissez l\u2019option qui vous convient.<\/p>\n\n\n\n<div style=\"height:1px\" aria-hidden=\"true\" class=\"wp-block-spacer\"><\/div>\n\n\n\n<h5 class=\"wp-block-heading\"><mark style=\"background-color:rgba(0, 0, 0, 0)\" class=\"has-inline-color has-custom-vert-color\">Pour Netscape 6.X et 7. X<\/mark><\/h5>\n\n\n\n<p>1. Choisissez le menu \u00ab Edition \u00bb&gt; \u00bbPr\u00e9f\u00e9rences \u00bb<br>2. Confidentialit\u00e9 et S\u00e9curit\u00e9<br>3. Cookies.<\/p>\n\n\n\n<div style=\"height:1px\" aria-hidden=\"true\" class=\"wp-block-spacer\"><\/div>\n\n\n\n<h5 class=\"wp-block-heading\"><mark style=\"background-color:rgba(0, 0, 0, 0)\" class=\"has-inline-color has-custom-vert-color\">Pour Op\u00e9ra 6.0 et au-del\u00e0&nbsp;<\/mark><\/h5>\n\n\n\n<p>1. Choisissez le menu \u00ab\u00a0Fichier\u00a0\u00bb puis&nbsp;\u00ab\u00a0Pr\u00e9f\u00e9rences\u00a0\u00bb<br>2. Vie Priv\u00e9e. Pour effectuer des achats sur le Site, il est toutefois indispensable que l\u2019Utilisateur param\u00e8tre son logiciel de navigation de fa\u00e7on \u00e0&nbsp;ce qu\u2019il accepte les cookies.<\/p>\n\n\n\n<div style=\"height:5px\" aria-hidden=\"true\" class=\"wp-block-spacer\"><\/div>\n\n\n\n<h4 class=\"wp-block-heading\"><mark style=\"background-color:rgba(0, 0, 0, 0)\" class=\"has-inline-color has-custom-orange-color\">V. Propri\u00e9t\u00e9 intellectuelle<\/mark><\/h4>\n\n\n\n<p>Les contenus figurant sur le Site sont et demeurent la propri\u00e9t\u00e9 exclusive de HOPIS. L\u2019Utilisateur s\u2019engage \u00e0&nbsp;respecter strictement et scrupuleusement les droits de propri\u00e9t\u00e9 intellectuelle de celle-ci et s\u2019interdit de faire usage, de reproduire, d\u2019adapter, transformer, d\u2019extraire tout ou partie des contenus, marques ou logos figurant sur le Site ou d\u2019effectuer un enregistrement ou transfert sur tout support \u00e9lectronique.<\/p>\n","protected":false},"excerpt":{"rendered":"<p>Informations g\u00e9n\u00e9rales \u00e9diteur WWW.INTERNATIONAUX-STRASBOURG.FR (.fr, .net, .org) vous est propos\u00e9 par HOPIS 19 rue Louis Apffel, 67&nbsp;000&nbsp;Strasbourg, France.Directeur de la publication : Madeline JORANT. I. Responsabilit\u00e9 I.1. HOPIS ne pourra \u00eatre tenue responsable de l\u2019utilisation frauduleuse des \u00e9l\u00e9ments (pr\u00e9nom(s), nom(s), adresse de messagerie \u00e9lectronique) \u00e9ventuellement communiqu\u00e9s par l\u2019utilisateur du site Internet : WWW.INTERNATIONAUX-STRASBOURG.FR (le \u00ab [&hellip;]<\/p>\n","protected":false},"author":1,"featured_media":0,"parent":0,"menu_order":0,"comment_status":"closed","ping_status":"open","template":"","meta":{"footnotes":""},"class_list":["post-3","page","type-page","status-publish","hentry"],"yoast_head":"<!-- This site is optimized with the Yoast SEO plugin v26.6 - https:\/\/yoast.com\/wordpress\/plugins\/seo\/ -->\n<title>Mentions l\u00e9gales - INTERNATIONAUX DE STRASBOURG<\/title>\n<meta name=\"description\" content=\"Vous trouverez sur cette page les mentions l\u00e9gales du site des Internationaux de Strasbourg. - Protection des donn\u00e9es personnelles\" \/>\n<meta name=\"robots\" content=\"index, follow, max-snippet:-1, max-image-preview:large, max-video-preview:-1\" \/>\n<link rel=\"canonical\" href=\"https:\/\/internationaux-strasbourg.fr\/fr\/mentions-legales\/\" \/>\n<meta property=\"og:locale\" content=\"fr_FR\" \/>\n<meta property=\"og:type\" content=\"article\" \/>\n<meta property=\"og:title\" content=\"Mentions l\u00e9gales - INTERNATIONAUX DE STRASBOURG\" \/>\n<meta property=\"og:description\" content=\"Vous trouverez sur cette page les mentions l\u00e9gales du site des Internationaux de Strasbourg. - Protection des donn\u00e9es personnelles\" \/>\n<meta property=\"og:url\" content=\"https:\/\/internationaux-strasbourg.fr\/fr\/mentions-legales\/\" \/>\n<meta property=\"og:site_name\" content=\"INTERNATIONAUX DE STRASBOURG\" \/>\n<meta property=\"article:publisher\" content=\"https:\/\/www.facebook.com\/INTERNATIONAUXSTRASBOURG\/\" \/>\n<meta property=\"article:modified_time\" content=\"2025-03-31T10:20:36+00:00\" \/>\n<meta name=\"twitter:card\" content=\"summary_large_image\" \/>\n<meta name=\"twitter:site\" content=\"@WTA_Strasbourg\" \/>\n<meta name=\"twitter:label1\" content=\"Dur\u00e9e de lecture estim\u00e9e\" \/>\n\t<meta name=\"twitter:data1\" content=\"7 minutes\" \/>\n<script type=\"application\/ld+json\" class=\"yoast-schema-graph\">{\"@context\":\"https:\/\/schema.org\",\"@graph\":[{\"@type\":\"WebPage\",\"@id\":\"https:\/\/internationaux-strasbourg.fr\/fr\/mentions-legales\/\",\"url\":\"https:\/\/internationaux-strasbourg.fr\/fr\/mentions-legales\/\",\"name\":\"Mentions l\u00e9gales - INTERNATIONAUX DE STRASBOURG\",\"isPartOf\":{\"@id\":\"https:\/\/internationaux-strasbourg.fr\/fr\/#website\"},\"datePublished\":\"2024-12-09T10:19:50+00:00\",\"dateModified\":\"2025-03-31T10:20:36+00:00\",\"description\":\"Vous trouverez sur cette page les mentions l\u00e9gales du site des Internationaux de Strasbourg. - Protection des donn\u00e9es personnelles\",\"breadcrumb\":{\"@id\":\"https:\/\/internationaux-strasbourg.fr\/fr\/mentions-legales\/#breadcrumb\"},\"inLanguage\":\"fr-FR\",\"potentialAction\":[{\"@type\":\"ReadAction\",\"target\":[\"https:\/\/internationaux-strasbourg.fr\/fr\/mentions-legales\/\"]}]},{\"@type\":\"BreadcrumbList\",\"@id\":\"https:\/\/internationaux-strasbourg.fr\/fr\/mentions-legales\/#breadcrumb\",\"itemListElement\":[{\"@type\":\"ListItem\",\"position\":1,\"name\":\"Home\",\"item\":\"https:\/\/internationaux-strasbourg.fr\/fr\/\"},{\"@type\":\"ListItem\",\"position\":2,\"name\":\"Mentions l\u00e9gales\"}]},{\"@type\":\"WebSite\",\"@id\":\"https:\/\/internationaux-strasbourg.fr\/fr\/#website\",\"url\":\"https:\/\/internationaux-strasbourg.fr\/fr\/\",\"name\":\"Internationaux de Strasbourg\",\"description\":\"\",\"publisher\":{\"@id\":\"https:\/\/internationaux-strasbourg.fr\/fr\/#organization\"},\"potentialAction\":[{\"@type\":\"SearchAction\",\"target\":{\"@type\":\"EntryPoint\",\"urlTemplate\":\"https:\/\/internationaux-strasbourg.fr\/fr\/?s={search_term_string}\"},\"query-input\":{\"@type\":\"PropertyValueSpecification\",\"valueRequired\":true,\"valueName\":\"search_term_string\"}}],\"inLanguage\":\"fr-FR\"},{\"@type\":\"Organization\",\"@id\":\"https:\/\/internationaux-strasbourg.fr\/fr\/#organization\",\"name\":\"Internationaux de Strasbourg\",\"url\":\"https:\/\/internationaux-strasbourg.fr\/fr\/\",\"logo\":{\"@type\":\"ImageObject\",\"inLanguage\":\"fr-FR\",\"@id\":\"https:\/\/internationaux-strasbourg.fr\/fr\/#\/schema\/logo\/image\/\",\"url\":\"http:\/\/is.local\/wp-content\/uploads\/2024\/12\/Logo-composite-noir-e1734341181451.png\",\"contentUrl\":\"http:\/\/is.local\/wp-content\/uploads\/2024\/12\/Logo-composite-noir-e1734341181451.png\",\"width\":300,\"height\":103,\"caption\":\"Internationaux de Strasbourg\"},\"image\":{\"@id\":\"https:\/\/internationaux-strasbourg.fr\/fr\/#\/schema\/logo\/image\/\"},\"sameAs\":[\"https:\/\/www.facebook.com\/INTERNATIONAUXSTRASBOURG\/\",\"https:\/\/x.com\/WTA_Strasbourg\",\"https:\/\/www.instagram.com\/WTA_Strasbourg\",\"https:\/\/www.youtube.com\/user\/istennis2014\",\"https:\/\/www.linkedin.com\/showcase\/internationaux-de-strasbourg\/\"]}]}<\/script>\n<!-- \/ Yoast SEO plugin. -->","yoast_head_json":{"title":"Mentions l\u00e9gales - INTERNATIONAUX DE STRASBOURG","description":"Vous trouverez sur cette page les mentions l\u00e9gales du site des Internationaux de Strasbourg. - Protection des donn\u00e9es personnelles","robots":{"index":"index","follow":"follow","max-snippet":"max-snippet:-1","max-image-preview":"max-image-preview:large","max-video-preview":"max-video-preview:-1"},"canonical":"https:\/\/internationaux-strasbourg.fr\/fr\/mentions-legales\/","og_locale":"fr_FR","og_type":"article","og_title":"Mentions l\u00e9gales - INTERNATIONAUX DE STRASBOURG","og_description":"Vous trouverez sur cette page les mentions l\u00e9gales du site des Internationaux de Strasbourg. - Protection des donn\u00e9es personnelles","og_url":"https:\/\/internationaux-strasbourg.fr\/fr\/mentions-legales\/","og_site_name":"INTERNATIONAUX DE STRASBOURG","article_publisher":"https:\/\/www.facebook.com\/INTERNATIONAUXSTRASBOURG\/","article_modified_time":"2025-03-31T10:20:36+00:00","twitter_card":"summary_large_image","twitter_site":"@WTA_Strasbourg","twitter_misc":{"Dur\u00e9e de lecture estim\u00e9e":"7 minutes"},"schema":{"@context":"https:\/\/schema.org","@graph":[{"@type":"WebPage","@id":"https:\/\/internationaux-strasbourg.fr\/fr\/mentions-legales\/","url":"https:\/\/internationaux-strasbourg.fr\/fr\/mentions-legales\/","name":"Mentions l\u00e9gales - INTERNATIONAUX DE STRASBOURG","isPartOf":{"@id":"https:\/\/internationaux-strasbourg.fr\/fr\/#website"},"datePublished":"2024-12-09T10:19:50+00:00","dateModified":"2025-03-31T10:20:36+00:00","description":"Vous trouverez sur cette page les mentions l\u00e9gales du site des Internationaux de Strasbourg. - Protection des donn\u00e9es personnelles","breadcrumb":{"@id":"https:\/\/internationaux-strasbourg.fr\/fr\/mentions-legales\/#breadcrumb"},"inLanguage":"fr-FR","potentialAction":[{"@type":"ReadAction","target":["https:\/\/internationaux-strasbourg.fr\/fr\/mentions-legales\/"]}]},{"@type":"BreadcrumbList","@id":"https:\/\/internationaux-strasbourg.fr\/fr\/mentions-legales\/#breadcrumb","itemListElement":[{"@type":"ListItem","position":1,"name":"Home","item":"https:\/\/internationaux-strasbourg.fr\/fr\/"},{"@type":"ListItem","position":2,"name":"Mentions l\u00e9gales"}]},{"@type":"WebSite","@id":"https:\/\/internationaux-strasbourg.fr\/fr\/#website","url":"https:\/\/internationaux-strasbourg.fr\/fr\/","name":"Internationaux de Strasbourg","description":"","publisher":{"@id":"https:\/\/internationaux-strasbourg.fr\/fr\/#organization"},"potentialAction":[{"@type":"SearchAction","target":{"@type":"EntryPoint","urlTemplate":"https:\/\/internationaux-strasbourg.fr\/fr\/?s={search_term_string}"},"query-input":{"@type":"PropertyValueSpecification","valueRequired":true,"valueName":"search_term_string"}}],"inLanguage":"fr-FR"},{"@type":"Organization","@id":"https:\/\/internationaux-strasbourg.fr\/fr\/#organization","name":"Internationaux de Strasbourg","url":"https:\/\/internationaux-strasbourg.fr\/fr\/","logo":{"@type":"ImageObject","inLanguage":"fr-FR","@id":"https:\/\/internationaux-strasbourg.fr\/fr\/#\/schema\/logo\/image\/","url":"http:\/\/is.local\/wp-content\/uploads\/2024\/12\/Logo-composite-noir-e1734341181451.png","contentUrl":"http:\/\/is.local\/wp-content\/uploads\/2024\/12\/Logo-composite-noir-e1734341181451.png","width":300,"height":103,"caption":"Internationaux de Strasbourg"},"image":{"@id":"https:\/\/internationaux-strasbourg.fr\/fr\/#\/schema\/logo\/image\/"},"sameAs":["https:\/\/www.facebook.com\/INTERNATIONAUXSTRASBOURG\/","https:\/\/x.com\/WTA_Strasbourg","https:\/\/www.instagram.com\/WTA_Strasbourg","https:\/\/www.youtube.com\/user\/istennis2014","https:\/\/www.linkedin.com\/showcase\/internationaux-de-strasbourg\/"]}]}},"_links":{"self":[{"href":"https:\/\/internationaux-strasbourg.fr\/fr\/wp-json\/wp\/v2\/pages\/3","targetHints":{"allow":["GET"]}}],"collection":[{"href":"https:\/\/internationaux-strasbourg.fr\/fr\/wp-json\/wp\/v2\/pages"}],"about":[{"href":"https:\/\/internationaux-strasbourg.fr\/fr\/wp-json\/wp\/v2\/types\/page"}],"author":[{"embeddable":true,"href":"https:\/\/internationaux-strasbourg.fr\/fr\/wp-json\/wp\/v2\/users\/1"}],"replies":[{"embeddable":true,"href":"https:\/\/internationaux-strasbourg.fr\/fr\/wp-json\/wp\/v2\/comments?post=3"}],"version-history":[{"count":5,"href":"https:\/\/internationaux-strasbourg.fr\/fr\/wp-json\/wp\/v2\/pages\/3\/revisions"}],"predecessor-version":[{"id":1812,"href":"https:\/\/internationaux-strasbourg.fr\/fr\/wp-json\/wp\/v2\/pages\/3\/revisions\/1812"}],"wp:attachment":[{"href":"https:\/\/internationaux-strasbourg.fr\/fr\/wp-json\/wp\/v2\/media?parent=3"}],"curies":[{"name":"wp","href":"https:\/\/api.w.org\/{rel}","templated":true}]}}