{"id":2903,"date":"2026-02-20T08:38:58","date_gmt":"2026-02-20T08:38:58","guid":{"rendered":"https:\/\/internationaux-strasbourg.fr\/?page_id=2903"},"modified":"2026-02-20T08:38:58","modified_gmt":"2026-02-20T08:38:58","slug":"tarifs-speciaux","status":"publish","type":"page","link":"https:\/\/internationaux-strasbourg.fr\/fr\/billetterie\/tarifs-speciaux\/","title":{"rendered":"TARIFS SP\u00e9CIAUX"},"content":{"rendered":"\n<div style=\"height:4px\" aria-hidden=\"true\" class=\"wp-block-spacer\"><\/div>\n\n\n\n<h4 class=\"wp-block-heading\">Tarifs r\u00e9duits<\/h4>\n\n\n\n<p>Vous \u00eates licenci\u00e9(e) au sein de la F\u00e9d\u00e9ration fran\u00e7aise de Tennis ou \u00e9tudiant ? Profitez de nos tarifs r\u00e9duits !<\/p>\n\n\n\n<p>Vous pouvez\u00a0b\u00e9n\u00e9ficier du\u00a0tarif pr\u00e9f\u00e9rentiel\u00a0<strong><em>\u00ab\u00a0Tarif r\u00e9duit\u00a0Licenci\u00e9s FFT \/ \u00e9tudiant \u00bb<\/em><\/strong>\u00a0directement int\u00e9gr\u00e9 \u00e0 notre billetterie, pas de code promo (cat\u00e9gorie 2 uniquement, hors billets COMBO).\u00a0<em>Votre licence 2026 ou votre carte \u00e9tudiante, ainsi qu\u2019une pi\u00e8ce d\u2019identit\u00e9 vous seront demand\u00e9es comme pi\u00e8ces justificatives \u00e0 l\u2019entr\u00e9e du tournoi.<\/em><\/p>\n\n\n\n<p><strong>Vous \u00eates un club de tennis et souhaitez proposer des places \u00e0 vos membres ? Contactez-nous \u00e0&nbsp;<a href=\"mailto:ticket@is-tennis.fr?subject=Renseignements%20places%20membres&amp;body=Club%20%3A%0ADemande%20%3A\" target=\"_blank\" rel=\"noreferrer noopener\">ticket@is-tennis.fr<\/a>&nbsp;!<\/strong><\/p>\n\n\n\n<ul class=\"wp-block-list\">\n<li><strong><mark style=\"background-color:rgba(0, 0, 0, 0)\" class=\"has-inline-color has-custom-violet-color\">Moins de 4 ans <\/mark><\/strong>: entr\u00e9e gratuite, billet \u00e0 r\u00e9cup\u00e9rer \u00e0 l&rsquo;accueil du tournoi (l&rsquo;enfant doit \u00eatre sur les genoux de ses parents)<\/li>\n\n\n\n<li><strong><mark style=\"background-color:rgba(0, 0, 0, 0)\" class=\"has-inline-color has-custom-violet-color\">Moins de 12 ans<\/mark><\/strong> : application d&rsquo;un tarif sp\u00e9cial enfant sur la cat\u00e9gorie 2<\/li>\n<\/ul>\n\n\n\n<div style=\"height:14px\" aria-hidden=\"true\" class=\"wp-block-spacer\"><\/div>\n\n\n\n<h4 class=\"wp-block-heading\">Comit\u00e9s d\u2019Entreprises et groupes<\/h4>\n\n\n\n<p>Les #IS, pr\u00e9sent\u00e9s par MAMMOTION proposent aux\u00a0Comit\u00e9s d\u2019Entreprise\u00a0et aux\u00a0groupes\u00a0une\u00a0offre exclusive\u00a0sur la billetterie du tournoi (tarifs d\u00e9gressifs disponibles \u00e0 partir de 15 places achet\u00e9es).<\/p>\n\n\n\n<p><em>Pour r\u00e9server vos billets en groupe ou comit\u00e9s d\u2019entreprise, nous vous invitons \u00e0 contacter notre&nbsp;<a href=\"mailto:ticket@is-tennis.fr\" target=\"_blank\" rel=\"noreferrer noopener\">service billetterie<\/a>, qui r\u00e9alisera un devis sur mesure selon vos besoins.<\/em><\/p>\n\n\n\n<p>Pour plus d\u2019informations, contactez-nous \u00e0 l\u2019adresse&nbsp;<a href=\"mailto:ticket@is-tennis.fr\" target=\"_blank\" rel=\"noreferrer noopener\">ticket@is-tennis.fr<\/a><\/p>\n\n\n\n<p><\/p>\n","protected":false},"excerpt":{"rendered":"<p>Tarifs r\u00e9duits Vous \u00eates licenci\u00e9(e) au sein de la F\u00e9d\u00e9ration fran\u00e7aise de Tennis ou \u00e9tudiant ? Profitez de nos tarifs r\u00e9duits ! Vous pouvez\u00a0b\u00e9n\u00e9ficier du\u00a0tarif pr\u00e9f\u00e9rentiel\u00a0\u00ab\u00a0Tarif r\u00e9duit\u00a0Licenci\u00e9s FFT \/ \u00e9tudiant \u00bb\u00a0directement int\u00e9gr\u00e9 \u00e0 notre billetterie, pas de code promo (cat\u00e9gorie 2 uniquement, hors billets COMBO).\u00a0Votre licence 2026 ou votre carte \u00e9tudiante, ainsi qu\u2019une pi\u00e8ce d\u2019identit\u00e9 [&hellip;]<\/p>\n","protected":false},"author":2,"featured_media":2906,"parent":2,"menu_order":0,"comment_status":"closed","ping_status":"closed","template":"","meta":{"footnotes":""},"class_list":["post-2903","page","type-page","status-publish","has-post-thumbnail","hentry"],"yoast_head":"<!-- This site is optimized with the Yoast SEO plugin v26.6 - https:\/\/yoast.com\/wordpress\/plugins\/seo\/ -->\n<title>TARIFS SP\u00e9CIAUX - INTERNATIONAUX DE STRASBOURG<\/title>\n<meta name=\"description\" content=\"Tarifs r\u00e9duits pour les Internationaux de Strasbourg 2026 : offres sp\u00e9ciales licenci\u00e9s FFT, \u00e9tudiants, enfants, groupes et comit\u00e9s d\u2019entreprise. D\u00e9couvrez les conditions, justificatifs et modalit\u00e9s pour profiter de nos avantages billetterie.\" \/>\n<meta name=\"robots\" content=\"index, follow, max-snippet:-1, max-image-preview:large, max-video-preview:-1\" \/>\n<link rel=\"canonical\" href=\"https:\/\/internationaux-strasbourg.fr\/fr\/billetterie\/tarifs-speciaux\/\" \/>\n<meta property=\"og:locale\" content=\"fr_FR\" \/>\n<meta property=\"og:type\" content=\"article\" \/>\n<meta property=\"og:title\" content=\"TARIFS SP\u00e9CIAUX - INTERNATIONAUX DE STRASBOURG\" \/>\n<meta property=\"og:description\" content=\"Tarifs r\u00e9duits pour les Internationaux de Strasbourg 2026 : offres sp\u00e9ciales licenci\u00e9s FFT, \u00e9tudiants, enfants, groupes et comit\u00e9s d\u2019entreprise. D\u00e9couvrez les conditions, justificatifs et modalit\u00e9s pour profiter de nos avantages billetterie.\" \/>\n<meta property=\"og:url\" content=\"https:\/\/internationaux-strasbourg.fr\/fr\/billetterie\/tarifs-speciaux\/\" \/>\n<meta property=\"og:site_name\" content=\"INTERNATIONAUX DE STRASBOURG\" \/>\n<meta property=\"article:publisher\" content=\"https:\/\/www.facebook.com\/INTERNATIONAUXSTRASBOURG\/\" \/>\n<meta property=\"og:image\" content=\"https:\/\/internationaux-strasbourg.fr\/wp-content\/uploads\/2026\/02\/tarifs-speciaux.png\" \/>\n\t<meta property=\"og:image:width\" content=\"1080\" \/>\n\t<meta property=\"og:image:height\" content=\"1080\" \/>\n\t<meta property=\"og:image:type\" content=\"image\/png\" \/>\n<meta name=\"twitter:card\" content=\"summary_large_image\" \/>\n<meta name=\"twitter:site\" content=\"@WTA_Strasbourg\" \/>\n<meta name=\"twitter:label1\" content=\"Dur\u00e9e de lecture estim\u00e9e\" \/>\n\t<meta name=\"twitter:data1\" content=\"2 minutes\" \/>\n<script type=\"application\/ld+json\" class=\"yoast-schema-graph\">{\"@context\":\"https:\/\/schema.org\",\"@graph\":[{\"@type\":\"WebPage\",\"@id\":\"https:\/\/internationaux-strasbourg.fr\/fr\/billetterie\/tarifs-speciaux\/\",\"url\":\"https:\/\/internationaux-strasbourg.fr\/fr\/billetterie\/tarifs-speciaux\/\",\"name\":\"TARIFS SP\u00e9CIAUX - INTERNATIONAUX DE STRASBOURG\",\"isPartOf\":{\"@id\":\"https:\/\/internationaux-strasbourg.fr\/fr\/#website\"},\"primaryImageOfPage\":{\"@id\":\"https:\/\/internationaux-strasbourg.fr\/fr\/billetterie\/tarifs-speciaux\/#primaryimage\"},\"image\":{\"@id\":\"https:\/\/internationaux-strasbourg.fr\/fr\/billetterie\/tarifs-speciaux\/#primaryimage\"},\"thumbnailUrl\":\"https:\/\/internationaux-strasbourg.fr\/wp-content\/uploads\/2026\/02\/tarifs-speciaux.png\",\"datePublished\":\"2026-02-20T08:38:58+00:00\",\"description\":\"Tarifs r\u00e9duits pour les Internationaux de Strasbourg 2026 : offres sp\u00e9ciales licenci\u00e9s FFT, \u00e9tudiants, enfants, groupes et comit\u00e9s d\u2019entreprise. D\u00e9couvrez les conditions, justificatifs et modalit\u00e9s pour profiter de nos avantages billetterie.\",\"breadcrumb\":{\"@id\":\"https:\/\/internationaux-strasbourg.fr\/fr\/billetterie\/tarifs-speciaux\/#breadcrumb\"},\"inLanguage\":\"fr-FR\",\"potentialAction\":[{\"@type\":\"ReadAction\",\"target\":[\"https:\/\/internationaux-strasbourg.fr\/fr\/billetterie\/tarifs-speciaux\/\"]}]},{\"@type\":\"ImageObject\",\"inLanguage\":\"fr-FR\",\"@id\":\"https:\/\/internationaux-strasbourg.fr\/fr\/billetterie\/tarifs-speciaux\/#primaryimage\",\"url\":\"https:\/\/internationaux-strasbourg.fr\/wp-content\/uploads\/2026\/02\/tarifs-speciaux.png\",\"contentUrl\":\"https:\/\/internationaux-strasbourg.fr\/wp-content\/uploads\/2026\/02\/tarifs-speciaux.png\",\"width\":1080,\"height\":1080},{\"@type\":\"BreadcrumbList\",\"@id\":\"https:\/\/internationaux-strasbourg.fr\/fr\/billetterie\/tarifs-speciaux\/#breadcrumb\",\"itemListElement\":[{\"@type\":\"ListItem\",\"position\":1,\"name\":\"Home\",\"item\":\"https:\/\/internationaux-strasbourg.fr\/fr\/\"},{\"@type\":\"ListItem\",\"position\":2,\"name\":\"TARIFS SP\u00e9CIAUX\"}]},{\"@type\":\"WebSite\",\"@id\":\"https:\/\/internationaux-strasbourg.fr\/fr\/#website\",\"url\":\"https:\/\/internationaux-strasbourg.fr\/fr\/\",\"name\":\"Internationaux de Strasbourg\",\"description\":\"\",\"publisher\":{\"@id\":\"https:\/\/internationaux-strasbourg.fr\/fr\/#organization\"},\"potentialAction\":[{\"@type\":\"SearchAction\",\"target\":{\"@type\":\"EntryPoint\",\"urlTemplate\":\"https:\/\/internationaux-strasbourg.fr\/fr\/?s={search_term_string}\"},\"query-input\":{\"@type\":\"PropertyValueSpecification\",\"valueRequired\":true,\"valueName\":\"search_term_string\"}}],\"inLanguage\":\"fr-FR\"},{\"@type\":\"Organization\",\"@id\":\"https:\/\/internationaux-strasbourg.fr\/fr\/#organization\",\"name\":\"Internationaux de Strasbourg\",\"url\":\"https:\/\/internationaux-strasbourg.fr\/fr\/\",\"logo\":{\"@type\":\"ImageObject\",\"inLanguage\":\"fr-FR\",\"@id\":\"https:\/\/internationaux-strasbourg.fr\/fr\/#\/schema\/logo\/image\/\",\"url\":\"http:\/\/is.local\/wp-content\/uploads\/2024\/12\/Logo-composite-noir-e1734341181451.png\",\"contentUrl\":\"http:\/\/is.local\/wp-content\/uploads\/2024\/12\/Logo-composite-noir-e1734341181451.png\",\"width\":300,\"height\":103,\"caption\":\"Internationaux de Strasbourg\"},\"image\":{\"@id\":\"https:\/\/internationaux-strasbourg.fr\/fr\/#\/schema\/logo\/image\/\"},\"sameAs\":[\"https:\/\/www.facebook.com\/INTERNATIONAUXSTRASBOURG\/\",\"https:\/\/x.com\/WTA_Strasbourg\",\"https:\/\/www.instagram.com\/WTA_Strasbourg\",\"https:\/\/www.youtube.com\/user\/istennis2014\",\"https:\/\/www.linkedin.com\/showcase\/internationaux-de-strasbourg\/\"]}]}<\/script>\n<!-- \/ Yoast SEO plugin. -->","yoast_head_json":{"title":"TARIFS SP\u00e9CIAUX - INTERNATIONAUX DE STRASBOURG","description":"Tarifs r\u00e9duits pour les Internationaux de Strasbourg 2026 : offres sp\u00e9ciales licenci\u00e9s FFT, \u00e9tudiants, enfants, groupes et comit\u00e9s d\u2019entreprise. D\u00e9couvrez les conditions, justificatifs et modalit\u00e9s pour profiter de nos avantages billetterie.","robots":{"index":"index","follow":"follow","max-snippet":"max-snippet:-1","max-image-preview":"max-image-preview:large","max-video-preview":"max-video-preview:-1"},"canonical":"https:\/\/internationaux-strasbourg.fr\/fr\/billetterie\/tarifs-speciaux\/","og_locale":"fr_FR","og_type":"article","og_title":"TARIFS SP\u00e9CIAUX - INTERNATIONAUX DE STRASBOURG","og_description":"Tarifs r\u00e9duits pour les Internationaux de Strasbourg 2026 : offres sp\u00e9ciales licenci\u00e9s FFT, \u00e9tudiants, enfants, groupes et comit\u00e9s d\u2019entreprise. D\u00e9couvrez les conditions, justificatifs et modalit\u00e9s pour profiter de nos avantages billetterie.","og_url":"https:\/\/internationaux-strasbourg.fr\/fr\/billetterie\/tarifs-speciaux\/","og_site_name":"INTERNATIONAUX DE STRASBOURG","article_publisher":"https:\/\/www.facebook.com\/INTERNATIONAUXSTRASBOURG\/","og_image":[{"width":1080,"height":1080,"url":"https:\/\/internationaux-strasbourg.fr\/wp-content\/uploads\/2026\/02\/tarifs-speciaux.png","type":"image\/png"}],"twitter_card":"summary_large_image","twitter_site":"@WTA_Strasbourg","twitter_misc":{"Dur\u00e9e de lecture estim\u00e9e":"2 minutes"},"schema":{"@context":"https:\/\/schema.org","@graph":[{"@type":"WebPage","@id":"https:\/\/internationaux-strasbourg.fr\/fr\/billetterie\/tarifs-speciaux\/","url":"https:\/\/internationaux-strasbourg.fr\/fr\/billetterie\/tarifs-speciaux\/","name":"TARIFS SP\u00e9CIAUX - INTERNATIONAUX DE STRASBOURG","isPartOf":{"@id":"https:\/\/internationaux-strasbourg.fr\/fr\/#website"},"primaryImageOfPage":{"@id":"https:\/\/internationaux-strasbourg.fr\/fr\/billetterie\/tarifs-speciaux\/#primaryimage"},"image":{"@id":"https:\/\/internationaux-strasbourg.fr\/fr\/billetterie\/tarifs-speciaux\/#primaryimage"},"thumbnailUrl":"https:\/\/internationaux-strasbourg.fr\/wp-content\/uploads\/2026\/02\/tarifs-speciaux.png","datePublished":"2026-02-20T08:38:58+00:00","description":"Tarifs r\u00e9duits pour les Internationaux de Strasbourg 2026 : offres sp\u00e9ciales licenci\u00e9s FFT, \u00e9tudiants, enfants, groupes et comit\u00e9s d\u2019entreprise. D\u00e9couvrez les conditions, justificatifs et modalit\u00e9s pour profiter de nos avantages billetterie.","breadcrumb":{"@id":"https:\/\/internationaux-strasbourg.fr\/fr\/billetterie\/tarifs-speciaux\/#breadcrumb"},"inLanguage":"fr-FR","potentialAction":[{"@type":"ReadAction","target":["https:\/\/internationaux-strasbourg.fr\/fr\/billetterie\/tarifs-speciaux\/"]}]},{"@type":"ImageObject","inLanguage":"fr-FR","@id":"https:\/\/internationaux-strasbourg.fr\/fr\/billetterie\/tarifs-speciaux\/#primaryimage","url":"https:\/\/internationaux-strasbourg.fr\/wp-content\/uploads\/2026\/02\/tarifs-speciaux.png","contentUrl":"https:\/\/internationaux-strasbourg.fr\/wp-content\/uploads\/2026\/02\/tarifs-speciaux.png","width":1080,"height":1080},{"@type":"BreadcrumbList","@id":"https:\/\/internationaux-strasbourg.fr\/fr\/billetterie\/tarifs-speciaux\/#breadcrumb","itemListElement":[{"@type":"ListItem","position":1,"name":"Home","item":"https:\/\/internationaux-strasbourg.fr\/fr\/"},{"@type":"ListItem","position":2,"name":"TARIFS SP\u00e9CIAUX"}]},{"@type":"WebSite","@id":"https:\/\/internationaux-strasbourg.fr\/fr\/#website","url":"https:\/\/internationaux-strasbourg.fr\/fr\/","name":"Internationaux de Strasbourg","description":"","publisher":{"@id":"https:\/\/internationaux-strasbourg.fr\/fr\/#organization"},"potentialAction":[{"@type":"SearchAction","target":{"@type":"EntryPoint","urlTemplate":"https:\/\/internationaux-strasbourg.fr\/fr\/?s={search_term_string}"},"query-input":{"@type":"PropertyValueSpecification","valueRequired":true,"valueName":"search_term_string"}}],"inLanguage":"fr-FR"},{"@type":"Organization","@id":"https:\/\/internationaux-strasbourg.fr\/fr\/#organization","name":"Internationaux de Strasbourg","url":"https:\/\/internationaux-strasbourg.fr\/fr\/","logo":{"@type":"ImageObject","inLanguage":"fr-FR","@id":"https:\/\/internationaux-strasbourg.fr\/fr\/#\/schema\/logo\/image\/","url":"http:\/\/is.local\/wp-content\/uploads\/2024\/12\/Logo-composite-noir-e1734341181451.png","contentUrl":"http:\/\/is.local\/wp-content\/uploads\/2024\/12\/Logo-composite-noir-e1734341181451.png","width":300,"height":103,"caption":"Internationaux de Strasbourg"},"image":{"@id":"https:\/\/internationaux-strasbourg.fr\/fr\/#\/schema\/logo\/image\/"},"sameAs":["https:\/\/www.facebook.com\/INTERNATIONAUXSTRASBOURG\/","https:\/\/x.com\/WTA_Strasbourg","https:\/\/www.instagram.com\/WTA_Strasbourg","https:\/\/www.youtube.com\/user\/istennis2014","https:\/\/www.linkedin.com\/showcase\/internationaux-de-strasbourg\/"]}]}},"_links":{"self":[{"href":"https:\/\/internationaux-strasbourg.fr\/fr\/wp-json\/wp\/v2\/pages\/2903","targetHints":{"allow":["GET"]}}],"collection":[{"href":"https:\/\/internationaux-strasbourg.fr\/fr\/wp-json\/wp\/v2\/pages"}],"about":[{"href":"https:\/\/internationaux-strasbourg.fr\/fr\/wp-json\/wp\/v2\/types\/page"}],"author":[{"embeddable":true,"href":"https:\/\/internationaux-strasbourg.fr\/fr\/wp-json\/wp\/v2\/users\/2"}],"replies":[{"embeddable":true,"href":"https:\/\/internationaux-strasbourg.fr\/fr\/wp-json\/wp\/v2\/comments?post=2903"}],"version-history":[{"count":2,"href":"https:\/\/internationaux-strasbourg.fr\/fr\/wp-json\/wp\/v2\/pages\/2903\/revisions"}],"predecessor-version":[{"id":2907,"href":"https:\/\/internationaux-strasbourg.fr\/fr\/wp-json\/wp\/v2\/pages\/2903\/revisions\/2907"}],"up":[{"embeddable":true,"href":"https:\/\/internationaux-strasbourg.fr\/fr\/wp-json\/wp\/v2\/pages\/2"}],"wp:featuredmedia":[{"embeddable":true,"href":"https:\/\/internationaux-strasbourg.fr\/fr\/wp-json\/wp\/v2\/media\/2906"}],"wp:attachment":[{"href":"https:\/\/internationaux-strasbourg.fr\/fr\/wp-json\/wp\/v2\/media?parent=2903"}],"curies":[{"name":"wp","href":"https:\/\/api.w.org\/{rel}","templated":true}]}}