{"id":2897,"date":"2026-02-19T15:45:34","date_gmt":"2026-02-19T15:45:34","guid":{"rendered":"https:\/\/internationaux-strasbourg.fr\/?page_id=2897"},"modified":"2026-03-25T10:53:05","modified_gmt":"2026-03-25T10:53:05","slug":"infos-et-modalites","status":"publish","type":"page","link":"https:\/\/internationaux-strasbourg.fr\/fr\/billetterie\/infos-et-modalites\/","title":{"rendered":"Infos et modalit\u00e9s"},"content":{"rendered":"\n<p>La 40<sup>\u00e8me<\/sup>&nbsp;\u00e9dition des Internationaux de Strasbourg, pr\u00e9sent\u00e9s par MAMMOTION se tiendra du 16 au 23 mai 2026, au Tennis Club de Strasbourg (20 Rue Pierre de Coubertin \u00e0 Strasbourg), au pied du Parlement Europ\u00e9en.<\/p>\n\n\n\n<p><strong><mark style=\"background-color:rgba(0, 0, 0, 0)\" class=\"has-inline-color has-custom-violet-color\">R\u00e9servez vite vos billets en cliquant <a href=\"https:\/\/www.billetweb.fr\/pro\/wtastrasbourg2026\">ici<\/a><\/mark><\/strong><\/p>\n\n\n\n<p><strong><mark style=\"background-color:rgba(0, 0, 0, 0)\" class=\"has-inline-color has-custom-violet-color\">Cliquez <a href=\"https:\/\/internationaux-strasbourg.fr\/wp-content\/uploads\/2026\/02\/Programme-previsionnel-2026.pdf\">ici<\/a>, pour avoir un aper\u00e7u du planning pr\u00e9visionnel. <\/mark><\/strong><\/p>\n\n\n\n<div style=\"height:7px\" aria-hidden=\"true\" class=\"wp-block-spacer\"><\/div>\n\n\n\n<h4 class=\"wp-block-heading\">Les cat\u00e9gories<\/h4>\n\n\n\n<p>Il existe&nbsp;plusieurs cat\u00e9gories&nbsp;<em>(cliquez sur le plan pour l\u2019agrandir)<\/em>&nbsp;:<\/p>\n\n\n\n<div class=\"wp-block-columns is-layout-flex wp-container-core-columns-is-layout-28f84493 wp-block-columns-is-layout-flex\">\n<div class=\"wp-block-column is-layout-flow wp-block-column-is-layout-flow\">\n<ul class=\"wp-block-list\">\n<li><strong>Cat\u00e9gorie 2<\/strong>, places en haut et aux extr\u00e9mit\u00e9s dans la tribune Grand Public&nbsp;<\/li>\n\n\n\n<li><strong>Cat\u00e9gorie 1<\/strong>, places proches du court et au centre de la tribune Grand Public<\/li>\n\n\n\n<li><strong>Cat\u00e9gorie Gold<\/strong>, places les plus proches du court dans la tribune Grand Public<\/li>\n\n\n\n<li><strong>Zone 2 &#8211; Visibilit\u00e9 R\u00e9duite*<\/strong>,&nbsp;places aux extr\u00e9mit\u00e9s dans la tribune Grand Public<\/li>\n\n\n\n<li><strong>Zone 1 &#8211; Visibilit\u00e9 R\u00e9duite*<\/strong>,places proches du court dans la tribune Grand Public<\/li>\n<\/ul>\n<\/div>\n\n\n\n<div class=\"wp-block-column is-layout-flow wp-block-column-is-layout-flow\">\n<figure class=\"wp-block-image\"><a href=\"https:\/\/internationaux-strasbourg.fr\/wp-content\/uploads\/2025\/02\/Plan-a-plat-cate.png\" target=\"_blank\" rel=\"noreferrer noopener\"><img loading=\"lazy\" decoding=\"async\" width=\"1024\" height=\"731\" src=\"https:\/\/internationaux-strasbourg.fr\/wp-content\/uploads\/2025\/02\/Plan-a-plat-cate-1024x731.png\" alt=\"Billetterie - plan des tribunes, avec cat\u00e9gories #IS25\" class=\"wp-image-1003\" srcset=\"https:\/\/internationaux-strasbourg.fr\/wp-content\/uploads\/2025\/02\/Plan-a-plat-cate-1024x731.png 1024w, https:\/\/internationaux-strasbourg.fr\/wp-content\/uploads\/2025\/02\/Plan-a-plat-cate-300x214.png 300w, https:\/\/internationaux-strasbourg.fr\/wp-content\/uploads\/2025\/02\/Plan-a-plat-cate-768x548.png 768w, https:\/\/internationaux-strasbourg.fr\/wp-content\/uploads\/2025\/02\/Plan-a-plat-cate-1536x1096.png 1536w, https:\/\/internationaux-strasbourg.fr\/wp-content\/uploads\/2025\/02\/Plan-a-plat-cate-2048x1462.png 2048w, https:\/\/internationaux-strasbourg.fr\/wp-content\/uploads\/2025\/02\/Plan-a-plat-cate-18x12.png 18w\" sizes=\"auto, (max-width: 1024px) 100vw, 1024px\" \/><\/a><\/figure>\n<\/div>\n<\/div>\n\n\n\n<p><em>*La visibilit\u00e9 du court, depuis ces places, est g\u00ean\u00e9e par un \u00e9l\u00e9ment de la structure de la tribune (ex: barri\u00e8re, garde corps, etc.). Ainsi, nous d\u00e9conseillons de r\u00e9server ces places pour des enfants et des personnes mesurant moins de 1m65.<\/em><\/p>\n\n\n\n<div style=\"height:30px\" aria-hidden=\"true\" class=\"wp-block-spacer\"><\/div>\n\n\n\n<h4 class=\"wp-block-heading\">Les Sessions<\/h4>\n\n\n\n<p><em>Du lundi 18 au vendredi<\/em> 22 mai<\/p>\n\n\n\n<ul class=\"wp-block-list\">\n<li><strong><mark style=\"background-color:rgba(0, 0, 0, 0)\" class=\"has-inline-color has-custom-violet-color\">Billet DAY<\/mark><\/strong> : Session du jour : d\u00e8s l&rsquo;ouverture des portes, acc\u00e8s aux matchs sur le Court Central, excluant le dernier match du jour, qui est programm\u00e9 pas avant 17h30.<\/li>\n\n\n\n<li><strong><mark style=\"background-color:rgba(0, 0, 0, 0)\" class=\"has-inline-color has-custom-violet-color\">Billet EVENING<\/mark><\/strong> : Session du soir : acc\u00e8s au dernier match du jour sur le Court Central, lanc\u00e9 pas avant 17h30 du lundi au jeudi (16h30 le vendredi), sous r\u00e9serve de modification du programme. <\/li>\n\n\n\n<li><strong><mark style=\"background-color:rgba(0, 0, 0, 0)\" class=\"has-inline-color has-custom-violet-color\">Billet COMBO<\/mark><\/strong> (DAY + EVENING) : donne acc\u00e8s \u00e0 tous les matchs du jour sur le Court Central. <\/li>\n<\/ul>\n\n\n\n<p><em>Le week-end (samedi 16, dimanche 17 et samedi 23 mai)<\/em><\/p>\n\n\n\n<ul class=\"wp-block-list\">\n<li><strong><mark style=\"background-color:rgba(0, 0, 0, 0)\" class=\"has-inline-color has-custom-violet-color\">Billet Session DAY <\/mark><\/strong>: acc\u00e8s \u00e0 tous les matchs du jour<\/li>\n<\/ul>\n\n\n\n<div style=\"height:4px\" aria-hidden=\"true\" class=\"wp-block-spacer\"><\/div>\n\n\n\n<p><strong><mark style=\"background-color:rgba(0, 0, 0, 0)\" class=\"has-inline-color has-custom-violet-color\">BILLET COURTS ANNEXES :<\/mark><\/strong><\/p>\n\n\n\n<ul class=\"wp-block-list\">\n<li><strong>Samedi 16 et dimanche 17 mai <\/strong>: d\u00e8s l&rsquo;ouverture des portes, acc\u00e8s aux matchs du jour en placement libre sur les <strong>Court n\u00b01 &amp; Court n\u00b02.<\/strong><\/li>\n\n\n\n<li><strong>Du lundi 18 mai au mercredi 20 mai <\/strong>: d\u00e8s l&rsquo;ouverture des portes, acc\u00e8s aux matchs du jour, uniquement en SESSION DAY, sur les <strong>Court n\u00b01 &amp; Court n\u00b02<\/strong>.<\/li>\n<\/ul>\n\n\n\n<p><em>Pas de match en SESSION EVENING sur les Courts Annexes<\/em>.<\/p>\n\n\n\n<div style=\"height:6px\" aria-hidden=\"true\" class=\"wp-block-spacer\"><\/div>\n\n\n\n<p><strong><mark style=\"background-color:rgba(0, 0, 0, 0)\" class=\"has-inline-color has-custom-violet-color\">PASS SEMAINE :<\/mark><\/strong><\/p>\n\n\n\n<p>Donne acc\u00e8s \u00e0 tous les matchs du tournoi, d\u00e8s les qualifications du samedi 16 mai, jusqu&rsquo;aux finales du samedi 23 mai.<\/p>\n\n\n\n<p><em>Billets inclus : du samedi 16 mai au samedi 23 mai inclus, billets DAY + EVENING, tous les jours.<\/em><\/p>\n\n\n\n<div style=\"height:5px\" aria-hidden=\"true\" class=\"wp-block-spacer\"><\/div>\n\n\n\n<p><strong><mark style=\"background-color:rgba(0, 0, 0, 0)\" class=\"has-inline-color has-custom-violet-color\">BILLET GRATUIT FOOD COURT :<\/mark><\/strong><\/p>\n\n\n\n<p>Donne acc\u00e8s \u00e0 <strong>l&rsquo;espace grand public<\/strong>, ainsi qu&rsquo;\u00e0 l&rsquo;espace de restauration, GRATUITEMENT. <\/p>\n\n\n\n<p><em>Ce billet ne donne pas acc\u00e8s au Court Central, Court 1 et Court 2. <\/em><\/p>\n\n\n\n<div class=\"wp-block-buttons is-layout-flex wp-block-buttons-is-layout-flex\">\n<div class=\"wp-block-button\"><a class=\"wp-block-button__link wp-element-button\" href=\"https:\/\/www.billetweb.fr\/acces-food-court&amp;multi=40015&amp;margin=no_margin&amp;color=52227a&amp;parent=wtastrasbourg2026&amp;margin=no_margin&amp;color=52227a\"><strong>Je prends ma place gratuite<\/strong><\/a><\/div>\n<\/div>\n\n\n\n<div style=\"height:30px\" aria-hidden=\"true\" class=\"wp-block-spacer\"><\/div>\n\n\n\n<h4 class=\"wp-block-heading\">Infos pratiques<\/h4>\n\n\n\n<ul class=\"wp-block-list\">\n<li>Les enfants de <strong><mark style=\"background-color:rgba(0, 0, 0, 0)\" class=\"has-inline-color has-custom-violet-color\">moins de 4 ans<\/mark><\/strong>&nbsp;devront \u00eatre munis <strong><mark style=\"background-color:rgba(0, 0, 0, 0)\" class=\"has-inline-color has-custom-violet-color\">d&rsquo;un billet gratuit \u00e0 retirer au gichet billetterie<\/mark><\/strong>. Ils n\u2019auront pas de si\u00e8ges r\u00e9serv\u00e9s mais pourront s\u2019asseoir sur les genoux de leur accompagnateur.<\/li>\n\n\n\n<li>Les tarifs des billets seront major\u00e9s de<strong><mark style=\"background-color:rgba(0, 0, 0, 0)\" class=\"has-inline-color has-custom-violet-color\"> 3\u20ac&nbsp;au guichet billetterie<\/mark><\/strong> pendant le tournoi.<\/li>\n\n\n\n<li>Pour \u00eatre certain(e)&nbsp;d\u2019avoir les&nbsp;meilleurs prix,&nbsp;r\u00e9servez vos billets en ligne d\u00e8s maintenant en cliquant&nbsp;<a href=\"https:\/\/www.billetweb.fr\/pro\/wtastrasbourg2026\" target=\"_blank\" rel=\"noreferrer noopener\">ici<\/a><\/li>\n\n\n\n<li><mark style=\"background-color:rgba(0, 0, 0, 0)\" class=\"has-inline-color has-custom-violet-color\"><strong>Places PMR<\/strong>&nbsp;<\/mark>: billet offert pour les accompagnateurs et tarif Cat\u00e9gorie 1 pour les PMR.<\/li>\n\n\n\n<li>Le tarif r\u00e9duit&nbsp;est valable pour les&nbsp;<strong><mark style=\"background-color:rgba(0, 0, 0, 0)\" class=\"has-inline-color has-custom-violet-color\">-12&nbsp;ans<\/mark><\/strong>&nbsp;uniquement sur la<mark style=\"background-color:rgba(0, 0, 0, 0)\" class=\"has-inline-color has-custom-violet-color\">&nbsp;<strong>cat\u00e9gorie 2<\/strong>,<\/mark>&nbsp;sur pr\u00e9sentation d\u2019un<mark style=\"background-color:rgba(0, 0, 0, 0)\" class=\"has-inline-color has-custom-violet-color\">&nbsp;<strong>justificatif qui sera demand\u00e9 \u00e0 l\u2019entr\u00e9e du site<\/strong>.<\/mark><\/li>\n\n\n\n<li>Pour profiter d\u2019offres sp\u00e9ciales, suivez les actualit\u00e9s sur nos&nbsp;<a href=\"https:\/\/internationaux-strasbourg.fr\/medias-et-presse\/nos-reseaux-sociaux\/\" target=\"_blank\" rel=\"noreferrer noopener\">r\u00e9seaux sociaux<\/a>&nbsp;!<\/li>\n<\/ul>\n\n\n\n<div style=\"height:30px\" aria-hidden=\"true\" class=\"wp-block-spacer\"><\/div>\n\n\n\n<h4 class=\"wp-block-heading\">Comment r\u00e9server ?<\/h4>\n\n\n\n<ul class=\"wp-block-list\">\n<li>Rendez-vous sur notre&nbsp;<a href=\"https:\/\/www.billetweb.fr\/pro\/wtastrasbourg2026\" target=\"_blank\" rel=\"noreferrer noopener\">billetterie en ligne<\/a><\/li>\n\n\n\n<li>Choisissez votre date, votre cat\u00e9gorie et votre place<\/li>\n\n\n\n<li>Offre sp\u00e9ciale : entrez votre code promotionnel avant le paiement, ou s\u00e9lectionnez le tarif r\u00e9duit<\/li>\n\n\n\n<li>F\u00e9licitations ! On vous donne rendez-vous au Tennis Club de Strasbourg<\/li>\n<\/ul>\n\n\n\n<div style=\"height:4px\" aria-hidden=\"true\" class=\"wp-block-spacer\"><\/div>\n\n\n\n<div class=\"wp-block-buttons is-content-justification-center is-layout-flex wp-container-core-buttons-is-layout-a89b3969 wp-block-buttons-is-layout-flex\">\n<div class=\"wp-block-button\"><a class=\"wp-block-button__link wp-element-button\" href=\"https:\/\/internationaux-strasbourg.fr\/fr\/tournoi\/infos-pratiques\/#se-rendre-au-tournoi\">Comment venir aux IS ?<\/a><\/div>\n<\/div>\n\n\n\n<div style=\"height:5px\" aria-hidden=\"true\" class=\"wp-block-spacer\"><\/div>\n\n\n\n<p><\/p>\n","protected":false},"excerpt":{"rendered":"<p>La 40\u00e8me&nbsp;\u00e9dition des Internationaux de Strasbourg, pr\u00e9sent\u00e9s par MAMMOTION se tiendra du 16 au 23 mai 2026, au Tennis Club de Strasbourg (20 Rue Pierre de Coubertin \u00e0 Strasbourg), au pied du Parlement Europ\u00e9en. R\u00e9servez vite vos billets en cliquant ici Cliquez ici, pour avoir un aper\u00e7u du planning pr\u00e9visionnel. Les cat\u00e9gories Il existe&nbsp;plusieurs cat\u00e9gories&nbsp;(cliquez [&hellip;]<\/p>\n","protected":false},"author":2,"featured_media":2916,"parent":2,"menu_order":1,"comment_status":"closed","ping_status":"closed","template":"","meta":{"footnotes":""},"class_list":["post-2897","page","type-page","status-publish","has-post-thumbnail","hentry"],"yoast_head":"<!-- This site is optimized with the Yoast SEO plugin v26.6 - https:\/\/yoast.com\/wordpress\/plugins\/seo\/ -->\n<title>Infos et modalit\u00e9s - INTERNATIONAUX DE STRASBOURG<\/title>\n<meta name=\"description\" content=\"40e \u00e9dition des Internationaux de Strasbourg, du 16 au 23 mai 2026 au Tennis Club de Strasbourg : d\u00e9couvrez toutes les infos billetterie, cat\u00e9gories de places, sessions DAY &amp; EVENING, PASS SEMAINE, tarifs r\u00e9duits et conditions d\u2019acc\u00e8s pour pr\u00e9parer votre venue.\" \/>\n<meta name=\"robots\" content=\"index, follow, max-snippet:-1, max-image-preview:large, max-video-preview:-1\" \/>\n<link rel=\"canonical\" href=\"https:\/\/internationaux-strasbourg.fr\/fr\/billetterie\/infos-et-modalites\/\" \/>\n<meta property=\"og:locale\" content=\"fr_FR\" \/>\n<meta property=\"og:type\" content=\"article\" \/>\n<meta property=\"og:title\" content=\"Infos et modalit\u00e9s - INTERNATIONAUX DE STRASBOURG\" \/>\n<meta property=\"og:description\" content=\"40e \u00e9dition des Internationaux de Strasbourg, du 16 au 23 mai 2026 au Tennis Club de Strasbourg : d\u00e9couvrez toutes les infos billetterie, cat\u00e9gories de places, sessions DAY &amp; EVENING, PASS SEMAINE, tarifs r\u00e9duits et conditions d\u2019acc\u00e8s pour pr\u00e9parer votre venue.\" \/>\n<meta property=\"og:url\" content=\"https:\/\/internationaux-strasbourg.fr\/fr\/billetterie\/infos-et-modalites\/\" \/>\n<meta property=\"og:site_name\" content=\"INTERNATIONAUX DE STRASBOURG\" \/>\n<meta property=\"article:publisher\" content=\"https:\/\/www.facebook.com\/INTERNATIONAUXSTRASBOURG\/\" \/>\n<meta property=\"article:modified_time\" content=\"2026-03-25T10:53:05+00:00\" \/>\n<meta property=\"og:image\" content=\"https:\/\/internationaux-strasbourg.fr\/wp-content\/uploads\/2026\/02\/infos-et-modalites-2.png\" \/>\n\t<meta property=\"og:image:width\" content=\"1080\" \/>\n\t<meta property=\"og:image:height\" content=\"1080\" \/>\n\t<meta property=\"og:image:type\" content=\"image\/png\" \/>\n<meta name=\"twitter:card\" content=\"summary_large_image\" \/>\n<meta name=\"twitter:site\" content=\"@WTA_Strasbourg\" \/>\n<meta name=\"twitter:label1\" content=\"Dur\u00e9e de lecture estim\u00e9e\" \/>\n\t<meta name=\"twitter:data1\" content=\"4 minutes\" \/>\n<script type=\"application\/ld+json\" class=\"yoast-schema-graph\">{\"@context\":\"https:\/\/schema.org\",\"@graph\":[{\"@type\":\"WebPage\",\"@id\":\"https:\/\/internationaux-strasbourg.fr\/fr\/billetterie\/infos-et-modalites\/\",\"url\":\"https:\/\/internationaux-strasbourg.fr\/fr\/billetterie\/infos-et-modalites\/\",\"name\":\"Infos et modalit\u00e9s - INTERNATIONAUX DE STRASBOURG\",\"isPartOf\":{\"@id\":\"https:\/\/internationaux-strasbourg.fr\/fr\/#website\"},\"primaryImageOfPage\":{\"@id\":\"https:\/\/internationaux-strasbourg.fr\/fr\/billetterie\/infos-et-modalites\/#primaryimage\"},\"image\":{\"@id\":\"https:\/\/internationaux-strasbourg.fr\/fr\/billetterie\/infos-et-modalites\/#primaryimage\"},\"thumbnailUrl\":\"https:\/\/internationaux-strasbourg.fr\/wp-content\/uploads\/2026\/02\/infos-et-modalites-2.png\",\"datePublished\":\"2026-02-19T15:45:34+00:00\",\"dateModified\":\"2026-03-25T10:53:05+00:00\",\"description\":\"40e \u00e9dition des Internationaux de Strasbourg, du 16 au 23 mai 2026 au Tennis Club de Strasbourg : d\u00e9couvrez toutes les infos billetterie, cat\u00e9gories de places, sessions DAY & EVENING, PASS SEMAINE, tarifs r\u00e9duits et conditions d\u2019acc\u00e8s pour pr\u00e9parer votre venue.\",\"breadcrumb\":{\"@id\":\"https:\/\/internationaux-strasbourg.fr\/fr\/billetterie\/infos-et-modalites\/#breadcrumb\"},\"inLanguage\":\"fr-FR\",\"potentialAction\":[{\"@type\":\"ReadAction\",\"target\":[\"https:\/\/internationaux-strasbourg.fr\/fr\/billetterie\/infos-et-modalites\/\"]}]},{\"@type\":\"ImageObject\",\"inLanguage\":\"fr-FR\",\"@id\":\"https:\/\/internationaux-strasbourg.fr\/fr\/billetterie\/infos-et-modalites\/#primaryimage\",\"url\":\"https:\/\/internationaux-strasbourg.fr\/wp-content\/uploads\/2026\/02\/infos-et-modalites-2.png\",\"contentUrl\":\"https:\/\/internationaux-strasbourg.fr\/wp-content\/uploads\/2026\/02\/infos-et-modalites-2.png\",\"width\":1080,\"height\":1080},{\"@type\":\"BreadcrumbList\",\"@id\":\"https:\/\/internationaux-strasbourg.fr\/fr\/billetterie\/infos-et-modalites\/#breadcrumb\",\"itemListElement\":[{\"@type\":\"ListItem\",\"position\":1,\"name\":\"Home\",\"item\":\"https:\/\/internationaux-strasbourg.fr\/fr\/\"},{\"@type\":\"ListItem\",\"position\":2,\"name\":\"Infos et modalit\u00e9s\"}]},{\"@type\":\"WebSite\",\"@id\":\"https:\/\/internationaux-strasbourg.fr\/fr\/#website\",\"url\":\"https:\/\/internationaux-strasbourg.fr\/fr\/\",\"name\":\"Internationaux de Strasbourg\",\"description\":\"\",\"publisher\":{\"@id\":\"https:\/\/internationaux-strasbourg.fr\/fr\/#organization\"},\"potentialAction\":[{\"@type\":\"SearchAction\",\"target\":{\"@type\":\"EntryPoint\",\"urlTemplate\":\"https:\/\/internationaux-strasbourg.fr\/fr\/?s={search_term_string}\"},\"query-input\":{\"@type\":\"PropertyValueSpecification\",\"valueRequired\":true,\"valueName\":\"search_term_string\"}}],\"inLanguage\":\"fr-FR\"},{\"@type\":\"Organization\",\"@id\":\"https:\/\/internationaux-strasbourg.fr\/fr\/#organization\",\"name\":\"Internationaux de Strasbourg\",\"url\":\"https:\/\/internationaux-strasbourg.fr\/fr\/\",\"logo\":{\"@type\":\"ImageObject\",\"inLanguage\":\"fr-FR\",\"@id\":\"https:\/\/internationaux-strasbourg.fr\/fr\/#\/schema\/logo\/image\/\",\"url\":\"http:\/\/is.local\/wp-content\/uploads\/2024\/12\/Logo-composite-noir-e1734341181451.png\",\"contentUrl\":\"http:\/\/is.local\/wp-content\/uploads\/2024\/12\/Logo-composite-noir-e1734341181451.png\",\"width\":300,\"height\":103,\"caption\":\"Internationaux de Strasbourg\"},\"image\":{\"@id\":\"https:\/\/internationaux-strasbourg.fr\/fr\/#\/schema\/logo\/image\/\"},\"sameAs\":[\"https:\/\/www.facebook.com\/INTERNATIONAUXSTRASBOURG\/\",\"https:\/\/x.com\/WTA_Strasbourg\",\"https:\/\/www.instagram.com\/WTA_Strasbourg\",\"https:\/\/www.youtube.com\/user\/istennis2014\",\"https:\/\/www.linkedin.com\/showcase\/internationaux-de-strasbourg\/\"]}]}<\/script>\n<!-- \/ Yoast SEO plugin. -->","yoast_head_json":{"title":"Infos et modalit\u00e9s - INTERNATIONAUX DE STRASBOURG","description":"40e \u00e9dition des Internationaux de Strasbourg, du 16 au 23 mai 2026 au Tennis Club de Strasbourg : d\u00e9couvrez toutes les infos billetterie, cat\u00e9gories de places, sessions DAY & EVENING, PASS SEMAINE, tarifs r\u00e9duits et conditions d\u2019acc\u00e8s pour pr\u00e9parer votre venue.","robots":{"index":"index","follow":"follow","max-snippet":"max-snippet:-1","max-image-preview":"max-image-preview:large","max-video-preview":"max-video-preview:-1"},"canonical":"https:\/\/internationaux-strasbourg.fr\/fr\/billetterie\/infos-et-modalites\/","og_locale":"fr_FR","og_type":"article","og_title":"Infos et modalit\u00e9s - INTERNATIONAUX DE STRASBOURG","og_description":"40e \u00e9dition des Internationaux de Strasbourg, du 16 au 23 mai 2026 au Tennis Club de Strasbourg : d\u00e9couvrez toutes les infos billetterie, cat\u00e9gories de places, sessions DAY & EVENING, PASS SEMAINE, tarifs r\u00e9duits et conditions d\u2019acc\u00e8s pour pr\u00e9parer votre venue.","og_url":"https:\/\/internationaux-strasbourg.fr\/fr\/billetterie\/infos-et-modalites\/","og_site_name":"INTERNATIONAUX DE STRASBOURG","article_publisher":"https:\/\/www.facebook.com\/INTERNATIONAUXSTRASBOURG\/","article_modified_time":"2026-03-25T10:53:05+00:00","og_image":[{"width":1080,"height":1080,"url":"https:\/\/internationaux-strasbourg.fr\/wp-content\/uploads\/2026\/02\/infos-et-modalites-2.png","type":"image\/png"}],"twitter_card":"summary_large_image","twitter_site":"@WTA_Strasbourg","twitter_misc":{"Dur\u00e9e de lecture estim\u00e9e":"4 minutes"},"schema":{"@context":"https:\/\/schema.org","@graph":[{"@type":"WebPage","@id":"https:\/\/internationaux-strasbourg.fr\/fr\/billetterie\/infos-et-modalites\/","url":"https:\/\/internationaux-strasbourg.fr\/fr\/billetterie\/infos-et-modalites\/","name":"Infos et modalit\u00e9s - INTERNATIONAUX DE STRASBOURG","isPartOf":{"@id":"https:\/\/internationaux-strasbourg.fr\/fr\/#website"},"primaryImageOfPage":{"@id":"https:\/\/internationaux-strasbourg.fr\/fr\/billetterie\/infos-et-modalites\/#primaryimage"},"image":{"@id":"https:\/\/internationaux-strasbourg.fr\/fr\/billetterie\/infos-et-modalites\/#primaryimage"},"thumbnailUrl":"https:\/\/internationaux-strasbourg.fr\/wp-content\/uploads\/2026\/02\/infos-et-modalites-2.png","datePublished":"2026-02-19T15:45:34+00:00","dateModified":"2026-03-25T10:53:05+00:00","description":"40e \u00e9dition des Internationaux de Strasbourg, du 16 au 23 mai 2026 au Tennis Club de Strasbourg : d\u00e9couvrez toutes les infos billetterie, cat\u00e9gories de places, sessions DAY & EVENING, PASS SEMAINE, tarifs r\u00e9duits et conditions d\u2019acc\u00e8s pour pr\u00e9parer votre venue.","breadcrumb":{"@id":"https:\/\/internationaux-strasbourg.fr\/fr\/billetterie\/infos-et-modalites\/#breadcrumb"},"inLanguage":"fr-FR","potentialAction":[{"@type":"ReadAction","target":["https:\/\/internationaux-strasbourg.fr\/fr\/billetterie\/infos-et-modalites\/"]}]},{"@type":"ImageObject","inLanguage":"fr-FR","@id":"https:\/\/internationaux-strasbourg.fr\/fr\/billetterie\/infos-et-modalites\/#primaryimage","url":"https:\/\/internationaux-strasbourg.fr\/wp-content\/uploads\/2026\/02\/infos-et-modalites-2.png","contentUrl":"https:\/\/internationaux-strasbourg.fr\/wp-content\/uploads\/2026\/02\/infos-et-modalites-2.png","width":1080,"height":1080},{"@type":"BreadcrumbList","@id":"https:\/\/internationaux-strasbourg.fr\/fr\/billetterie\/infos-et-modalites\/#breadcrumb","itemListElement":[{"@type":"ListItem","position":1,"name":"Home","item":"https:\/\/internationaux-strasbourg.fr\/fr\/"},{"@type":"ListItem","position":2,"name":"Infos et modalit\u00e9s"}]},{"@type":"WebSite","@id":"https:\/\/internationaux-strasbourg.fr\/fr\/#website","url":"https:\/\/internationaux-strasbourg.fr\/fr\/","name":"Internationaux de Strasbourg","description":"","publisher":{"@id":"https:\/\/internationaux-strasbourg.fr\/fr\/#organization"},"potentialAction":[{"@type":"SearchAction","target":{"@type":"EntryPoint","urlTemplate":"https:\/\/internationaux-strasbourg.fr\/fr\/?s={search_term_string}"},"query-input":{"@type":"PropertyValueSpecification","valueRequired":true,"valueName":"search_term_string"}}],"inLanguage":"fr-FR"},{"@type":"Organization","@id":"https:\/\/internationaux-strasbourg.fr\/fr\/#organization","name":"Internationaux de Strasbourg","url":"https:\/\/internationaux-strasbourg.fr\/fr\/","logo":{"@type":"ImageObject","inLanguage":"fr-FR","@id":"https:\/\/internationaux-strasbourg.fr\/fr\/#\/schema\/logo\/image\/","url":"http:\/\/is.local\/wp-content\/uploads\/2024\/12\/Logo-composite-noir-e1734341181451.png","contentUrl":"http:\/\/is.local\/wp-content\/uploads\/2024\/12\/Logo-composite-noir-e1734341181451.png","width":300,"height":103,"caption":"Internationaux de Strasbourg"},"image":{"@id":"https:\/\/internationaux-strasbourg.fr\/fr\/#\/schema\/logo\/image\/"},"sameAs":["https:\/\/www.facebook.com\/INTERNATIONAUXSTRASBOURG\/","https:\/\/x.com\/WTA_Strasbourg","https:\/\/www.instagram.com\/WTA_Strasbourg","https:\/\/www.youtube.com\/user\/istennis2014","https:\/\/www.linkedin.com\/showcase\/internationaux-de-strasbourg\/"]}]}},"_links":{"self":[{"href":"https:\/\/internationaux-strasbourg.fr\/fr\/wp-json\/wp\/v2\/pages\/2897","targetHints":{"allow":["GET"]}}],"collection":[{"href":"https:\/\/internationaux-strasbourg.fr\/fr\/wp-json\/wp\/v2\/pages"}],"about":[{"href":"https:\/\/internationaux-strasbourg.fr\/fr\/wp-json\/wp\/v2\/types\/page"}],"author":[{"embeddable":true,"href":"https:\/\/internationaux-strasbourg.fr\/fr\/wp-json\/wp\/v2\/users\/2"}],"replies":[{"embeddable":true,"href":"https:\/\/internationaux-strasbourg.fr\/fr\/wp-json\/wp\/v2\/comments?post=2897"}],"version-history":[{"count":8,"href":"https:\/\/internationaux-strasbourg.fr\/fr\/wp-json\/wp\/v2\/pages\/2897\/revisions"}],"predecessor-version":[{"id":2978,"href":"https:\/\/internationaux-strasbourg.fr\/fr\/wp-json\/wp\/v2\/pages\/2897\/revisions\/2978"}],"up":[{"embeddable":true,"href":"https:\/\/internationaux-strasbourg.fr\/fr\/wp-json\/wp\/v2\/pages\/2"}],"wp:featuredmedia":[{"embeddable":true,"href":"https:\/\/internationaux-strasbourg.fr\/fr\/wp-json\/wp\/v2\/media\/2916"}],"wp:attachment":[{"href":"https:\/\/internationaux-strasbourg.fr\/fr\/wp-json\/wp\/v2\/media?parent=2897"}],"curies":[{"name":"wp","href":"https:\/\/api.w.org\/{rel}","templated":true}]}}