{"id":2869,"date":"2026-02-20T09:10:26","date_gmt":"2026-02-20T09:10:26","guid":{"rendered":"https:\/\/internationaux-strasbourg.fr\/?page_id=2869"},"modified":"2026-04-20T12:24:55","modified_gmt":"2026-04-20T12:24:55","slug":"is26","status":"publish","type":"page","link":"https:\/\/internationaux-strasbourg.fr\/fr\/is26\/","title":{"rendered":"#IS26"},"content":{"rendered":"\n<p><strong>Retrouvez ici toutes les infos des Internationaux de Strasbourg, pr\u00e9sent\u00e9s par MAMMOTION !<\/strong><\/p>\n\n\n\n<div class=\"wp-block-columns is-layout-flex wp-container-core-columns-is-layout-28f84493 wp-block-columns-is-layout-flex\">\n<div class=\"wp-block-column is-layout-flow wp-block-column-is-layout-flow\">\n<figure class=\"wp-block-image size-large\"><a href=\"https:\/\/internationaux-strasbourg.fr\/fr\/tournoi\/infos-pratiques\/\"><img loading=\"lazy\" decoding=\"async\" width=\"1024\" height=\"1024\" src=\"https:\/\/internationaux-strasbourg.fr\/wp-content\/uploads\/2026\/02\/infos-pratiques-1024x1024.png\" alt=\"\" class=\"wp-image-2887\" srcset=\"https:\/\/internationaux-strasbourg.fr\/wp-content\/uploads\/2026\/02\/infos-pratiques-1024x1024.png 1024w, https:\/\/internationaux-strasbourg.fr\/wp-content\/uploads\/2026\/02\/infos-pratiques-300x300.png 300w, https:\/\/internationaux-strasbourg.fr\/wp-content\/uploads\/2026\/02\/infos-pratiques-150x150.png 150w, https:\/\/internationaux-strasbourg.fr\/wp-content\/uploads\/2026\/02\/infos-pratiques-768x768.png 768w, https:\/\/internationaux-strasbourg.fr\/wp-content\/uploads\/2026\/02\/infos-pratiques-12x12.png 12w, https:\/\/internationaux-strasbourg.fr\/wp-content\/uploads\/2026\/02\/infos-pratiques.png 1080w\" sizes=\"auto, (max-width: 1024px) 100vw, 1024px\" \/><\/a><\/figure>\n\n\n\n<div class=\"wp-block-buttons is-content-justification-center is-layout-flex wp-container-core-buttons-is-layout-a89b3969 wp-block-buttons-is-layout-flex\">\n<div class=\"wp-block-button\"><a class=\"wp-block-button__link wp-element-button\" href=\"https:\/\/internationaux-strasbourg.fr\/fr\/tournoi\/infos-pratiques\/\">INFOS PRATIQUES<\/a><\/div>\n<\/div>\n\n\n\n<figure class=\"wp-block-image size-large\"><a href=\"https:\/\/www.billetweb.fr\/pro\/wtastrasbourg2026\"><img loading=\"lazy\" decoding=\"async\" width=\"1024\" height=\"1024\" src=\"https:\/\/internationaux-strasbourg.fr\/wp-content\/uploads\/2026\/02\/la-billetterie-1024x1024.jpg\" alt=\"\" class=\"wp-image-2877\" srcset=\"https:\/\/internationaux-strasbourg.fr\/wp-content\/uploads\/2026\/02\/la-billetterie-1024x1024.jpg 1024w, https:\/\/internationaux-strasbourg.fr\/wp-content\/uploads\/2026\/02\/la-billetterie-300x300.jpg 300w, https:\/\/internationaux-strasbourg.fr\/wp-content\/uploads\/2026\/02\/la-billetterie-150x150.jpg 150w, https:\/\/internationaux-strasbourg.fr\/wp-content\/uploads\/2026\/02\/la-billetterie-768x768.jpg 768w, https:\/\/internationaux-strasbourg.fr\/wp-content\/uploads\/2026\/02\/la-billetterie-12x12.jpg 12w, https:\/\/internationaux-strasbourg.fr\/wp-content\/uploads\/2026\/02\/la-billetterie.jpg 1080w\" sizes=\"auto, (max-width: 1024px) 100vw, 1024px\" \/><\/a><\/figure>\n\n\n\n<div class=\"wp-block-buttons is-content-justification-center is-layout-flex wp-container-core-buttons-is-layout-a89b3969 wp-block-buttons-is-layout-flex\">\n<div class=\"wp-block-button\"><a class=\"wp-block-button__link wp-element-button\" href=\"https:\/\/www.billetweb.fr\/pro\/wtastrasbourg2026\">LA BILLETTERIE<\/a><\/div>\n<\/div>\n<\/div>\n\n\n\n<div class=\"wp-block-column is-layout-flow wp-block-column-is-layout-flow\">\n<figure class=\"wp-block-image size-large\"><a href=\"https:\/\/internationaux-strasbourg.fr\/wp-content\/uploads\/2026\/04\/Programme-previsionnel-IS26.pdf\"><img loading=\"lazy\" decoding=\"async\" width=\"1024\" height=\"1024\" src=\"https:\/\/internationaux-strasbourg.fr\/wp-content\/uploads\/2026\/02\/le-programme-1024x1024.png\" alt=\"\" class=\"wp-image-2870\" srcset=\"https:\/\/internationaux-strasbourg.fr\/wp-content\/uploads\/2026\/02\/le-programme-1024x1024.png 1024w, https:\/\/internationaux-strasbourg.fr\/wp-content\/uploads\/2026\/02\/le-programme-300x300.png 300w, https:\/\/internationaux-strasbourg.fr\/wp-content\/uploads\/2026\/02\/le-programme-150x150.png 150w, https:\/\/internationaux-strasbourg.fr\/wp-content\/uploads\/2026\/02\/le-programme-768x768.png 768w, https:\/\/internationaux-strasbourg.fr\/wp-content\/uploads\/2026\/02\/le-programme-12x12.png 12w, https:\/\/internationaux-strasbourg.fr\/wp-content\/uploads\/2026\/02\/le-programme.png 1080w\" sizes=\"auto, (max-width: 1024px) 100vw, 1024px\" \/><\/a><\/figure>\n\n\n\n<div class=\"wp-block-buttons is-content-justification-center is-layout-flex wp-container-core-buttons-is-layout-72caf8c6 wp-block-buttons-is-layout-flex\">\n<div class=\"wp-block-button\"><a class=\"wp-block-button__link wp-element-button\" href=\"https:\/\/internationaux-strasbourg.fr\/wp-content\/uploads\/2026\/04\/Programme-previsionnel-IS26.pdf\">LE PROGRAMME<\/a><\/div>\n<\/div>\n\n\n\n<figure class=\"wp-block-image size-large\"><img loading=\"lazy\" decoding=\"async\" width=\"1024\" height=\"1024\" src=\"https:\/\/internationaux-strasbourg.fr\/wp-content\/uploads\/2026\/02\/infos-et-modalites-2-1024x1024.png\" alt=\"\" class=\"wp-image-2916\" srcset=\"https:\/\/internationaux-strasbourg.fr\/wp-content\/uploads\/2026\/02\/infos-et-modalites-2-1024x1024.png 1024w, https:\/\/internationaux-strasbourg.fr\/wp-content\/uploads\/2026\/02\/infos-et-modalites-2-300x300.png 300w, https:\/\/internationaux-strasbourg.fr\/wp-content\/uploads\/2026\/02\/infos-et-modalites-2-150x150.png 150w, https:\/\/internationaux-strasbourg.fr\/wp-content\/uploads\/2026\/02\/infos-et-modalites-2-768x768.png 768w, https:\/\/internationaux-strasbourg.fr\/wp-content\/uploads\/2026\/02\/infos-et-modalites-2-12x12.png 12w, https:\/\/internationaux-strasbourg.fr\/wp-content\/uploads\/2026\/02\/infos-et-modalites-2.png 1080w\" sizes=\"auto, (max-width: 1024px) 100vw, 1024px\" \/><\/figure>\n\n\n\n<div class=\"wp-block-buttons is-content-justification-center is-layout-flex wp-container-core-buttons-is-layout-a89b3969 wp-block-buttons-is-layout-flex\">\n<div class=\"wp-block-button\"><a class=\"wp-block-button__link wp-element-button\" href=\"https:\/\/internationaux-strasbourg.fr\/billetterie\/infos-et-modalites\/\">INFOS ET MODALIT\u00c9S<\/a><\/div>\n<\/div>\n<\/div>\n\n\n\n<div class=\"wp-block-column is-layout-flow wp-block-column-is-layout-flow\">\n<figure class=\"wp-block-image size-large\"><a href=\"https:\/\/internationaux-strasbourg.fr\/fr\/le-food-court-des-is26\/\"><img loading=\"lazy\" decoding=\"async\" width=\"1024\" height=\"1024\" src=\"https:\/\/internationaux-strasbourg.fr\/wp-content\/uploads\/2026\/02\/le-food-court-1-1024x1024.jpg\" alt=\"\" class=\"wp-image-2886\" srcset=\"https:\/\/internationaux-strasbourg.fr\/wp-content\/uploads\/2026\/02\/le-food-court-1-1024x1024.jpg 1024w, https:\/\/internationaux-strasbourg.fr\/wp-content\/uploads\/2026\/02\/le-food-court-1-300x300.jpg 300w, https:\/\/internationaux-strasbourg.fr\/wp-content\/uploads\/2026\/02\/le-food-court-1-150x150.jpg 150w, https:\/\/internationaux-strasbourg.fr\/wp-content\/uploads\/2026\/02\/le-food-court-1-768x768.jpg 768w, https:\/\/internationaux-strasbourg.fr\/wp-content\/uploads\/2026\/02\/le-food-court-1-12x12.jpg 12w, https:\/\/internationaux-strasbourg.fr\/wp-content\/uploads\/2026\/02\/le-food-court-1.jpg 1080w\" sizes=\"auto, (max-width: 1024px) 100vw, 1024px\" \/><\/a><\/figure>\n\n\n\n<div class=\"wp-block-buttons is-content-justification-center is-layout-flex wp-container-core-buttons-is-layout-a89b3969 wp-block-buttons-is-layout-flex\">\n<div class=\"wp-block-button\"><a class=\"wp-block-button__link has-text-align-center wp-element-button\" href=\"https:\/\/internationaux-strasbourg.fr\/fr\/le-food-court-des-is26\/\">FOOD COURT<\/a><\/div>\n<\/div>\n\n\n\n<figure class=\"wp-block-image size-large\"><a href=\"https:\/\/internationaux-strasbourg.fr\/fr\/operation-balles-jaunes\/\"><img loading=\"lazy\" decoding=\"async\" width=\"1024\" height=\"1024\" src=\"https:\/\/internationaux-strasbourg.fr\/wp-content\/uploads\/2026\/02\/loperation-BJ-1024x1024.jpg\" alt=\"\" class=\"wp-image-2876\" srcset=\"https:\/\/internationaux-strasbourg.fr\/wp-content\/uploads\/2026\/02\/loperation-BJ-1024x1024.jpg 1024w, https:\/\/internationaux-strasbourg.fr\/wp-content\/uploads\/2026\/02\/loperation-BJ-300x300.jpg 300w, https:\/\/internationaux-strasbourg.fr\/wp-content\/uploads\/2026\/02\/loperation-BJ-150x150.jpg 150w, https:\/\/internationaux-strasbourg.fr\/wp-content\/uploads\/2026\/02\/loperation-BJ-768x768.jpg 768w, https:\/\/internationaux-strasbourg.fr\/wp-content\/uploads\/2026\/02\/loperation-BJ-12x12.jpg 12w, https:\/\/internationaux-strasbourg.fr\/wp-content\/uploads\/2026\/02\/loperation-BJ.jpg 1080w\" sizes=\"auto, (max-width: 1024px) 100vw, 1024px\" \/><\/a><\/figure>\n\n\n\n<div class=\"wp-block-buttons is-content-justification-center is-layout-flex wp-container-core-buttons-is-layout-a89b3969 wp-block-buttons-is-layout-flex\">\n<div class=\"wp-block-button\"><a class=\"wp-block-button__link wp-element-button\" href=\"https:\/\/internationaux-strasbourg.fr\/fr\/operation-balles-jaunes\/#:~:text=Dans%20le%20cadre%20de%20notre,fut%20%C3%A0%20nouveau%20un%20succ%C3%A8s%20!\">L&rsquo;OPE BALLES JAUNES<\/a><\/div>\n<\/div>\n<\/div>\n<\/div>\n\n\n\n<div style=\"height:29px\" aria-hidden=\"true\" class=\"wp-block-spacer\"><\/div>\n\n\n\n<hr class=\"wp-block-separator has-alpha-channel-opacity\"\/>\n\n\n\n<div style=\"height:7px\" aria-hidden=\"true\" class=\"wp-block-spacer\"><\/div>\n\n\n\n<p class=\"has-text-align-center\">Pour plus d&rsquo;informations, n&rsquo;h\u00e9sitez pas \u00e0 nous contacter !<\/p>\n\n\n\n<div class=\"wp-block-buttons is-content-justification-center is-layout-flex wp-container-core-buttons-is-layout-a89b3969 wp-block-buttons-is-layout-flex\">\n<div class=\"wp-block-button\"><a class=\"wp-block-button__link wp-element-button\" href=\"https:\/\/internationaux-strasbourg.fr\/contact\/\">CONTACT<\/a><\/div>\n<\/div>\n\n\n\n<p><\/p>\n","protected":false},"excerpt":{"rendered":"<p>Retrouvez ici toutes les infos des Internationaux de Strasbourg, pr\u00e9sent\u00e9s par MAMMOTION ! Pour plus d&rsquo;informations, n&rsquo;h\u00e9sitez pas \u00e0 nous contacter !<\/p>\n","protected":false},"author":2,"featured_media":2920,"parent":0,"menu_order":0,"comment_status":"closed","ping_status":"closed","template":"","meta":{"footnotes":""},"class_list":["post-2869","page","type-page","status-publish","has-post-thumbnail","hentry"],"yoast_head":"<!-- This site is optimized with the Yoast SEO plugin v26.6 - https:\/\/yoast.com\/wordpress\/plugins\/seo\/ -->\n<title>#IS26 - INTERNATIONAUX DE STRASBOURG<\/title>\n<meta name=\"robots\" content=\"index, follow, max-snippet:-1, max-image-preview:large, max-video-preview:-1\" \/>\n<link rel=\"canonical\" href=\"https:\/\/internationaux-strasbourg.fr\/fr\/is26\/\" \/>\n<meta property=\"og:locale\" content=\"fr_FR\" \/>\n<meta property=\"og:type\" content=\"article\" \/>\n<meta property=\"og:title\" content=\"#IS26 - INTERNATIONAUX DE STRASBOURG\" \/>\n<meta property=\"og:description\" content=\"Retrouvez ici toutes les infos des Internationaux de Strasbourg, pr\u00e9sent\u00e9s par MAMMOTION ! Pour plus d&rsquo;informations, n&rsquo;h\u00e9sitez pas \u00e0 nous contacter !\" \/>\n<meta property=\"og:url\" content=\"https:\/\/internationaux-strasbourg.fr\/fr\/is26\/\" \/>\n<meta property=\"og:site_name\" content=\"INTERNATIONAUX DE STRASBOURG\" \/>\n<meta property=\"article:publisher\" content=\"https:\/\/www.facebook.com\/INTERNATIONAUXSTRASBOURG\/\" \/>\n<meta property=\"article:modified_time\" content=\"2026-04-20T12:24:55+00:00\" \/>\n<meta property=\"og:image\" content=\"https:\/\/internationaux-strasbourg.fr\/wp-content\/uploads\/2026\/02\/IS26.png\" \/>\n\t<meta property=\"og:image:width\" content=\"1080\" \/>\n\t<meta property=\"og:image:height\" content=\"1080\" \/>\n\t<meta property=\"og:image:type\" content=\"image\/png\" \/>\n<meta name=\"twitter:card\" content=\"summary_large_image\" \/>\n<meta name=\"twitter:site\" content=\"@WTA_Strasbourg\" \/>\n<meta name=\"twitter:label1\" content=\"Dur\u00e9e de lecture estim\u00e9e\" \/>\n\t<meta name=\"twitter:data1\" content=\"2 minutes\" \/>\n<script type=\"application\/ld+json\" class=\"yoast-schema-graph\">{\"@context\":\"https:\/\/schema.org\",\"@graph\":[{\"@type\":\"WebPage\",\"@id\":\"https:\/\/internationaux-strasbourg.fr\/fr\/is26\/\",\"url\":\"https:\/\/internationaux-strasbourg.fr\/fr\/is26\/\",\"name\":\"#IS26 - INTERNATIONAUX DE STRASBOURG\",\"isPartOf\":{\"@id\":\"https:\/\/internationaux-strasbourg.fr\/fr\/#website\"},\"primaryImageOfPage\":{\"@id\":\"https:\/\/internationaux-strasbourg.fr\/fr\/is26\/#primaryimage\"},\"image\":{\"@id\":\"https:\/\/internationaux-strasbourg.fr\/fr\/is26\/#primaryimage\"},\"thumbnailUrl\":\"https:\/\/internationaux-strasbourg.fr\/wp-content\/uploads\/2026\/02\/IS26.png\",\"datePublished\":\"2026-02-20T09:10:26+00:00\",\"dateModified\":\"2026-04-20T12:24:55+00:00\",\"breadcrumb\":{\"@id\":\"https:\/\/internationaux-strasbourg.fr\/fr\/is26\/#breadcrumb\"},\"inLanguage\":\"fr-FR\",\"potentialAction\":[{\"@type\":\"ReadAction\",\"target\":[\"https:\/\/internationaux-strasbourg.fr\/fr\/is26\/\"]}]},{\"@type\":\"ImageObject\",\"inLanguage\":\"fr-FR\",\"@id\":\"https:\/\/internationaux-strasbourg.fr\/fr\/is26\/#primaryimage\",\"url\":\"https:\/\/internationaux-strasbourg.fr\/wp-content\/uploads\/2026\/02\/IS26.png\",\"contentUrl\":\"https:\/\/internationaux-strasbourg.fr\/wp-content\/uploads\/2026\/02\/IS26.png\",\"width\":1080,\"height\":1080},{\"@type\":\"BreadcrumbList\",\"@id\":\"https:\/\/internationaux-strasbourg.fr\/fr\/is26\/#breadcrumb\",\"itemListElement\":[{\"@type\":\"ListItem\",\"position\":1,\"name\":\"Home\",\"item\":\"https:\/\/internationaux-strasbourg.fr\/fr\/\"},{\"@type\":\"ListItem\",\"position\":2,\"name\":\"#IS26\"}]},{\"@type\":\"WebSite\",\"@id\":\"https:\/\/internationaux-strasbourg.fr\/fr\/#website\",\"url\":\"https:\/\/internationaux-strasbourg.fr\/fr\/\",\"name\":\"Internationaux de Strasbourg\",\"description\":\"\",\"publisher\":{\"@id\":\"https:\/\/internationaux-strasbourg.fr\/fr\/#organization\"},\"potentialAction\":[{\"@type\":\"SearchAction\",\"target\":{\"@type\":\"EntryPoint\",\"urlTemplate\":\"https:\/\/internationaux-strasbourg.fr\/fr\/?s={search_term_string}\"},\"query-input\":{\"@type\":\"PropertyValueSpecification\",\"valueRequired\":true,\"valueName\":\"search_term_string\"}}],\"inLanguage\":\"fr-FR\"},{\"@type\":\"Organization\",\"@id\":\"https:\/\/internationaux-strasbourg.fr\/fr\/#organization\",\"name\":\"Internationaux de Strasbourg\",\"url\":\"https:\/\/internationaux-strasbourg.fr\/fr\/\",\"logo\":{\"@type\":\"ImageObject\",\"inLanguage\":\"fr-FR\",\"@id\":\"https:\/\/internationaux-strasbourg.fr\/fr\/#\/schema\/logo\/image\/\",\"url\":\"http:\/\/is.local\/wp-content\/uploads\/2024\/12\/Logo-composite-noir-e1734341181451.png\",\"contentUrl\":\"http:\/\/is.local\/wp-content\/uploads\/2024\/12\/Logo-composite-noir-e1734341181451.png\",\"width\":300,\"height\":103,\"caption\":\"Internationaux de Strasbourg\"},\"image\":{\"@id\":\"https:\/\/internationaux-strasbourg.fr\/fr\/#\/schema\/logo\/image\/\"},\"sameAs\":[\"https:\/\/www.facebook.com\/INTERNATIONAUXSTRASBOURG\/\",\"https:\/\/x.com\/WTA_Strasbourg\",\"https:\/\/www.instagram.com\/WTA_Strasbourg\",\"https:\/\/www.youtube.com\/user\/istennis2014\",\"https:\/\/www.linkedin.com\/showcase\/internationaux-de-strasbourg\/\"]}]}<\/script>\n<!-- \/ Yoast SEO plugin. -->","yoast_head_json":{"title":"#IS26 - INTERNATIONAUX DE STRASBOURG","robots":{"index":"index","follow":"follow","max-snippet":"max-snippet:-1","max-image-preview":"max-image-preview:large","max-video-preview":"max-video-preview:-1"},"canonical":"https:\/\/internationaux-strasbourg.fr\/fr\/is26\/","og_locale":"fr_FR","og_type":"article","og_title":"#IS26 - INTERNATIONAUX DE STRASBOURG","og_description":"Retrouvez ici toutes les infos des Internationaux de Strasbourg, pr\u00e9sent\u00e9s par MAMMOTION ! Pour plus d&rsquo;informations, n&rsquo;h\u00e9sitez pas \u00e0 nous contacter !","og_url":"https:\/\/internationaux-strasbourg.fr\/fr\/is26\/","og_site_name":"INTERNATIONAUX DE STRASBOURG","article_publisher":"https:\/\/www.facebook.com\/INTERNATIONAUXSTRASBOURG\/","article_modified_time":"2026-04-20T12:24:55+00:00","og_image":[{"width":1080,"height":1080,"url":"https:\/\/internationaux-strasbourg.fr\/wp-content\/uploads\/2026\/02\/IS26.png","type":"image\/png"}],"twitter_card":"summary_large_image","twitter_site":"@WTA_Strasbourg","twitter_misc":{"Dur\u00e9e de lecture estim\u00e9e":"2 minutes"},"schema":{"@context":"https:\/\/schema.org","@graph":[{"@type":"WebPage","@id":"https:\/\/internationaux-strasbourg.fr\/fr\/is26\/","url":"https:\/\/internationaux-strasbourg.fr\/fr\/is26\/","name":"#IS26 - INTERNATIONAUX DE STRASBOURG","isPartOf":{"@id":"https:\/\/internationaux-strasbourg.fr\/fr\/#website"},"primaryImageOfPage":{"@id":"https:\/\/internationaux-strasbourg.fr\/fr\/is26\/#primaryimage"},"image":{"@id":"https:\/\/internationaux-strasbourg.fr\/fr\/is26\/#primaryimage"},"thumbnailUrl":"https:\/\/internationaux-strasbourg.fr\/wp-content\/uploads\/2026\/02\/IS26.png","datePublished":"2026-02-20T09:10:26+00:00","dateModified":"2026-04-20T12:24:55+00:00","breadcrumb":{"@id":"https:\/\/internationaux-strasbourg.fr\/fr\/is26\/#breadcrumb"},"inLanguage":"fr-FR","potentialAction":[{"@type":"ReadAction","target":["https:\/\/internationaux-strasbourg.fr\/fr\/is26\/"]}]},{"@type":"ImageObject","inLanguage":"fr-FR","@id":"https:\/\/internationaux-strasbourg.fr\/fr\/is26\/#primaryimage","url":"https:\/\/internationaux-strasbourg.fr\/wp-content\/uploads\/2026\/02\/IS26.png","contentUrl":"https:\/\/internationaux-strasbourg.fr\/wp-content\/uploads\/2026\/02\/IS26.png","width":1080,"height":1080},{"@type":"BreadcrumbList","@id":"https:\/\/internationaux-strasbourg.fr\/fr\/is26\/#breadcrumb","itemListElement":[{"@type":"ListItem","position":1,"name":"Home","item":"https:\/\/internationaux-strasbourg.fr\/fr\/"},{"@type":"ListItem","position":2,"name":"#IS26"}]},{"@type":"WebSite","@id":"https:\/\/internationaux-strasbourg.fr\/fr\/#website","url":"https:\/\/internationaux-strasbourg.fr\/fr\/","name":"Internationaux de Strasbourg","description":"","publisher":{"@id":"https:\/\/internationaux-strasbourg.fr\/fr\/#organization"},"potentialAction":[{"@type":"SearchAction","target":{"@type":"EntryPoint","urlTemplate":"https:\/\/internationaux-strasbourg.fr\/fr\/?s={search_term_string}"},"query-input":{"@type":"PropertyValueSpecification","valueRequired":true,"valueName":"search_term_string"}}],"inLanguage":"fr-FR"},{"@type":"Organization","@id":"https:\/\/internationaux-strasbourg.fr\/fr\/#organization","name":"Internationaux de Strasbourg","url":"https:\/\/internationaux-strasbourg.fr\/fr\/","logo":{"@type":"ImageObject","inLanguage":"fr-FR","@id":"https:\/\/internationaux-strasbourg.fr\/fr\/#\/schema\/logo\/image\/","url":"http:\/\/is.local\/wp-content\/uploads\/2024\/12\/Logo-composite-noir-e1734341181451.png","contentUrl":"http:\/\/is.local\/wp-content\/uploads\/2024\/12\/Logo-composite-noir-e1734341181451.png","width":300,"height":103,"caption":"Internationaux de Strasbourg"},"image":{"@id":"https:\/\/internationaux-strasbourg.fr\/fr\/#\/schema\/logo\/image\/"},"sameAs":["https:\/\/www.facebook.com\/INTERNATIONAUXSTRASBOURG\/","https:\/\/x.com\/WTA_Strasbourg","https:\/\/www.instagram.com\/WTA_Strasbourg","https:\/\/www.youtube.com\/user\/istennis2014","https:\/\/www.linkedin.com\/showcase\/internationaux-de-strasbourg\/"]}]}},"_links":{"self":[{"href":"https:\/\/internationaux-strasbourg.fr\/fr\/wp-json\/wp\/v2\/pages\/2869","targetHints":{"allow":["GET"]}}],"collection":[{"href":"https:\/\/internationaux-strasbourg.fr\/fr\/wp-json\/wp\/v2\/pages"}],"about":[{"href":"https:\/\/internationaux-strasbourg.fr\/fr\/wp-json\/wp\/v2\/types\/page"}],"author":[{"embeddable":true,"href":"https:\/\/internationaux-strasbourg.fr\/fr\/wp-json\/wp\/v2\/users\/2"}],"replies":[{"embeddable":true,"href":"https:\/\/internationaux-strasbourg.fr\/fr\/wp-json\/wp\/v2\/comments?post=2869"}],"version-history":[{"count":15,"href":"https:\/\/internationaux-strasbourg.fr\/fr\/wp-json\/wp\/v2\/pages\/2869\/revisions"}],"predecessor-version":[{"id":3060,"href":"https:\/\/internationaux-strasbourg.fr\/fr\/wp-json\/wp\/v2\/pages\/2869\/revisions\/3060"}],"wp:featuredmedia":[{"embeddable":true,"href":"https:\/\/internationaux-strasbourg.fr\/fr\/wp-json\/wp\/v2\/media\/2920"}],"wp:attachment":[{"href":"https:\/\/internationaux-strasbourg.fr\/fr\/wp-json\/wp\/v2\/media?parent=2869"}],"curies":[{"name":"wp","href":"https:\/\/api.w.org\/{rel}","templated":true}]}}