{"id":2231,"date":"2025-05-04T13:46:38","date_gmt":"2025-05-04T13:46:38","guid":{"rendered":"https:\/\/internationaux-strasbourg.fr\/?page_id=2231"},"modified":"2025-05-21T19:29:35","modified_gmt":"2025-05-21T19:29:35","slug":"programme-is25","status":"publish","type":"page","link":"https:\/\/internationaux-strasbourg.fr\/fr\/programme-is25\/","title":{"rendered":"Programme #IS25"},"content":{"rendered":"\n<h4 class=\"wp-block-heading\"><mark style=\"background-color:rgba(0, 0, 0, 0)\" class=\"has-inline-color has-custom-violet-color\">Programme pr\u00e9visionnel<\/mark><\/h4>\n\n\n\n<div style=\"height:5px\" aria-hidden=\"true\" class=\"wp-block-spacer\"><\/div>\n\n\n\n<div class=\"wp-block-buttons is-content-justification-left is-layout-flex wp-container-core-buttons-is-layout-fc4fd283 wp-block-buttons-is-layout-flex\">\n<div class=\"wp-block-button\"><a class=\"wp-block-button__link wp-element-button\" href=\"https:\/\/internationaux-strasbourg.fr\/wp-content\/uploads\/2025\/04\/programme-previ-VFF.pdf\" target=\"_blank\" rel=\"noreferrer noopener\">CONSULTER LE PROGRAMME PR\u00c9VISIONNEL DES MATCHS DE LA SEMAINE<\/a><\/div>\n<\/div>\n\n\n\n<div style=\"height:5px\" aria-hidden=\"true\" class=\"wp-block-spacer\"><\/div>\n\n\n\n<h4 class=\"wp-block-heading\"><mark style=\"background-color:rgba(0, 0, 0, 0)\" class=\"has-inline-color has-custom-orange-color\">Programme d\u00e9taill\u00e9 jour par jour<\/mark> <mark style=\"background-color:rgba(0, 0, 0, 0)\" class=\"has-inline-color has-custom-orange-color\">:<\/mark><\/h4>\n\n\n\n<p><a href=\"#samedi17mai\">&gt; Samedi 17 mai<\/a><br><a href=\"#dimanche18mai\">&gt; Dimanche 18 mai<\/a><br><a href=\"#lundi19mai\">&gt; Lundi 19 mai<\/a><br><a href=\"#mardi20mai\">&gt; Mardi 20 mai<\/a><br><a href=\"#mercredi21mai\">&gt; Mercredi 21 mai<\/a><br><a href=\"#jeudi22mai\">&gt; Jeudi 22 mai<\/a><br><a href=\"#vendredi23mai\">&gt; Vendredi 23 mai<\/a><br><a href=\"#samedi24mai\">&gt; Samedi 24 mai<\/a><\/p>\n\n\n\n<hr class=\"wp-block-separator has-alpha-channel-opacity\"\/>\n\n\n\n<h4 class=\"wp-block-heading\" id=\"samedi17mai\"><mark style=\"background-color:rgba(0, 0, 0, 0)\" class=\"has-inline-color has-custom-violet-color\"><strong>Samedi 17 mai <\/strong><\/mark><\/h4>\n\n\n\n<h3 class=\"wp-block-heading\"><mark style=\"background-color:rgba(0, 0, 0, 0)\" class=\"has-inline-color has-custom-violet-color\">Qualifications<\/mark><\/h3>\n\n\n\n<ul class=\"wp-block-list\">\n<li>Ouverture des portes \u00e0 10h<\/li>\n\n\n\n<li>D\u00e9but des rencontres \u00e0 11h (8 matchs : 3 sur le Court Central et 5 sur les Courts n\u00b01 et n\u00b02)<\/li>\n\n\n\n<li>D\u00e9but du brunch VIP \u00e0 11h &#8211; <a href=\"https:\/\/www.billetweb.fr\/brunch-samedi-17-mai-2025&amp;multi=40015&amp;margin=no_margin&amp;color=52227a&amp;parent=wtastrasbourg2025&amp;margin=no_margin&amp;color=52227a\" target=\"_blank\" rel=\"noreferrer noopener\">J&rsquo;ach\u00e8te mes places<\/a><\/li>\n\n\n\n<li>D\u00e9but du concert de Yannick Noah \u00e0 20h &#8211; <a href=\"https:\/\/www.billetweb.fr\/sam-17-concert-yannick-noah&amp;multi=40015&amp;margin=no_margin&amp;color=52227a&amp;parent=wtastrasbourg2025&amp;margin=no_margin&amp;color=52227a\" target=\"_blank\" rel=\"noreferrer noopener\">J&rsquo;ach\u00e8te mes places<\/a><\/li>\n<\/ul>\n\n\n\n<div style=\"height:5px\" aria-hidden=\"true\" class=\"wp-block-spacer\"><\/div>\n\n\n\n<hr class=\"wp-block-separator has-alpha-channel-opacity\"\/>\n\n\n\n<h4 class=\"wp-block-heading\" id=\"dimanche18mai\"><mark style=\"background-color:rgba(0, 0, 0, 0)\" class=\"has-inline-color has-custom-violet-color\"><strong>Dimanche 18 mai<\/strong><\/mark><\/h4>\n\n\n\n<h3 class=\"wp-block-heading\"><mark style=\"background-color:rgba(0, 0, 0, 0)\" class=\"has-inline-color has-custom-violet-color\">Qualifications et 1<sup>er<\/sup> tour du tableau final<\/mark><\/h3>\n\n\n\n<p><strong><mark style=\"background-color:rgba(0, 0, 0, 0)\" class=\"has-inline-color has-custom-vert-color\">Journ\u00e9e des familles<\/mark><\/strong><\/p>\n\n\n\n<ul class=\"wp-block-list\">\n<li>Ouverture des portes \u00e0 10h<\/li>\n\n\n\n<li>D\u00e9but des rencontres \u00e0 11h (11 matchs : 4 sur le Court Central et 7 sur les Courts n\u00b01 et n\u00b02)<\/li>\n<\/ul>\n\n\n\n<div style=\"height:5px\" aria-hidden=\"true\" class=\"wp-block-spacer\"><\/div>\n\n\n\n<hr class=\"wp-block-separator has-alpha-channel-opacity\"\/>\n\n\n\n<h4 class=\"wp-block-heading\" id=\"lundi19mai\"><mark style=\"background-color:rgba(0, 0, 0, 0)\" class=\"has-inline-color has-custom-violet-color\"><strong>Lundi 19 mai<\/strong><\/mark><\/h4>\n\n\n\n<h3 class=\"wp-block-heading\"><mark style=\"background-color:rgba(0, 0, 0, 0)\" class=\"has-inline-color has-custom-violet-color\">1<sup>er<\/sup> tour du tableau final <\/mark><\/h3>\n\n\n\n<p><mark style=\"background-color:rgba(0, 0, 0, 0)\" class=\"has-inline-color has-custom-noir-color\"><em><strong>SESSION DAY : <\/strong><\/em><\/mark><\/p>\n\n\n\n<ul class=\"wp-block-list\">\n<li>Ouverture des portes \u00e0 10h<\/li>\n\n\n\n<li>D\u00e9but des rencontres \u00e0 11h (10 matchs : 3 sur le Court Central et 7 sur les Courts n\u00b01 et n\u00b02)<\/li>\n<\/ul>\n\n\n\n<p><em><mark style=\"background-color:rgba(0, 0, 0, 0)\" class=\"has-inline-color has-custom-noir-color\"><strong>SESSION EVENING : <\/strong><\/mark><\/em><\/p>\n\n\n\n<ul class=\"wp-block-list\">\n<li>D\u00e9but du dernier match du jour pas avant 17h30 (1 match sur le Court Central)<\/li>\n<\/ul>\n\n\n\n<div style=\"height:5px\" aria-hidden=\"true\" class=\"wp-block-spacer\"><\/div>\n\n\n\n<hr class=\"wp-block-separator has-alpha-channel-opacity\"\/>\n\n\n\n<h4 class=\"wp-block-heading\" id=\"mardi20mai\"><mark style=\"background-color:rgba(0, 0, 0, 0)\" class=\"has-inline-color has-custom-violet-color\"><strong>Mardi 20 mai<\/strong><\/mark><\/h4>\n\n\n\n<h3 class=\"wp-block-heading\" id=\"mardi20mai\"><mark style=\"background-color:rgba(0, 0, 0, 0)\" class=\"has-inline-color has-custom-violet-color\">Huiti\u00e8mes de finale<\/mark><\/h3>\n\n\n\n<p><strong><mark style=\"background-color:rgba(0, 0, 0, 0)\" class=\"has-inline-color has-custom-vert-color\">Journ\u00e9e du handicap<\/mark><\/strong><\/p>\n\n\n\n<p><strong><mark style=\"background-color:rgba(0, 0, 0, 0)\" class=\"has-inline-color has-custom-noir-color\"><em>SESSION DAY : <\/em><\/mark><\/strong><\/p>\n\n\n\n<ul class=\"wp-block-list\">\n<li>Ouverture des portes \u00e0 10h<\/li>\n\n\n\n<li>D\u00e9but des rencontres \u00e0 11h (6 matchs : 3 sur le Court Central et 3 doubles sur le Court n\u00b01)<\/li>\n<\/ul>\n\n\n\n<p><strong><mark style=\"background-color:rgba(0, 0, 0, 0)\" class=\"has-inline-color has-custom-noir-color\"><em>SESSION EVENING : <\/em><\/mark><\/strong><\/p>\n\n\n\n<ul class=\"wp-block-list\">\n<li>D\u00e9but du dernier match du jour pas avant 17h30 (1 match sur le Court Central)<\/li>\n<\/ul>\n\n\n\n<div style=\"height:5px\" aria-hidden=\"true\" class=\"wp-block-spacer\"><\/div>\n\n\n\n<hr class=\"wp-block-separator has-alpha-channel-opacity\"\/>\n\n\n\n<h4 class=\"wp-block-heading\" id=\"mercredi21mai\"><mark style=\"background-color:rgba(0, 0, 0, 0)\" class=\"has-inline-color has-custom-violet-color\"><strong>Mercredi 21 mai<\/strong><\/mark><\/h4>\n\n\n\n<h3 class=\"wp-block-heading\"><mark style=\"background-color:rgba(0, 0, 0, 0)\" class=\"has-inline-color has-custom-violet-color\">Huiti\u00e8mes de finale<\/mark><\/h3>\n\n\n\n<p><strong><mark style=\"background-color:rgba(0, 0, 0, 0)\" class=\"has-inline-color has-custom-vert-color\">Journ\u00e9e des enfants<\/mark><\/strong><\/p>\n\n\n\n<p><strong><em><mark style=\"background-color:rgba(0, 0, 0, 0)\" class=\"has-inline-color has-custom-noir-color\">SESSION DAY : <\/mark><\/em><\/strong><\/p>\n\n\n\n<ul class=\"wp-block-list\">\n<li>Ouverture des portes \u00e0 10h<\/li>\n\n\n\n<li>D\u00e9but des rencontres \u00e0 11h (6 matchs : 3 sur le Court Central et 3 doubles sur le Court n\u00b01)<\/li>\n<\/ul>\n\n\n\n<p><strong><em><mark style=\"background-color:rgba(0, 0, 0, 0)\" class=\"has-inline-color has-custom-noir-color\">SESSION EVENING : <\/mark><\/em><\/strong><\/p>\n\n\n\n<ul class=\"wp-block-list\">\n<li>D\u00e9but du dernier match du jour pas avant 17h30 (1 match sur le Court Central)<\/li>\n<\/ul>\n\n\n\n<p><strong><em><mark style=\"background-color:rgba(0, 0, 0, 0)\" class=\"has-inline-color has-custom-noir-color\">L&rsquo;APR\u00c8S-MATCH : <\/mark><\/em><\/strong><\/p>\n\n\n\n<ul class=\"wp-block-list\">\n<li>Concert dans l&rsquo;espace grand public, apr\u00e8s le dernier match du jour<\/li>\n\n\n\n<li>By Zed Drixhen, by Tennis Backstage &#8211; <a href=\"https:\/\/www.billetweb.fr\/lapres-matchs-aux-internationaux-de-strasbourg&amp;multi=40015&amp;margin=no_margin&amp;color=52227a&amp;parent=wtastrasbourg2025&amp;margin=no_margin&amp;color=52227a\" target=\"_blank\" rel=\"noreferrer noopener\">Je prends ma place<\/a><\/li>\n<\/ul>\n\n\n\n<div style=\"height:5px\" aria-hidden=\"true\" class=\"wp-block-spacer\"><\/div>\n\n\n\n<hr class=\"wp-block-separator has-alpha-channel-opacity\"\/>\n\n\n\n<h4 class=\"wp-block-heading\" id=\"jeudi22mai\"><mark style=\"background-color:rgba(0, 0, 0, 0)\" class=\"has-inline-color has-custom-violet-color\">Jeudi 22 mai<\/mark><\/h4>\n\n\n\n<h3 class=\"wp-block-heading\"><mark style=\"background-color:rgba(0, 0, 0, 0)\" class=\"has-inline-color has-custom-violet-color\">Quarts de finale<\/mark><\/h3>\n\n\n\n<p><strong><mark style=\"background-color:rgba(0, 0, 0, 0)\" class=\"has-inline-color has-custom-vert-color\">Journ\u00e9e des femmes<\/mark><\/strong><\/p>\n\n\n\n<p><strong><em><mark style=\"background-color:rgba(0, 0, 0, 0)\" class=\"has-inline-color has-custom-noir-color\">SESSION DAY : <\/mark><\/em><\/strong><\/p>\n\n\n\n<ul class=\"wp-block-list\">\n<li>Ouverture des portes \u00e0 10h<\/li>\n\n\n\n<li>D\u00e9but des rencontres \u00e0 11h (4 matchs : 3 sur le Court Central et 1 sur le Court n\u00b01)<\/li>\n<\/ul>\n\n\n\n<p><strong><em>SESSION EVENING : <\/em><\/strong><\/p>\n\n\n\n<ul class=\"wp-block-list\">\n<li>D\u00e9but du dernier match du jour pas avant 17h30 (1 match sur le Court Central)<\/li>\n<\/ul>\n\n\n\n<p><strong><em>L&rsquo;APR\u00c8S-MATCH :<\/em><\/strong><\/p>\n\n\n\n<ul class=\"wp-block-list\">\n<li>Concert dans l&rsquo;espace grand public, apr\u00e8s le dernier match du jour<\/li>\n\n\n\n<li>By Jimi Jacks et son collectif &#8211; Ambiance salsa\/cubaine &#8211; <a href=\"https:\/\/www.billetweb.fr\/lapres-matchs-aux-internationaux-de-strasbourg&amp;multi=40015&amp;margin=no_margin&amp;color=52227a&amp;parent=wtastrasbourg2025&amp;margin=no_margin&amp;color=52227a\" target=\"_blank\" rel=\"noreferrer noopener\">Je prends ma place<\/a><\/li>\n<\/ul>\n\n\n\n<div style=\"height:5px\" aria-hidden=\"true\" class=\"wp-block-spacer\"><\/div>\n\n\n\n<hr class=\"wp-block-separator has-alpha-channel-opacity\"\/>\n\n\n\n<h4 class=\"wp-block-heading\" id=\"vendredi23mai\"><mark style=\"background-color:rgba(0, 0, 0, 0)\" class=\"has-inline-color has-custom-violet-color\">VENDREDI 23 MAI<\/mark><\/h4>\n\n\n\n<h3 class=\"wp-block-heading\"><mark style=\"background-color:rgba(0, 0, 0, 0)\" class=\"has-inline-color has-custom-violet-color\">Demi-finales<\/mark><\/h3>\n\n\n\n<p><strong><em>SESSION DAY : <\/em><\/strong><\/p>\n\n\n\n<ul class=\"wp-block-list\">\n<li>Ouverture des portes \u00e0 11h<\/li>\n\n\n\n<li>\u00c0 12h : demi-finale double<\/li>\n\n\n\n<li>Pas avant 14h30 : 1<sup>\u00e8re<\/sup> demi-finale simple<\/li>\n<\/ul>\n\n\n\n<p><strong><em>SESSION EVENING :<\/em><\/strong> <\/p>\n\n\n\n<ul class=\"wp-block-list\">\n<li>Pas avant 16h30 : 2<sup>\u00e8me <\/sup>demi-finale simple<\/li>\n<\/ul>\n\n\n\n<p><strong><em>L&rsquo;APR\u00c8S-MATCH : <\/em><\/strong><\/p>\n\n\n\n<ul class=\"wp-block-list\">\n<li>Concert dans l&rsquo;espace grand public, apr\u00e8s le dernier match du jour<\/li>\n\n\n\n<li>By Va leur dire Association &#8211; musique urbaine &#8211; <a href=\"https:\/\/www.billetweb.fr\/lapres-matchs-aux-internationaux-de-strasbourg&amp;multi=40015&amp;margin=no_margin&amp;color=52227a&amp;parent=wtastrasbourg2025&amp;margin=no_margin&amp;color=52227a\" target=\"_blank\" rel=\"noreferrer noopener\">Je prends ma place<\/a><\/li>\n<\/ul>\n\n\n\n<div style=\"height:5px\" aria-hidden=\"true\" class=\"wp-block-spacer\"><\/div>\n\n\n\n<hr class=\"wp-block-separator has-alpha-channel-opacity\"\/>\n\n\n\n<h4 class=\"wp-block-heading\" id=\"samedi24mai\"><mark style=\"background-color:rgba(0, 0, 0, 0)\" class=\"has-inline-color has-custom-violet-color\">Samedi 24 mai<\/mark><\/h4>\n\n\n\n<ul class=\"wp-block-list\">\n<li>Ouverture des portes \u00e0 10h30<\/li>\n\n\n\n<li>D\u00e9but de la finale double \u00e0 11h30<\/li>\n\n\n\n<li>Pas avant 14h : finale simple<\/li>\n<\/ul>\n\n\n\n<p><strong><em>L&rsquo;APR\u00c8S-MATCH : <\/em><\/strong><\/p>\n\n\n\n<ul class=\"wp-block-list\">\n<li>Concert dans l&rsquo;espace grand public, apr\u00e8s la finale<\/li>\n\n\n\n<li>By Tennis Backstage avec Symbas &amp; Zep Drixhen &#8211; <a href=\"https:\/\/www.billetweb.fr\/lapres-matchs-aux-internationaux-de-strasbourg&amp;multi=40015&amp;margin=no_margin&amp;color=52227a&amp;parent=wtastrasbourg2025&amp;margin=no_margin&amp;color=52227a\" target=\"_blank\" rel=\"noreferrer noopener\">Je prends ma place<\/a><\/li>\n<\/ul>\n\n\n\n<div style=\"height:6px\" aria-hidden=\"true\" class=\"wp-block-spacer\"><\/div>\n\n\n\n<hr class=\"wp-block-separator has-alpha-channel-opacity\"\/>\n\n\n\n<p><strong>Ces horaires sont donn\u00e9s \u00e0 titre indicatif et sont susceptibles d&rsquo;\u00e9voluer selon les conditions m\u00e9t\u00e9orologiques ou des directives de la WTA.<\/strong><\/p>\n\n\n\n<p>Pour plus d&rsquo;infos concernant l&rsquo;Apr\u00e8s-Match, consultez notre article <em><a href=\"https:\/\/internationaux-strasbourg.fr\/fr\/lapres-match-aux-is\/\">L&rsquo;Apr\u00e8s-Match aux IS<\/a><\/em><\/p>\n\n\n\n<div style=\"height:5px\" aria-hidden=\"true\" class=\"wp-block-spacer\"><\/div>\n\n\n\n<div class=\"wp-block-buttons is-content-justification-center is-layout-flex wp-container-core-buttons-is-layout-a89b3969 wp-block-buttons-is-layout-flex\">\n<div class=\"wp-block-button\"><a class=\"wp-block-button__link wp-element-button\" href=\"https:\/\/www.billetweb.fr\/pro\/wtastrasbourg2025\" target=\"_blank\" rel=\"noreferrer noopener\">LA BILLETTERIE DES #IS25<\/a><\/div>\n<\/div>\n\n\n\n<div style=\"height:7px\" aria-hidden=\"true\" class=\"wp-block-spacer\"><\/div>\n","protected":false},"excerpt":{"rendered":"<p>Programme pr\u00e9visionnel Programme d\u00e9taill\u00e9 jour par jour : &gt; Samedi 17 mai&gt; Dimanche 18 mai&gt; Lundi 19 mai&gt; Mardi 20 mai&gt; Mercredi 21 mai&gt; Jeudi 22 mai&gt; Vendredi 23 mai&gt; Samedi 24 mai Samedi 17 mai Qualifications Dimanche 18 mai Qualifications et 1er tour du tableau final Journ\u00e9e des familles Lundi 19 mai 1er tour [&hellip;]<\/p>\n","protected":false},"author":2,"featured_media":2213,"parent":0,"menu_order":0,"comment_status":"closed","ping_status":"closed","template":"","meta":{"footnotes":""},"class_list":["post-2231","page","type-page","status-publish","has-post-thumbnail","hentry"],"yoast_head":"<!-- This site is optimized with the Yoast SEO plugin v26.6 - https:\/\/yoast.com\/wordpress\/plugins\/seo\/ -->\n<title>Programme #IS25 - INTERNATIONAUX DE STRASBOURG<\/title>\n<meta name=\"robots\" content=\"index, follow, max-snippet:-1, max-image-preview:large, max-video-preview:-1\" \/>\n<link rel=\"canonical\" href=\"https:\/\/internationaux-strasbourg.fr\/fr\/programme-is25\/\" \/>\n<meta property=\"og:locale\" content=\"fr_FR\" \/>\n<meta property=\"og:type\" content=\"article\" \/>\n<meta property=\"og:title\" content=\"Programme #IS25 - INTERNATIONAUX DE STRASBOURG\" \/>\n<meta property=\"og:description\" content=\"Programme pr\u00e9visionnel Programme d\u00e9taill\u00e9 jour par jour : &gt; Samedi 17 mai&gt; Dimanche 18 mai&gt; Lundi 19 mai&gt; Mardi 20 mai&gt; Mercredi 21 mai&gt; Jeudi 22 mai&gt; Vendredi 23 mai&gt; Samedi 24 mai Samedi 17 mai Qualifications Dimanche 18 mai Qualifications et 1er tour du tableau final Journ\u00e9e des familles Lundi 19 mai 1er tour [&hellip;]\" \/>\n<meta property=\"og:url\" content=\"https:\/\/internationaux-strasbourg.fr\/fr\/programme-is25\/\" \/>\n<meta property=\"og:site_name\" content=\"INTERNATIONAUX DE STRASBOURG\" \/>\n<meta property=\"article:publisher\" content=\"https:\/\/www.facebook.com\/INTERNATIONAUXSTRASBOURG\/\" \/>\n<meta property=\"article:modified_time\" content=\"2025-05-21T19:29:35+00:00\" \/>\n<meta property=\"og:image\" content=\"https:\/\/internationaux-strasbourg.fr\/wp-content\/uploads\/2025\/05\/le-programme.png\" \/>\n\t<meta property=\"og:image:width\" content=\"1080\" \/>\n\t<meta property=\"og:image:height\" content=\"1080\" \/>\n\t<meta property=\"og:image:type\" content=\"image\/png\" \/>\n<meta name=\"twitter:card\" content=\"summary_large_image\" \/>\n<meta name=\"twitter:site\" content=\"@WTA_Strasbourg\" \/>\n<meta name=\"twitter:label1\" content=\"Dur\u00e9e de lecture estim\u00e9e\" \/>\n\t<meta name=\"twitter:data1\" content=\"3 minutes\" \/>\n<script type=\"application\/ld+json\" class=\"yoast-schema-graph\">{\"@context\":\"https:\/\/schema.org\",\"@graph\":[{\"@type\":\"WebPage\",\"@id\":\"https:\/\/internationaux-strasbourg.fr\/fr\/programme-is25\/\",\"url\":\"https:\/\/internationaux-strasbourg.fr\/fr\/programme-is25\/\",\"name\":\"Programme #IS25 - INTERNATIONAUX DE STRASBOURG\",\"isPartOf\":{\"@id\":\"https:\/\/internationaux-strasbourg.fr\/fr\/#website\"},\"primaryImageOfPage\":{\"@id\":\"https:\/\/internationaux-strasbourg.fr\/fr\/programme-is25\/#primaryimage\"},\"image\":{\"@id\":\"https:\/\/internationaux-strasbourg.fr\/fr\/programme-is25\/#primaryimage\"},\"thumbnailUrl\":\"https:\/\/internationaux-strasbourg.fr\/wp-content\/uploads\/2025\/05\/le-programme.png\",\"datePublished\":\"2025-05-04T13:46:38+00:00\",\"dateModified\":\"2025-05-21T19:29:35+00:00\",\"breadcrumb\":{\"@id\":\"https:\/\/internationaux-strasbourg.fr\/fr\/programme-is25\/#breadcrumb\"},\"inLanguage\":\"fr-FR\",\"potentialAction\":[{\"@type\":\"ReadAction\",\"target\":[\"https:\/\/internationaux-strasbourg.fr\/fr\/programme-is25\/\"]}]},{\"@type\":\"ImageObject\",\"inLanguage\":\"fr-FR\",\"@id\":\"https:\/\/internationaux-strasbourg.fr\/fr\/programme-is25\/#primaryimage\",\"url\":\"https:\/\/internationaux-strasbourg.fr\/wp-content\/uploads\/2025\/05\/le-programme.png\",\"contentUrl\":\"https:\/\/internationaux-strasbourg.fr\/wp-content\/uploads\/2025\/05\/le-programme.png\",\"width\":1080,\"height\":1080},{\"@type\":\"BreadcrumbList\",\"@id\":\"https:\/\/internationaux-strasbourg.fr\/fr\/programme-is25\/#breadcrumb\",\"itemListElement\":[{\"@type\":\"ListItem\",\"position\":1,\"name\":\"Home\",\"item\":\"https:\/\/internationaux-strasbourg.fr\/fr\/\"},{\"@type\":\"ListItem\",\"position\":2,\"name\":\"Programme #IS25\"}]},{\"@type\":\"WebSite\",\"@id\":\"https:\/\/internationaux-strasbourg.fr\/fr\/#website\",\"url\":\"https:\/\/internationaux-strasbourg.fr\/fr\/\",\"name\":\"Internationaux de Strasbourg\",\"description\":\"\",\"publisher\":{\"@id\":\"https:\/\/internationaux-strasbourg.fr\/fr\/#organization\"},\"potentialAction\":[{\"@type\":\"SearchAction\",\"target\":{\"@type\":\"EntryPoint\",\"urlTemplate\":\"https:\/\/internationaux-strasbourg.fr\/fr\/?s={search_term_string}\"},\"query-input\":{\"@type\":\"PropertyValueSpecification\",\"valueRequired\":true,\"valueName\":\"search_term_string\"}}],\"inLanguage\":\"fr-FR\"},{\"@type\":\"Organization\",\"@id\":\"https:\/\/internationaux-strasbourg.fr\/fr\/#organization\",\"name\":\"Internationaux de Strasbourg\",\"url\":\"https:\/\/internationaux-strasbourg.fr\/fr\/\",\"logo\":{\"@type\":\"ImageObject\",\"inLanguage\":\"fr-FR\",\"@id\":\"https:\/\/internationaux-strasbourg.fr\/fr\/#\/schema\/logo\/image\/\",\"url\":\"http:\/\/is.local\/wp-content\/uploads\/2024\/12\/Logo-composite-noir-e1734341181451.png\",\"contentUrl\":\"http:\/\/is.local\/wp-content\/uploads\/2024\/12\/Logo-composite-noir-e1734341181451.png\",\"width\":300,\"height\":103,\"caption\":\"Internationaux de Strasbourg\"},\"image\":{\"@id\":\"https:\/\/internationaux-strasbourg.fr\/fr\/#\/schema\/logo\/image\/\"},\"sameAs\":[\"https:\/\/www.facebook.com\/INTERNATIONAUXSTRASBOURG\/\",\"https:\/\/x.com\/WTA_Strasbourg\",\"https:\/\/www.instagram.com\/WTA_Strasbourg\",\"https:\/\/www.youtube.com\/user\/istennis2014\",\"https:\/\/www.linkedin.com\/showcase\/internationaux-de-strasbourg\/\"]}]}<\/script>\n<!-- \/ Yoast SEO plugin. -->","yoast_head_json":{"title":"Programme #IS25 - INTERNATIONAUX DE STRASBOURG","robots":{"index":"index","follow":"follow","max-snippet":"max-snippet:-1","max-image-preview":"max-image-preview:large","max-video-preview":"max-video-preview:-1"},"canonical":"https:\/\/internationaux-strasbourg.fr\/fr\/programme-is25\/","og_locale":"fr_FR","og_type":"article","og_title":"Programme #IS25 - INTERNATIONAUX DE STRASBOURG","og_description":"Programme pr\u00e9visionnel Programme d\u00e9taill\u00e9 jour par jour : &gt; Samedi 17 mai&gt; Dimanche 18 mai&gt; Lundi 19 mai&gt; Mardi 20 mai&gt; Mercredi 21 mai&gt; Jeudi 22 mai&gt; Vendredi 23 mai&gt; Samedi 24 mai Samedi 17 mai Qualifications Dimanche 18 mai Qualifications et 1er tour du tableau final Journ\u00e9e des familles Lundi 19 mai 1er tour [&hellip;]","og_url":"https:\/\/internationaux-strasbourg.fr\/fr\/programme-is25\/","og_site_name":"INTERNATIONAUX DE STRASBOURG","article_publisher":"https:\/\/www.facebook.com\/INTERNATIONAUXSTRASBOURG\/","article_modified_time":"2025-05-21T19:29:35+00:00","og_image":[{"width":1080,"height":1080,"url":"https:\/\/internationaux-strasbourg.fr\/wp-content\/uploads\/2025\/05\/le-programme.png","type":"image\/png"}],"twitter_card":"summary_large_image","twitter_site":"@WTA_Strasbourg","twitter_misc":{"Dur\u00e9e de lecture estim\u00e9e":"3 minutes"},"schema":{"@context":"https:\/\/schema.org","@graph":[{"@type":"WebPage","@id":"https:\/\/internationaux-strasbourg.fr\/fr\/programme-is25\/","url":"https:\/\/internationaux-strasbourg.fr\/fr\/programme-is25\/","name":"Programme #IS25 - INTERNATIONAUX DE STRASBOURG","isPartOf":{"@id":"https:\/\/internationaux-strasbourg.fr\/fr\/#website"},"primaryImageOfPage":{"@id":"https:\/\/internationaux-strasbourg.fr\/fr\/programme-is25\/#primaryimage"},"image":{"@id":"https:\/\/internationaux-strasbourg.fr\/fr\/programme-is25\/#primaryimage"},"thumbnailUrl":"https:\/\/internationaux-strasbourg.fr\/wp-content\/uploads\/2025\/05\/le-programme.png","datePublished":"2025-05-04T13:46:38+00:00","dateModified":"2025-05-21T19:29:35+00:00","breadcrumb":{"@id":"https:\/\/internationaux-strasbourg.fr\/fr\/programme-is25\/#breadcrumb"},"inLanguage":"fr-FR","potentialAction":[{"@type":"ReadAction","target":["https:\/\/internationaux-strasbourg.fr\/fr\/programme-is25\/"]}]},{"@type":"ImageObject","inLanguage":"fr-FR","@id":"https:\/\/internationaux-strasbourg.fr\/fr\/programme-is25\/#primaryimage","url":"https:\/\/internationaux-strasbourg.fr\/wp-content\/uploads\/2025\/05\/le-programme.png","contentUrl":"https:\/\/internationaux-strasbourg.fr\/wp-content\/uploads\/2025\/05\/le-programme.png","width":1080,"height":1080},{"@type":"BreadcrumbList","@id":"https:\/\/internationaux-strasbourg.fr\/fr\/programme-is25\/#breadcrumb","itemListElement":[{"@type":"ListItem","position":1,"name":"Home","item":"https:\/\/internationaux-strasbourg.fr\/fr\/"},{"@type":"ListItem","position":2,"name":"Programme #IS25"}]},{"@type":"WebSite","@id":"https:\/\/internationaux-strasbourg.fr\/fr\/#website","url":"https:\/\/internationaux-strasbourg.fr\/fr\/","name":"Internationaux de Strasbourg","description":"","publisher":{"@id":"https:\/\/internationaux-strasbourg.fr\/fr\/#organization"},"potentialAction":[{"@type":"SearchAction","target":{"@type":"EntryPoint","urlTemplate":"https:\/\/internationaux-strasbourg.fr\/fr\/?s={search_term_string}"},"query-input":{"@type":"PropertyValueSpecification","valueRequired":true,"valueName":"search_term_string"}}],"inLanguage":"fr-FR"},{"@type":"Organization","@id":"https:\/\/internationaux-strasbourg.fr\/fr\/#organization","name":"Internationaux de Strasbourg","url":"https:\/\/internationaux-strasbourg.fr\/fr\/","logo":{"@type":"ImageObject","inLanguage":"fr-FR","@id":"https:\/\/internationaux-strasbourg.fr\/fr\/#\/schema\/logo\/image\/","url":"http:\/\/is.local\/wp-content\/uploads\/2024\/12\/Logo-composite-noir-e1734341181451.png","contentUrl":"http:\/\/is.local\/wp-content\/uploads\/2024\/12\/Logo-composite-noir-e1734341181451.png","width":300,"height":103,"caption":"Internationaux de Strasbourg"},"image":{"@id":"https:\/\/internationaux-strasbourg.fr\/fr\/#\/schema\/logo\/image\/"},"sameAs":["https:\/\/www.facebook.com\/INTERNATIONAUXSTRASBOURG\/","https:\/\/x.com\/WTA_Strasbourg","https:\/\/www.instagram.com\/WTA_Strasbourg","https:\/\/www.youtube.com\/user\/istennis2014","https:\/\/www.linkedin.com\/showcase\/internationaux-de-strasbourg\/"]}]}},"_links":{"self":[{"href":"https:\/\/internationaux-strasbourg.fr\/fr\/wp-json\/wp\/v2\/pages\/2231","targetHints":{"allow":["GET"]}}],"collection":[{"href":"https:\/\/internationaux-strasbourg.fr\/fr\/wp-json\/wp\/v2\/pages"}],"about":[{"href":"https:\/\/internationaux-strasbourg.fr\/fr\/wp-json\/wp\/v2\/types\/page"}],"author":[{"embeddable":true,"href":"https:\/\/internationaux-strasbourg.fr\/fr\/wp-json\/wp\/v2\/users\/2"}],"replies":[{"embeddable":true,"href":"https:\/\/internationaux-strasbourg.fr\/fr\/wp-json\/wp\/v2\/comments?post=2231"}],"version-history":[{"count":20,"href":"https:\/\/internationaux-strasbourg.fr\/fr\/wp-json\/wp\/v2\/pages\/2231\/revisions"}],"predecessor-version":[{"id":2549,"href":"https:\/\/internationaux-strasbourg.fr\/fr\/wp-json\/wp\/v2\/pages\/2231\/revisions\/2549"}],"wp:featuredmedia":[{"embeddable":true,"href":"https:\/\/internationaux-strasbourg.fr\/fr\/wp-json\/wp\/v2\/media\/2213"}],"wp:attachment":[{"href":"https:\/\/internationaux-strasbourg.fr\/fr\/wp-json\/wp\/v2\/media?parent=2231"}],"curies":[{"name":"wp","href":"https:\/\/api.w.org\/{rel}","templated":true}]}}