{"id":21,"date":"2024-12-16T10:34:10","date_gmt":"2024-12-16T10:34:10","guid":{"rendered":"http:\/\/is.local\/?page_id=21"},"modified":"2026-02-12T10:21:18","modified_gmt":"2026-02-12T10:21:18","slug":"tournoi","status":"publish","type":"page","link":"https:\/\/internationaux-strasbourg.fr\/fr\/tournoi\/","title":{"rendered":"Tournoi"},"content":{"rendered":"\n<p>Les Internationaux de Strasbourg, pr\u00e9sent\u00e9s par MAMMOTION sont un tournoi de tennis f\u00e9minin international, qui a lieu chaque ann\u00e9e au Tennis Club de Strasbourg et r\u00e9uni les meilleures joueuses mondiales.<\/p>\n\n\n\n<p><a href=\"https:\/\/internationaux-strasbourg.fr\/tournoi\/infos-pratiques\/\" target=\"_blank\" rel=\"noreferrer noopener\">&gt; Infos pratiques<\/a><\/p>\n\n\n\n<p><a href=\"https:\/\/internationaux-strasbourg.fr\/actualites-internationaux-de-strasboug\/\" target=\"_blank\" rel=\"noreferrer noopener\">&gt; Actualit\u00e9s<\/a><\/p>\n\n\n\n<p><a href=\"https:\/\/internationaux-strasbourg.fr\/tournoi\/les-joueuses\/\" target=\"_blank\" rel=\"noreferrer noopener\">&gt; Joueuses<\/a><\/p>\n\n\n\n<p><a href=\"https:\/\/internationaux-strasbourg.fr\/tournoi\/histoire-du-tournoi\/\" target=\"_blank\" rel=\"noreferrer noopener\">&gt; Histoire du tournoi<\/a><\/p>\n\n\n\n<p><a href=\"https:\/\/internationaux-strasbourg.fr\/tournoi\/palmares\/\" target=\"_blank\" rel=\"noreferrer noopener\">&gt; Palmar\u00e8s<\/a><\/p>\n\n\n\n<p><a href=\"https:\/\/internationaux-strasbourg.fr\/tournoi\/tournoi-eco-responsable\/\" target=\"_blank\" rel=\"noreferrer noopener\">&gt; \u00c9coresponsabilit\u00e9<\/a><\/p>\n\n\n\n<p><\/p>\n","protected":false},"excerpt":{"rendered":"<p>Les Internationaux de Strasbourg, pr\u00e9sent\u00e9s par MAMMOTION sont un tournoi de tennis f\u00e9minin international, qui a lieu chaque ann\u00e9e au Tennis Club de Strasbourg et r\u00e9uni les meilleures joueuses mondiales. &gt; Infos pratiques &gt; Actualit\u00e9s &gt; Joueuses &gt; Histoire du tournoi &gt; Palmar\u00e8s &gt; \u00c9coresponsabilit\u00e9<\/p>\n","protected":false},"author":1,"featured_media":1219,"parent":0,"menu_order":0,"comment_status":"closed","ping_status":"closed","template":"","meta":{"footnotes":""},"class_list":["post-21","page","type-page","status-publish","has-post-thumbnail","hentry"],"yoast_head":"<!-- This site is optimized with the Yoast SEO plugin v26.6 - https:\/\/yoast.com\/wordpress\/plugins\/seo\/ -->\n<title>Tournoi - INTERNATIONAUX DE STRASBOURG<\/title>\n<meta name=\"description\" content=\"Les Internationaux de Strasbourg sont un tournoi de tennis f\u00e9minin international, qui a lieu chaque ann\u00e9e au Tennis Club de Strasbourg.\" \/>\n<meta name=\"robots\" content=\"index, follow, max-snippet:-1, max-image-preview:large, max-video-preview:-1\" \/>\n<link rel=\"canonical\" href=\"https:\/\/internationaux-strasbourg.fr\/fr\/tournoi\/\" \/>\n<meta property=\"og:locale\" content=\"fr_FR\" \/>\n<meta property=\"og:type\" content=\"article\" \/>\n<meta property=\"og:title\" content=\"Tournoi - INTERNATIONAUX DE STRASBOURG\" \/>\n<meta property=\"og:description\" content=\"Les Internationaux de Strasbourg sont un tournoi de tennis f\u00e9minin international, qui a lieu chaque ann\u00e9e au Tennis Club de Strasbourg.\" \/>\n<meta property=\"og:url\" content=\"https:\/\/internationaux-strasbourg.fr\/fr\/tournoi\/\" \/>\n<meta property=\"og:site_name\" content=\"INTERNATIONAUX DE STRASBOURG\" \/>\n<meta property=\"article:publisher\" content=\"https:\/\/www.facebook.com\/INTERNATIONAUXSTRASBOURG\/\" \/>\n<meta property=\"article:modified_time\" content=\"2026-02-12T10:21:18+00:00\" \/>\n<meta property=\"og:image\" content=\"https:\/\/internationaux-strasbourg.fr\/wp-content\/uploads\/2025\/03\/38A9110-Modifier_Sophie_Bittler.jpg\" \/>\n\t<meta property=\"og:image:width\" content=\"1920\" \/>\n\t<meta property=\"og:image:height\" content=\"1280\" \/>\n\t<meta property=\"og:image:type\" content=\"image\/jpeg\" \/>\n<meta name=\"twitter:card\" content=\"summary_large_image\" \/>\n<meta name=\"twitter:site\" content=\"@WTA_Strasbourg\" \/>\n<meta name=\"twitter:label1\" content=\"Dur\u00e9e de lecture estim\u00e9e\" \/>\n\t<meta name=\"twitter:data1\" content=\"1 minute\" \/>\n<script type=\"application\/ld+json\" class=\"yoast-schema-graph\">{\"@context\":\"https:\/\/schema.org\",\"@graph\":[{\"@type\":\"WebPage\",\"@id\":\"https:\/\/internationaux-strasbourg.fr\/fr\/tournoi\/\",\"url\":\"https:\/\/internationaux-strasbourg.fr\/fr\/tournoi\/\",\"name\":\"Tournoi - INTERNATIONAUX DE STRASBOURG\",\"isPartOf\":{\"@id\":\"https:\/\/internationaux-strasbourg.fr\/fr\/#website\"},\"primaryImageOfPage\":{\"@id\":\"https:\/\/internationaux-strasbourg.fr\/fr\/tournoi\/#primaryimage\"},\"image\":{\"@id\":\"https:\/\/internationaux-strasbourg.fr\/fr\/tournoi\/#primaryimage\"},\"thumbnailUrl\":\"https:\/\/internationaux-strasbourg.fr\/wp-content\/uploads\/2025\/03\/38A9110-Modifier_Sophie_Bittler.jpg\",\"datePublished\":\"2024-12-16T10:34:10+00:00\",\"dateModified\":\"2026-02-12T10:21:18+00:00\",\"description\":\"Les Internationaux de Strasbourg sont un tournoi de tennis f\u00e9minin international, qui a lieu chaque ann\u00e9e au Tennis Club de Strasbourg.\",\"breadcrumb\":{\"@id\":\"https:\/\/internationaux-strasbourg.fr\/fr\/tournoi\/#breadcrumb\"},\"inLanguage\":\"fr-FR\",\"potentialAction\":[{\"@type\":\"ReadAction\",\"target\":[\"https:\/\/internationaux-strasbourg.fr\/fr\/tournoi\/\"]}]},{\"@type\":\"ImageObject\",\"inLanguage\":\"fr-FR\",\"@id\":\"https:\/\/internationaux-strasbourg.fr\/fr\/tournoi\/#primaryimage\",\"url\":\"https:\/\/internationaux-strasbourg.fr\/wp-content\/uploads\/2025\/03\/38A9110-Modifier_Sophie_Bittler.jpg\",\"contentUrl\":\"https:\/\/internationaux-strasbourg.fr\/wp-content\/uploads\/2025\/03\/38A9110-Modifier_Sophie_Bittler.jpg\",\"width\":1920,\"height\":1280,\"caption\":\"Tournoi tennis f\u00e9minin\"},{\"@type\":\"BreadcrumbList\",\"@id\":\"https:\/\/internationaux-strasbourg.fr\/fr\/tournoi\/#breadcrumb\",\"itemListElement\":[{\"@type\":\"ListItem\",\"position\":1,\"name\":\"Home\",\"item\":\"https:\/\/internationaux-strasbourg.fr\/fr\/\"},{\"@type\":\"ListItem\",\"position\":2,\"name\":\"Tournoi\"}]},{\"@type\":\"WebSite\",\"@id\":\"https:\/\/internationaux-strasbourg.fr\/fr\/#website\",\"url\":\"https:\/\/internationaux-strasbourg.fr\/fr\/\",\"name\":\"Internationaux de Strasbourg\",\"description\":\"\",\"publisher\":{\"@id\":\"https:\/\/internationaux-strasbourg.fr\/fr\/#organization\"},\"potentialAction\":[{\"@type\":\"SearchAction\",\"target\":{\"@type\":\"EntryPoint\",\"urlTemplate\":\"https:\/\/internationaux-strasbourg.fr\/fr\/?s={search_term_string}\"},\"query-input\":{\"@type\":\"PropertyValueSpecification\",\"valueRequired\":true,\"valueName\":\"search_term_string\"}}],\"inLanguage\":\"fr-FR\"},{\"@type\":\"Organization\",\"@id\":\"https:\/\/internationaux-strasbourg.fr\/fr\/#organization\",\"name\":\"Internationaux de Strasbourg\",\"url\":\"https:\/\/internationaux-strasbourg.fr\/fr\/\",\"logo\":{\"@type\":\"ImageObject\",\"inLanguage\":\"fr-FR\",\"@id\":\"https:\/\/internationaux-strasbourg.fr\/fr\/#\/schema\/logo\/image\/\",\"url\":\"http:\/\/is.local\/wp-content\/uploads\/2024\/12\/Logo-composite-noir-e1734341181451.png\",\"contentUrl\":\"http:\/\/is.local\/wp-content\/uploads\/2024\/12\/Logo-composite-noir-e1734341181451.png\",\"width\":300,\"height\":103,\"caption\":\"Internationaux de Strasbourg\"},\"image\":{\"@id\":\"https:\/\/internationaux-strasbourg.fr\/fr\/#\/schema\/logo\/image\/\"},\"sameAs\":[\"https:\/\/www.facebook.com\/INTERNATIONAUXSTRASBOURG\/\",\"https:\/\/x.com\/WTA_Strasbourg\",\"https:\/\/www.instagram.com\/WTA_Strasbourg\",\"https:\/\/www.youtube.com\/user\/istennis2014\",\"https:\/\/www.linkedin.com\/showcase\/internationaux-de-strasbourg\/\"]}]}<\/script>\n<!-- \/ Yoast SEO plugin. -->","yoast_head_json":{"title":"Tournoi - INTERNATIONAUX DE STRASBOURG","description":"Les Internationaux de Strasbourg sont un tournoi de tennis f\u00e9minin international, qui a lieu chaque ann\u00e9e au Tennis Club de Strasbourg.","robots":{"index":"index","follow":"follow","max-snippet":"max-snippet:-1","max-image-preview":"max-image-preview:large","max-video-preview":"max-video-preview:-1"},"canonical":"https:\/\/internationaux-strasbourg.fr\/fr\/tournoi\/","og_locale":"fr_FR","og_type":"article","og_title":"Tournoi - INTERNATIONAUX DE STRASBOURG","og_description":"Les Internationaux de Strasbourg sont un tournoi de tennis f\u00e9minin international, qui a lieu chaque ann\u00e9e au Tennis Club de Strasbourg.","og_url":"https:\/\/internationaux-strasbourg.fr\/fr\/tournoi\/","og_site_name":"INTERNATIONAUX DE STRASBOURG","article_publisher":"https:\/\/www.facebook.com\/INTERNATIONAUXSTRASBOURG\/","article_modified_time":"2026-02-12T10:21:18+00:00","og_image":[{"width":1920,"height":1280,"url":"https:\/\/internationaux-strasbourg.fr\/wp-content\/uploads\/2025\/03\/38A9110-Modifier_Sophie_Bittler.jpg","type":"image\/jpeg"}],"twitter_card":"summary_large_image","twitter_site":"@WTA_Strasbourg","twitter_misc":{"Dur\u00e9e de lecture estim\u00e9e":"1 minute"},"schema":{"@context":"https:\/\/schema.org","@graph":[{"@type":"WebPage","@id":"https:\/\/internationaux-strasbourg.fr\/fr\/tournoi\/","url":"https:\/\/internationaux-strasbourg.fr\/fr\/tournoi\/","name":"Tournoi - INTERNATIONAUX DE STRASBOURG","isPartOf":{"@id":"https:\/\/internationaux-strasbourg.fr\/fr\/#website"},"primaryImageOfPage":{"@id":"https:\/\/internationaux-strasbourg.fr\/fr\/tournoi\/#primaryimage"},"image":{"@id":"https:\/\/internationaux-strasbourg.fr\/fr\/tournoi\/#primaryimage"},"thumbnailUrl":"https:\/\/internationaux-strasbourg.fr\/wp-content\/uploads\/2025\/03\/38A9110-Modifier_Sophie_Bittler.jpg","datePublished":"2024-12-16T10:34:10+00:00","dateModified":"2026-02-12T10:21:18+00:00","description":"Les Internationaux de Strasbourg sont un tournoi de tennis f\u00e9minin international, qui a lieu chaque ann\u00e9e au Tennis Club de Strasbourg.","breadcrumb":{"@id":"https:\/\/internationaux-strasbourg.fr\/fr\/tournoi\/#breadcrumb"},"inLanguage":"fr-FR","potentialAction":[{"@type":"ReadAction","target":["https:\/\/internationaux-strasbourg.fr\/fr\/tournoi\/"]}]},{"@type":"ImageObject","inLanguage":"fr-FR","@id":"https:\/\/internationaux-strasbourg.fr\/fr\/tournoi\/#primaryimage","url":"https:\/\/internationaux-strasbourg.fr\/wp-content\/uploads\/2025\/03\/38A9110-Modifier_Sophie_Bittler.jpg","contentUrl":"https:\/\/internationaux-strasbourg.fr\/wp-content\/uploads\/2025\/03\/38A9110-Modifier_Sophie_Bittler.jpg","width":1920,"height":1280,"caption":"Tournoi tennis f\u00e9minin"},{"@type":"BreadcrumbList","@id":"https:\/\/internationaux-strasbourg.fr\/fr\/tournoi\/#breadcrumb","itemListElement":[{"@type":"ListItem","position":1,"name":"Home","item":"https:\/\/internationaux-strasbourg.fr\/fr\/"},{"@type":"ListItem","position":2,"name":"Tournoi"}]},{"@type":"WebSite","@id":"https:\/\/internationaux-strasbourg.fr\/fr\/#website","url":"https:\/\/internationaux-strasbourg.fr\/fr\/","name":"Internationaux de Strasbourg","description":"","publisher":{"@id":"https:\/\/internationaux-strasbourg.fr\/fr\/#organization"},"potentialAction":[{"@type":"SearchAction","target":{"@type":"EntryPoint","urlTemplate":"https:\/\/internationaux-strasbourg.fr\/fr\/?s={search_term_string}"},"query-input":{"@type":"PropertyValueSpecification","valueRequired":true,"valueName":"search_term_string"}}],"inLanguage":"fr-FR"},{"@type":"Organization","@id":"https:\/\/internationaux-strasbourg.fr\/fr\/#organization","name":"Internationaux de Strasbourg","url":"https:\/\/internationaux-strasbourg.fr\/fr\/","logo":{"@type":"ImageObject","inLanguage":"fr-FR","@id":"https:\/\/internationaux-strasbourg.fr\/fr\/#\/schema\/logo\/image\/","url":"http:\/\/is.local\/wp-content\/uploads\/2024\/12\/Logo-composite-noir-e1734341181451.png","contentUrl":"http:\/\/is.local\/wp-content\/uploads\/2024\/12\/Logo-composite-noir-e1734341181451.png","width":300,"height":103,"caption":"Internationaux de Strasbourg"},"image":{"@id":"https:\/\/internationaux-strasbourg.fr\/fr\/#\/schema\/logo\/image\/"},"sameAs":["https:\/\/www.facebook.com\/INTERNATIONAUXSTRASBOURG\/","https:\/\/x.com\/WTA_Strasbourg","https:\/\/www.instagram.com\/WTA_Strasbourg","https:\/\/www.youtube.com\/user\/istennis2014","https:\/\/www.linkedin.com\/showcase\/internationaux-de-strasbourg\/"]}]}},"_links":{"self":[{"href":"https:\/\/internationaux-strasbourg.fr\/fr\/wp-json\/wp\/v2\/pages\/21","targetHints":{"allow":["GET"]}}],"collection":[{"href":"https:\/\/internationaux-strasbourg.fr\/fr\/wp-json\/wp\/v2\/pages"}],"about":[{"href":"https:\/\/internationaux-strasbourg.fr\/fr\/wp-json\/wp\/v2\/types\/page"}],"author":[{"embeddable":true,"href":"https:\/\/internationaux-strasbourg.fr\/fr\/wp-json\/wp\/v2\/users\/1"}],"replies":[{"embeddable":true,"href":"https:\/\/internationaux-strasbourg.fr\/fr\/wp-json\/wp\/v2\/comments?post=21"}],"version-history":[{"count":7,"href":"https:\/\/internationaux-strasbourg.fr\/fr\/wp-json\/wp\/v2\/pages\/21\/revisions"}],"predecessor-version":[{"id":2838,"href":"https:\/\/internationaux-strasbourg.fr\/fr\/wp-json\/wp\/v2\/pages\/21\/revisions\/2838"}],"wp:featuredmedia":[{"embeddable":true,"href":"https:\/\/internationaux-strasbourg.fr\/fr\/wp-json\/wp\/v2\/media\/1219"}],"wp:attachment":[{"href":"https:\/\/internationaux-strasbourg.fr\/fr\/wp-json\/wp\/v2\/media?parent=21"}],"curies":[{"name":"wp","href":"https:\/\/api.w.org\/{rel}","templated":true}]}}