{"id":19,"date":"2024-12-16T09:56:33","date_gmt":"2024-12-16T09:56:33","guid":{"rendered":"http:\/\/is.local\/?page_id=19"},"modified":"2025-07-04T13:11:34","modified_gmt":"2025-07-04T13:11:34","slug":"hospitalites","status":"publish","type":"page","link":"https:\/\/internationaux-strasbourg.fr\/fr\/partenaires\/hospitalites\/","title":{"rendered":"Nos Hospitalit\u00e9s"},"content":{"rendered":"\n<p><strong><mark style=\"background-color:rgba(0, 0, 0, 0)\" class=\"has-inline-color has-custom-violet-color\">Les #IS26\u00a0auront lieu du 16 au 23\u00a0mai 2026.<\/mark><\/strong>\u00a0N&rsquo;h\u00e9sitez pas \u00e0 nous contacter d\u00e8s maintenant si vous souhaitez r\u00e9server de l&rsquo;hospitalit\u00e9 pour\u00a0<strong><mark style=\"background-color:rgba(0, 0, 0, 0)\" class=\"has-inline-color has-custom-violet-color\">l&rsquo;\u00e9dition 2026<\/mark><\/strong>.<\/p>\n\n\n\n<p>Ne loupez pas le coche et&nbsp;invitez&nbsp;vos clients et relations professionnelles <strong><mark style=\"background-color:rgba(0, 0, 0, 0)\" class=\"has-inline-color has-custom-violet-color\">au premier tournoi de tennis f\u00e9minin fran\u00e7ais<\/mark><\/strong>, dans un cadre exceptionnel, au pied du Parlement Europ\u00e9en \u00e0 Strasbourg.<\/p>\n\n\n\n<p><strong><mark style=\"background-color:rgba(0, 0, 0, 0)\" class=\"has-inline-color has-custom-violet-color\">Le Village des #IS<\/mark><\/strong>&nbsp;est un lieu de rencontre incontournable,&nbsp;o\u00f9 sont pr\u00e9sents <strong><mark style=\"background-color:rgba(0, 0, 0, 0)\" class=\"has-inline-color has-custom-violet-color\">les&nbsp;principaux acteurs \u00e9conomiques du Grand Est<\/mark><\/strong>.&nbsp;Vous pourrez y d\u00e9velopper des relations privil\u00e9gi\u00e9es avec vos clients et les autres partenaires du tournoi.<\/p>\n\n\n\n<p><strong><mark style=\"background-color:rgba(0, 0, 0, 0)\" class=\"has-inline-color has-custom-violet-color\">Brunch, Club des Loges, Afterworks ou encore Privatisations :<\/mark><\/strong> nos prestations d&rsquo;hospitalit\u00e9&nbsp;sont disponibles \u00e0&nbsp;la journ\u00e9e ou \u00e0&nbsp;la semaine.&nbsp;<strong><mark style=\"background-color:rgba(0, 0, 0, 0)\" class=\"has-inline-color has-custom-violet-color\">Pour plus de d\u00e9tails sur les prestations, <a href=\"mailto:hospitality@is-tennis.fr\">contactez-nous<\/a> !<\/mark><\/strong><\/p>\n\n\n\n<div style=\"height:5px\" aria-hidden=\"true\" class=\"wp-block-spacer\"><\/div>\n\n\n\n<div class=\"wp-block-buttons is-content-justification-center is-layout-flex wp-container-core-buttons-is-layout-a89b3969 wp-block-buttons-is-layout-flex\">\n<div class=\"wp-block-button\"><a class=\"wp-block-button__link wp-element-button\" href=\"mailto:hospitality@is-tennis.fr\">PLUS D&rsquo;INFORMATIONS &gt;<\/a><\/div>\n<\/div>\n\n\n\n<div style=\"height:5px\" aria-hidden=\"true\" class=\"wp-block-spacer\"><\/div>\n\n\n\n<h5 class=\"wp-block-heading\">L&rsquo;HOSPITALIT\u00c9 AUX IS C&rsquo;EST \u00c7A :<\/h5>\n\n\n\n<figure class=\"wp-block-embed is-type-video is-provider-youtube wp-block-embed-youtube wp-embed-aspect-16-9 wp-has-aspect-ratio\"><div class=\"wp-block-embed__wrapper\">\n<iframe loading=\"lazy\" title=\"L&#039;hospitalit\u00e9 aux Internationaux de Strasbourg\" width=\"500\" height=\"281\" src=\"https:\/\/www.youtube.com\/embed\/44qIUL4YMqE?start=62&#038;feature=oembed\" frameborder=\"0\" allow=\"accelerometer; autoplay; clipboard-write; encrypted-media; gyroscope; picture-in-picture; web-share\" referrerpolicy=\"strict-origin-when-cross-origin\" allowfullscreen><\/iframe>\n<\/div><\/figure>\n\n\n\n<p><\/p>\n","protected":false},"excerpt":{"rendered":"<p>Les #IS26\u00a0auront lieu du 16 au 23\u00a0mai 2026.\u00a0N&rsquo;h\u00e9sitez pas \u00e0 nous contacter d\u00e8s maintenant si vous souhaitez r\u00e9server de l&rsquo;hospitalit\u00e9 pour\u00a0l&rsquo;\u00e9dition 2026. Ne loupez pas le coche et&nbsp;invitez&nbsp;vos clients et relations professionnelles au premier tournoi de tennis f\u00e9minin fran\u00e7ais, dans un cadre exceptionnel, au pied du Parlement Europ\u00e9en \u00e0 Strasbourg. Le Village des #IS&nbsp;est un [&hellip;]<\/p>\n","protected":false},"author":1,"featured_media":1668,"parent":27,"menu_order":3,"comment_status":"closed","ping_status":"closed","template":"","meta":{"footnotes":""},"class_list":["post-19","page","type-page","status-publish","has-post-thumbnail","hentry"],"yoast_head":"<!-- This site is optimized with the Yoast SEO plugin v26.6 - https:\/\/yoast.com\/wordpress\/plugins\/seo\/ -->\n<title>Nos Hospitalit\u00e9s - INTERNATIONAUX DE STRASBOURG<\/title>\n<meta name=\"robots\" content=\"index, follow, max-snippet:-1, max-image-preview:large, max-video-preview:-1\" \/>\n<link rel=\"canonical\" href=\"https:\/\/internationaux-strasbourg.fr\/fr\/partenaires\/hospitalites\/\" \/>\n<meta property=\"og:locale\" content=\"fr_FR\" \/>\n<meta property=\"og:type\" content=\"article\" \/>\n<meta property=\"og:title\" content=\"Nos Hospitalit\u00e9s - INTERNATIONAUX DE STRASBOURG\" \/>\n<meta property=\"og:description\" content=\"Les #IS26\u00a0auront lieu du 16 au 23\u00a0mai 2026.\u00a0N&rsquo;h\u00e9sitez pas \u00e0 nous contacter d\u00e8s maintenant si vous souhaitez r\u00e9server de l&rsquo;hospitalit\u00e9 pour\u00a0l&rsquo;\u00e9dition 2026. Ne loupez pas le coche et&nbsp;invitez&nbsp;vos clients et relations professionnelles au premier tournoi de tennis f\u00e9minin fran\u00e7ais, dans un cadre exceptionnel, au pied du Parlement Europ\u00e9en \u00e0 Strasbourg. Le Village des #IS&nbsp;est un [&hellip;]\" \/>\n<meta property=\"og:url\" content=\"https:\/\/internationaux-strasbourg.fr\/fr\/partenaires\/hospitalites\/\" \/>\n<meta property=\"og:site_name\" content=\"INTERNATIONAUX DE STRASBOURG\" \/>\n<meta property=\"article:publisher\" content=\"https:\/\/www.facebook.com\/INTERNATIONAUXSTRASBOURG\/\" \/>\n<meta property=\"article:modified_time\" content=\"2025-07-04T13:11:34+00:00\" \/>\n<meta property=\"og:image\" content=\"https:\/\/internationaux-strasbourg.fr\/wp-content\/uploads\/2025\/03\/24-05-IS24-Michel-Grasso-3.jpg\" \/>\n\t<meta property=\"og:image:width\" content=\"1800\" \/>\n\t<meta property=\"og:image:height\" content=\"464\" \/>\n\t<meta property=\"og:image:type\" content=\"image\/jpeg\" \/>\n<meta name=\"twitter:card\" content=\"summary_large_image\" \/>\n<meta name=\"twitter:site\" content=\"@WTA_Strasbourg\" \/>\n<meta name=\"twitter:label1\" content=\"Dur\u00e9e de lecture estim\u00e9e\" \/>\n\t<meta name=\"twitter:data1\" content=\"1 minute\" \/>\n<script type=\"application\/ld+json\" class=\"yoast-schema-graph\">{\"@context\":\"https:\/\/schema.org\",\"@graph\":[{\"@type\":\"WebPage\",\"@id\":\"https:\/\/internationaux-strasbourg.fr\/fr\/partenaires\/hospitalites\/\",\"url\":\"https:\/\/internationaux-strasbourg.fr\/fr\/partenaires\/hospitalites\/\",\"name\":\"Nos Hospitalit\u00e9s - INTERNATIONAUX DE STRASBOURG\",\"isPartOf\":{\"@id\":\"https:\/\/internationaux-strasbourg.fr\/fr\/#website\"},\"primaryImageOfPage\":{\"@id\":\"https:\/\/internationaux-strasbourg.fr\/fr\/partenaires\/hospitalites\/#primaryimage\"},\"image\":{\"@id\":\"https:\/\/internationaux-strasbourg.fr\/fr\/partenaires\/hospitalites\/#primaryimage\"},\"thumbnailUrl\":\"https:\/\/internationaux-strasbourg.fr\/wp-content\/uploads\/2025\/03\/24-05-IS24-Michel-Grasso-3.jpg\",\"datePublished\":\"2024-12-16T09:56:33+00:00\",\"dateModified\":\"2025-07-04T13:11:34+00:00\",\"breadcrumb\":{\"@id\":\"https:\/\/internationaux-strasbourg.fr\/fr\/partenaires\/hospitalites\/#breadcrumb\"},\"inLanguage\":\"fr-FR\",\"potentialAction\":[{\"@type\":\"ReadAction\",\"target\":[\"https:\/\/internationaux-strasbourg.fr\/fr\/partenaires\/hospitalites\/\"]}]},{\"@type\":\"ImageObject\",\"inLanguage\":\"fr-FR\",\"@id\":\"https:\/\/internationaux-strasbourg.fr\/fr\/partenaires\/hospitalites\/#primaryimage\",\"url\":\"https:\/\/internationaux-strasbourg.fr\/wp-content\/uploads\/2025\/03\/24-05-IS24-Michel-Grasso-3.jpg\",\"contentUrl\":\"https:\/\/internationaux-strasbourg.fr\/wp-content\/uploads\/2025\/03\/24-05-IS24-Michel-Grasso-3.jpg\",\"width\":1800,\"height\":464},{\"@type\":\"BreadcrumbList\",\"@id\":\"https:\/\/internationaux-strasbourg.fr\/fr\/partenaires\/hospitalites\/#breadcrumb\",\"itemListElement\":[{\"@type\":\"ListItem\",\"position\":1,\"name\":\"Home\",\"item\":\"https:\/\/internationaux-strasbourg.fr\/fr\/\"},{\"@type\":\"ListItem\",\"position\":2,\"name\":\"Nos Hospitalit\u00e9s\"}]},{\"@type\":\"WebSite\",\"@id\":\"https:\/\/internationaux-strasbourg.fr\/fr\/#website\",\"url\":\"https:\/\/internationaux-strasbourg.fr\/fr\/\",\"name\":\"Internationaux de Strasbourg\",\"description\":\"\",\"publisher\":{\"@id\":\"https:\/\/internationaux-strasbourg.fr\/fr\/#organization\"},\"potentialAction\":[{\"@type\":\"SearchAction\",\"target\":{\"@type\":\"EntryPoint\",\"urlTemplate\":\"https:\/\/internationaux-strasbourg.fr\/fr\/?s={search_term_string}\"},\"query-input\":{\"@type\":\"PropertyValueSpecification\",\"valueRequired\":true,\"valueName\":\"search_term_string\"}}],\"inLanguage\":\"fr-FR\"},{\"@type\":\"Organization\",\"@id\":\"https:\/\/internationaux-strasbourg.fr\/fr\/#organization\",\"name\":\"Internationaux de Strasbourg\",\"url\":\"https:\/\/internationaux-strasbourg.fr\/fr\/\",\"logo\":{\"@type\":\"ImageObject\",\"inLanguage\":\"fr-FR\",\"@id\":\"https:\/\/internationaux-strasbourg.fr\/fr\/#\/schema\/logo\/image\/\",\"url\":\"http:\/\/is.local\/wp-content\/uploads\/2024\/12\/Logo-composite-noir-e1734341181451.png\",\"contentUrl\":\"http:\/\/is.local\/wp-content\/uploads\/2024\/12\/Logo-composite-noir-e1734341181451.png\",\"width\":300,\"height\":103,\"caption\":\"Internationaux de Strasbourg\"},\"image\":{\"@id\":\"https:\/\/internationaux-strasbourg.fr\/fr\/#\/schema\/logo\/image\/\"},\"sameAs\":[\"https:\/\/www.facebook.com\/INTERNATIONAUXSTRASBOURG\/\",\"https:\/\/x.com\/WTA_Strasbourg\",\"https:\/\/www.instagram.com\/WTA_Strasbourg\",\"https:\/\/www.youtube.com\/user\/istennis2014\",\"https:\/\/www.linkedin.com\/showcase\/internationaux-de-strasbourg\/\"]}]}<\/script>\n<!-- \/ Yoast SEO plugin. -->","yoast_head_json":{"title":"Nos Hospitalit\u00e9s - INTERNATIONAUX DE STRASBOURG","robots":{"index":"index","follow":"follow","max-snippet":"max-snippet:-1","max-image-preview":"max-image-preview:large","max-video-preview":"max-video-preview:-1"},"canonical":"https:\/\/internationaux-strasbourg.fr\/fr\/partenaires\/hospitalites\/","og_locale":"fr_FR","og_type":"article","og_title":"Nos Hospitalit\u00e9s - INTERNATIONAUX DE STRASBOURG","og_description":"Les #IS26\u00a0auront lieu du 16 au 23\u00a0mai 2026.\u00a0N&rsquo;h\u00e9sitez pas \u00e0 nous contacter d\u00e8s maintenant si vous souhaitez r\u00e9server de l&rsquo;hospitalit\u00e9 pour\u00a0l&rsquo;\u00e9dition 2026. Ne loupez pas le coche et&nbsp;invitez&nbsp;vos clients et relations professionnelles au premier tournoi de tennis f\u00e9minin fran\u00e7ais, dans un cadre exceptionnel, au pied du Parlement Europ\u00e9en \u00e0 Strasbourg. Le Village des #IS&nbsp;est un [&hellip;]","og_url":"https:\/\/internationaux-strasbourg.fr\/fr\/partenaires\/hospitalites\/","og_site_name":"INTERNATIONAUX DE STRASBOURG","article_publisher":"https:\/\/www.facebook.com\/INTERNATIONAUXSTRASBOURG\/","article_modified_time":"2025-07-04T13:11:34+00:00","og_image":[{"width":1800,"height":464,"url":"https:\/\/internationaux-strasbourg.fr\/wp-content\/uploads\/2025\/03\/24-05-IS24-Michel-Grasso-3.jpg","type":"image\/jpeg"}],"twitter_card":"summary_large_image","twitter_site":"@WTA_Strasbourg","twitter_misc":{"Dur\u00e9e de lecture estim\u00e9e":"1 minute"},"schema":{"@context":"https:\/\/schema.org","@graph":[{"@type":"WebPage","@id":"https:\/\/internationaux-strasbourg.fr\/fr\/partenaires\/hospitalites\/","url":"https:\/\/internationaux-strasbourg.fr\/fr\/partenaires\/hospitalites\/","name":"Nos Hospitalit\u00e9s - INTERNATIONAUX DE STRASBOURG","isPartOf":{"@id":"https:\/\/internationaux-strasbourg.fr\/fr\/#website"},"primaryImageOfPage":{"@id":"https:\/\/internationaux-strasbourg.fr\/fr\/partenaires\/hospitalites\/#primaryimage"},"image":{"@id":"https:\/\/internationaux-strasbourg.fr\/fr\/partenaires\/hospitalites\/#primaryimage"},"thumbnailUrl":"https:\/\/internationaux-strasbourg.fr\/wp-content\/uploads\/2025\/03\/24-05-IS24-Michel-Grasso-3.jpg","datePublished":"2024-12-16T09:56:33+00:00","dateModified":"2025-07-04T13:11:34+00:00","breadcrumb":{"@id":"https:\/\/internationaux-strasbourg.fr\/fr\/partenaires\/hospitalites\/#breadcrumb"},"inLanguage":"fr-FR","potentialAction":[{"@type":"ReadAction","target":["https:\/\/internationaux-strasbourg.fr\/fr\/partenaires\/hospitalites\/"]}]},{"@type":"ImageObject","inLanguage":"fr-FR","@id":"https:\/\/internationaux-strasbourg.fr\/fr\/partenaires\/hospitalites\/#primaryimage","url":"https:\/\/internationaux-strasbourg.fr\/wp-content\/uploads\/2025\/03\/24-05-IS24-Michel-Grasso-3.jpg","contentUrl":"https:\/\/internationaux-strasbourg.fr\/wp-content\/uploads\/2025\/03\/24-05-IS24-Michel-Grasso-3.jpg","width":1800,"height":464},{"@type":"BreadcrumbList","@id":"https:\/\/internationaux-strasbourg.fr\/fr\/partenaires\/hospitalites\/#breadcrumb","itemListElement":[{"@type":"ListItem","position":1,"name":"Home","item":"https:\/\/internationaux-strasbourg.fr\/fr\/"},{"@type":"ListItem","position":2,"name":"Nos Hospitalit\u00e9s"}]},{"@type":"WebSite","@id":"https:\/\/internationaux-strasbourg.fr\/fr\/#website","url":"https:\/\/internationaux-strasbourg.fr\/fr\/","name":"Internationaux de Strasbourg","description":"","publisher":{"@id":"https:\/\/internationaux-strasbourg.fr\/fr\/#organization"},"potentialAction":[{"@type":"SearchAction","target":{"@type":"EntryPoint","urlTemplate":"https:\/\/internationaux-strasbourg.fr\/fr\/?s={search_term_string}"},"query-input":{"@type":"PropertyValueSpecification","valueRequired":true,"valueName":"search_term_string"}}],"inLanguage":"fr-FR"},{"@type":"Organization","@id":"https:\/\/internationaux-strasbourg.fr\/fr\/#organization","name":"Internationaux de Strasbourg","url":"https:\/\/internationaux-strasbourg.fr\/fr\/","logo":{"@type":"ImageObject","inLanguage":"fr-FR","@id":"https:\/\/internationaux-strasbourg.fr\/fr\/#\/schema\/logo\/image\/","url":"http:\/\/is.local\/wp-content\/uploads\/2024\/12\/Logo-composite-noir-e1734341181451.png","contentUrl":"http:\/\/is.local\/wp-content\/uploads\/2024\/12\/Logo-composite-noir-e1734341181451.png","width":300,"height":103,"caption":"Internationaux de Strasbourg"},"image":{"@id":"https:\/\/internationaux-strasbourg.fr\/fr\/#\/schema\/logo\/image\/"},"sameAs":["https:\/\/www.facebook.com\/INTERNATIONAUXSTRASBOURG\/","https:\/\/x.com\/WTA_Strasbourg","https:\/\/www.instagram.com\/WTA_Strasbourg","https:\/\/www.youtube.com\/user\/istennis2014","https:\/\/www.linkedin.com\/showcase\/internationaux-de-strasbourg\/"]}]}},"_links":{"self":[{"href":"https:\/\/internationaux-strasbourg.fr\/fr\/wp-json\/wp\/v2\/pages\/19","targetHints":{"allow":["GET"]}}],"collection":[{"href":"https:\/\/internationaux-strasbourg.fr\/fr\/wp-json\/wp\/v2\/pages"}],"about":[{"href":"https:\/\/internationaux-strasbourg.fr\/fr\/wp-json\/wp\/v2\/types\/page"}],"author":[{"embeddable":true,"href":"https:\/\/internationaux-strasbourg.fr\/fr\/wp-json\/wp\/v2\/users\/1"}],"replies":[{"embeddable":true,"href":"https:\/\/internationaux-strasbourg.fr\/fr\/wp-json\/wp\/v2\/comments?post=19"}],"version-history":[{"count":12,"href":"https:\/\/internationaux-strasbourg.fr\/fr\/wp-json\/wp\/v2\/pages\/19\/revisions"}],"predecessor-version":[{"id":2675,"href":"https:\/\/internationaux-strasbourg.fr\/fr\/wp-json\/wp\/v2\/pages\/19\/revisions\/2675"}],"up":[{"embeddable":true,"href":"https:\/\/internationaux-strasbourg.fr\/fr\/wp-json\/wp\/v2\/pages\/27"}],"wp:featuredmedia":[{"embeddable":true,"href":"https:\/\/internationaux-strasbourg.fr\/fr\/wp-json\/wp\/v2\/media\/1668"}],"wp:attachment":[{"href":"https:\/\/internationaux-strasbourg.fr\/fr\/wp-json\/wp\/v2\/media?parent=19"}],"curies":[{"name":"wp","href":"https:\/\/api.w.org\/{rel}","templated":true}]}}