{"id":1351,"date":"2025-03-11T10:02:59","date_gmt":"2025-03-11T10:02:59","guid":{"rendered":"https:\/\/is-wp.gama-smartweb.com\/?page_id=1351"},"modified":"2026-02-12T10:59:18","modified_gmt":"2026-02-12T10:59:18","slug":"nos-reseaux-sociaux","status":"publish","type":"page","link":"https:\/\/internationaux-strasbourg.fr\/fr\/medias-et-presse\/nos-reseaux-sociaux\/","title":{"rendered":"Nos r\u00e9seaux sociaux"},"content":{"rendered":"\n<p>Chaque jour, de\u00a0nouveaux fans rejoignent les Internationaux de Strasbourg, pr\u00e9sent\u00e9s par MAMMOTION sur les\u00a0r\u00e9seaux sociaux officiels pour suivre l&rsquo;actualit\u00e9 du tournoi, acc\u00e9der \u00e0 des contenus exclusifs, profiter d&rsquo;offres sur la billetterie officielle et interagir avec l&rsquo;\u00e9quipe d&rsquo;organisation et les joueuses ! <strong><mark style=\"background-color:rgba(0, 0, 0, 0)\" class=\"has-inline-color has-custom-violet-color\">Et vous, vous nous suivez ?<\/mark><\/strong><\/p>\n\n\n\n<div style=\"height:3px\" aria-hidden=\"true\" class=\"wp-block-spacer\"><\/div>\n\n\n\n<figure class=\"wp-block-image size-large\"><img loading=\"lazy\" decoding=\"async\" width=\"1024\" height=\"576\" src=\"https:\/\/internationaux-strasbourg.fr\/wp-content\/uploads\/2025\/07\/mockup-ordi--1024x576.jpg\" alt=\"\" class=\"wp-image-2700\" srcset=\"https:\/\/internationaux-strasbourg.fr\/wp-content\/uploads\/2025\/07\/mockup-ordi--1024x576.jpg 1024w, https:\/\/internationaux-strasbourg.fr\/wp-content\/uploads\/2025\/07\/mockup-ordi--300x169.jpg 300w, https:\/\/internationaux-strasbourg.fr\/wp-content\/uploads\/2025\/07\/mockup-ordi--768x432.jpg 768w, https:\/\/internationaux-strasbourg.fr\/wp-content\/uploads\/2025\/07\/mockup-ordi--1536x864.jpg 1536w, https:\/\/internationaux-strasbourg.fr\/wp-content\/uploads\/2025\/07\/mockup-ordi--18x10.jpg 18w, https:\/\/internationaux-strasbourg.fr\/wp-content\/uploads\/2025\/07\/mockup-ordi-.jpg 1920w\" sizes=\"auto, (max-width: 1024px) 100vw, 1024px\" \/><\/figure>\n\n\n\n<div style=\"height:3px\" aria-hidden=\"true\" class=\"wp-block-spacer\"><\/div>\n\n\n\n<div class=\"wp-block-media-text\" style=\"grid-template-columns:15% auto\"><figure class=\"wp-block-media-text__media\"><img loading=\"lazy\" decoding=\"async\" width=\"1024\" height=\"1024\" src=\"https:\/\/internationaux-strasbourg.fr\/wp-content\/uploads\/2025\/03\/facebook_8-1024x1024.png\" alt=\"r\u00e9seaux sociaux Internationaux de Strasbourg - Facebook\" class=\"wp-image-1397 size-full\" srcset=\"https:\/\/internationaux-strasbourg.fr\/wp-content\/uploads\/2025\/03\/facebook_8-1024x1024.png 1024w, https:\/\/internationaux-strasbourg.fr\/wp-content\/uploads\/2025\/03\/facebook_8-300x300.png 300w, https:\/\/internationaux-strasbourg.fr\/wp-content\/uploads\/2025\/03\/facebook_8-150x150.png 150w, https:\/\/internationaux-strasbourg.fr\/wp-content\/uploads\/2025\/03\/facebook_8-768x768.png 768w, https:\/\/internationaux-strasbourg.fr\/wp-content\/uploads\/2025\/03\/facebook_8-12x12.png 12w, https:\/\/internationaux-strasbourg.fr\/wp-content\/uploads\/2025\/03\/facebook_8.png 1080w\" sizes=\"auto, (max-width: 1024px) 100vw, 1024px\" \/><\/figure><div class=\"wp-block-media-text__content\">\n<p>Pour d\u00e9couvrir toute l&rsquo;<mark style=\"background-color:rgba(0, 0, 0, 0)\" class=\"has-inline-color has-custom-violet-color\"><strong>actualit\u00e9 du tennis<\/strong>,&nbsp;<strong>du tournoi<\/strong><\/mark>&nbsp;et des<strong>&nbsp;<mark style=\"background-color:rgba(0, 0, 0, 0)\" class=\"has-inline-color has-custom-violet-color\">joueuses<\/mark><\/strong>&nbsp;pr\u00e9sentes aux IS !<\/p>\n\n\n\n<div class=\"wp-block-buttons is-layout-flex wp-block-buttons-is-layout-flex\">\n<div class=\"wp-block-button\"><a class=\"wp-block-button__link wp-element-button\" href=\"https:\/\/www.facebook.com\/INTERNATIONAUXSTRASBOURG\/\" target=\"_blank\" rel=\"noreferrer noopener\">Notre page Facebook<\/a><\/div>\n<\/div>\n<\/div><\/div>\n\n\n\n<div style=\"height:3px\" aria-hidden=\"true\" class=\"wp-block-spacer\"><\/div>\n\n\n\n<div class=\"wp-block-media-text\" style=\"grid-template-columns:15% auto\"><figure class=\"wp-block-media-text__media\"><img loading=\"lazy\" decoding=\"async\" width=\"1024\" height=\"1024\" src=\"https:\/\/internationaux-strasbourg.fr\/wp-content\/uploads\/2025\/03\/instagram_2-1024x1024.png\" alt=\"r\u00e9seaux sociaux Internationaux de Strasbourg - Instagram\" class=\"wp-image-1398 size-full\" srcset=\"https:\/\/internationaux-strasbourg.fr\/wp-content\/uploads\/2025\/03\/instagram_2-1024x1024.png 1024w, https:\/\/internationaux-strasbourg.fr\/wp-content\/uploads\/2025\/03\/instagram_2-300x300.png 300w, https:\/\/internationaux-strasbourg.fr\/wp-content\/uploads\/2025\/03\/instagram_2-150x150.png 150w, https:\/\/internationaux-strasbourg.fr\/wp-content\/uploads\/2025\/03\/instagram_2-768x768.png 768w, https:\/\/internationaux-strasbourg.fr\/wp-content\/uploads\/2025\/03\/instagram_2-12x12.png 12w, https:\/\/internationaux-strasbourg.fr\/wp-content\/uploads\/2025\/03\/instagram_2.png 1080w\" sizes=\"auto, (max-width: 1024px) 100vw, 1024px\" \/><\/figure><div class=\"wp-block-media-text__content\">\n<p>D\u00e9couvrez&nbsp;<mark style=\"background-color:rgba(0, 0, 0, 0)\" class=\"has-inline-color has-custom-violet-color\"><strong>les plus belles photos du tournoi,<\/strong>&nbsp;<strong>des<\/strong>&nbsp;<strong>joueuses<\/strong><\/mark>&nbsp;pr\u00e9sentes ainsi que&nbsp;<strong><mark style=\"background-color:rgba(0, 0, 0, 0)\" class=\"has-inline-color has-custom-violet-color\">les coulisses de l&rsquo;\u00e9v\u00e9nement<\/mark><\/strong>&nbsp;!<\/p>\n\n\n\n<div class=\"wp-block-buttons is-layout-flex wp-block-buttons-is-layout-flex\">\n<div class=\"wp-block-button\"><a class=\"wp-block-button__link wp-element-button\" href=\"https:\/\/www.instagram.com\/wta_strasbourg\/\" target=\"_blank\" rel=\"noreferrer noopener\">Notre page Instagram<\/a><\/div>\n<\/div>\n<\/div><\/div>\n\n\n\n<div style=\"height:3px\" aria-hidden=\"true\" class=\"wp-block-spacer\"><\/div>\n\n\n\n<div class=\"wp-block-media-text\" style=\"grid-template-columns:15% auto\"><figure class=\"wp-block-media-text__media\"><img loading=\"lazy\" decoding=\"async\" width=\"1024\" height=\"1024\" src=\"https:\/\/internationaux-strasbourg.fr\/wp-content\/uploads\/2025\/03\/X-detoure-1024x1024.png\" alt=\" X \/ Twitter Internationaux de Strasbourg\" class=\"wp-image-1399 size-full\" srcset=\"https:\/\/internationaux-strasbourg.fr\/wp-content\/uploads\/2025\/03\/X-detoure-1024x1024.png 1024w, https:\/\/internationaux-strasbourg.fr\/wp-content\/uploads\/2025\/03\/X-detoure-300x300.png 300w, https:\/\/internationaux-strasbourg.fr\/wp-content\/uploads\/2025\/03\/X-detoure-150x150.png 150w, https:\/\/internationaux-strasbourg.fr\/wp-content\/uploads\/2025\/03\/X-detoure-768x768.png 768w, https:\/\/internationaux-strasbourg.fr\/wp-content\/uploads\/2025\/03\/X-detoure-12x12.png 12w, https:\/\/internationaux-strasbourg.fr\/wp-content\/uploads\/2025\/03\/X-detoure.png 1080w\" sizes=\"auto, (max-width: 1024px) 100vw, 1024px\" \/><\/figure><div class=\"wp-block-media-text__content\">\n<p>Suivez les derni\u00e8res actus du tournoi \u00e0 travers des\u00a0<strong><mark style=\"background-color:rgba(0, 0, 0, 0)\" class=\"has-inline-color has-custom-violet-color\">photos<\/mark><\/strong>, ou encore des <strong><mark style=\"background-color:rgba(0, 0, 0, 0)\" class=\"has-inline-color has-custom-violet-color\">infos scores <\/mark><\/strong>en live !\u00a0<\/p>\n\n\n\n<div class=\"wp-block-buttons is-layout-flex wp-block-buttons-is-layout-flex\">\n<div class=\"wp-block-button\"><a class=\"wp-block-button__link wp-element-button\" href=\"https:\/\/x.com\/WTA_Strasbourg\" target=\"_blank\" rel=\"noreferrer noopener\">Notre compte X<\/a><\/div>\n<\/div>\n<\/div><\/div>\n\n\n\n<div style=\"height:3px\" aria-hidden=\"true\" class=\"wp-block-spacer\"><\/div>\n\n\n\n<div class=\"wp-block-media-text\" style=\"grid-template-columns:15% auto\"><figure class=\"wp-block-media-text__media\"><img loading=\"lazy\" decoding=\"async\" width=\"1024\" height=\"1024\" src=\"https:\/\/internationaux-strasbourg.fr\/wp-content\/uploads\/2025\/03\/linkedin-detoure-1024x1024.png\" alt=\"r\u00e9seaux sociaux Internationaux de Strasbourg - LinkedIn\" class=\"wp-image-1400 size-full\" srcset=\"https:\/\/internationaux-strasbourg.fr\/wp-content\/uploads\/2025\/03\/linkedin-detoure-1024x1024.png 1024w, https:\/\/internationaux-strasbourg.fr\/wp-content\/uploads\/2025\/03\/linkedin-detoure-300x300.png 300w, https:\/\/internationaux-strasbourg.fr\/wp-content\/uploads\/2025\/03\/linkedin-detoure-150x150.png 150w, https:\/\/internationaux-strasbourg.fr\/wp-content\/uploads\/2025\/03\/linkedin-detoure-768x768.png 768w, https:\/\/internationaux-strasbourg.fr\/wp-content\/uploads\/2025\/03\/linkedin-detoure-12x12.png 12w, https:\/\/internationaux-strasbourg.fr\/wp-content\/uploads\/2025\/03\/linkedin-detoure.png 1080w\" sizes=\"auto, (max-width: 1024px) 100vw, 1024px\" \/><\/figure><div class=\"wp-block-media-text__content\">\n<p>Suivez l&rsquo;actualit\u00e9 du tournoi et de notre Village VIP o\u00f9 plus de <mark style=\"background-color:rgba(0, 0, 0, 0)\" class=\"has-inline-color has-custom-violet-color\"><strong>1000 entreprises<\/strong><\/mark> se donnent rendez-vous chaque ann\u00e9e !<\/p>\n\n\n\n<div class=\"wp-block-buttons is-layout-flex wp-block-buttons-is-layout-flex\">\n<div class=\"wp-block-button\"><a class=\"wp-block-button__link wp-element-button\" href=\"https:\/\/www.linkedin.com\/company\/internationaux-de-strasbourg\/?trk=biz-brand-tree-co-logo\" target=\"_blank\" rel=\"noreferrer noopener\">Notre page Linkedin<\/a><\/div>\n<\/div>\n<\/div><\/div>\n\n\n\n<div style=\"height:3px\" aria-hidden=\"true\" class=\"wp-block-spacer\"><\/div>\n\n\n\n<div class=\"wp-block-media-text\" style=\"grid-template-columns:15% auto\"><figure class=\"wp-block-media-text__media\"><img loading=\"lazy\" decoding=\"async\" width=\"1024\" height=\"1024\" src=\"https:\/\/internationaux-strasbourg.fr\/wp-content\/uploads\/2025\/03\/logo-youtube-1024x1024.png\" alt=\"YouTube Internationaux de Strasbourg\" class=\"wp-image-1408 size-full\" srcset=\"https:\/\/internationaux-strasbourg.fr\/wp-content\/uploads\/2025\/03\/logo-youtube-1024x1024.png 1024w, https:\/\/internationaux-strasbourg.fr\/wp-content\/uploads\/2025\/03\/logo-youtube-300x300.png 300w, https:\/\/internationaux-strasbourg.fr\/wp-content\/uploads\/2025\/03\/logo-youtube-150x150.png 150w, https:\/\/internationaux-strasbourg.fr\/wp-content\/uploads\/2025\/03\/logo-youtube-768x768.png 768w, https:\/\/internationaux-strasbourg.fr\/wp-content\/uploads\/2025\/03\/logo-youtube-12x12.png 12w, https:\/\/internationaux-strasbourg.fr\/wp-content\/uploads\/2025\/03\/logo-youtube.png 1080w\" sizes=\"auto, (max-width: 1024px) 100vw, 1024px\" \/><\/figure><div class=\"wp-block-media-text__content\">\n<p>D\u00e9couvrez les\u00a0<strong><mark style=\"background-color:rgba(0, 0, 0, 0)\" class=\"has-inline-color has-custom-violet-color\">#IS<\/mark><\/strong>, <mark style=\"background-color:rgba(0, 0, 0, 0)\" class=\"has-inline-color has-custom-violet-color\"><strong>pr\u00e9sent\u00e9s par MAMMOTION<\/strong><\/mark>\u00a0avec des\u00a0<strong><mark style=\"background-color:rgba(0, 0, 0, 0)\" class=\"has-inline-color has-custom-violet-color\">interviews<\/mark><\/strong>, des\u00a0<mark style=\"background-color:rgba(0, 0, 0, 0)\" class=\"has-inline-color has-custom-violet-color\"><strong>r\u00e9cap<\/strong>&lsquo;<\/mark> et plus encore !\u00a0<\/p>\n\n\n\n<div class=\"wp-block-buttons is-layout-flex wp-block-buttons-is-layout-flex\">\n<div class=\"wp-block-button\"><a class=\"wp-block-button__link wp-element-button\" href=\"https:\/\/www.youtube.com\/@internationauxdestrasbourg\" target=\"_blank\" rel=\"noreferrer noopener\">Notre cha\u00eene YouTube<\/a><\/div>\n<\/div>\n<\/div><\/div>\n\n\n\n<div style=\"height:3px\" aria-hidden=\"true\" class=\"wp-block-spacer\"><\/div>\n\n\n\n<div class=\"wp-block-media-text\" style=\"grid-template-columns:15% auto\"><figure class=\"wp-block-media-text__media\"><img loading=\"lazy\" decoding=\"async\" width=\"1024\" height=\"1024\" src=\"https:\/\/internationaux-strasbourg.fr\/wp-content\/uploads\/2025\/03\/logo-Tiktok-1024x1024.png\" alt=\"IS - TikTok\" class=\"wp-image-1410 size-full\" srcset=\"https:\/\/internationaux-strasbourg.fr\/wp-content\/uploads\/2025\/03\/logo-Tiktok-1024x1024.png 1024w, https:\/\/internationaux-strasbourg.fr\/wp-content\/uploads\/2025\/03\/logo-Tiktok-300x300.png 300w, https:\/\/internationaux-strasbourg.fr\/wp-content\/uploads\/2025\/03\/logo-Tiktok-150x150.png 150w, https:\/\/internationaux-strasbourg.fr\/wp-content\/uploads\/2025\/03\/logo-Tiktok-768x768.png 768w, https:\/\/internationaux-strasbourg.fr\/wp-content\/uploads\/2025\/03\/logo-Tiktok-12x12.png 12w, https:\/\/internationaux-strasbourg.fr\/wp-content\/uploads\/2025\/03\/logo-Tiktok.png 1080w\" sizes=\"auto, (max-width: 1024px) 100vw, 1024px\" \/><\/figure><div class=\"wp-block-media-text__content\">\n<p>D\u00e9couvrez les <strong><mark style=\"background-color:rgba(0, 0, 0, 0)\" class=\"has-inline-color has-custom-violet-color\">coulisses des #IS<\/mark><\/strong>, <mark style=\"background-color:rgba(0, 0, 0, 0)\" class=\"has-inline-color has-custom-violet-color\"><strong>pr\u00e9sent\u00e9s par MAMMOTION<\/strong><\/mark> et profitez de contenus exclusifs avec les <strong><mark style=\"background-color:rgba(0, 0, 0, 0)\" class=\"has-inline-color has-custom-violet-color\">joueuses<\/mark><\/strong>.<\/p>\n\n\n\n<div class=\"wp-block-buttons is-layout-flex wp-block-buttons-is-layout-flex\">\n<div class=\"wp-block-button\"><a class=\"wp-block-button__link wp-element-button\" href=\"https:\/\/www.tiktok.com\/@wta_strasbourg\" target=\"_blank\" rel=\"noreferrer noopener\">Notre compte TikTok<\/a><\/div>\n<\/div>\n<\/div><\/div>\n\n\n\n<div style=\"height:100px\" aria-hidden=\"true\" class=\"wp-block-spacer\"><\/div>\n","protected":false},"excerpt":{"rendered":"<p>Chaque jour, de\u00a0nouveaux fans rejoignent les Internationaux de Strasbourg, pr\u00e9sent\u00e9s par MAMMOTION sur les\u00a0r\u00e9seaux sociaux officiels pour suivre l&rsquo;actualit\u00e9 du tournoi, acc\u00e9der \u00e0 des contenus exclusifs, profiter d&rsquo;offres sur la billetterie officielle et interagir avec l&rsquo;\u00e9quipe d&rsquo;organisation et les joueuses ! Et vous, vous nous suivez ?<\/p>\n","protected":false},"author":2,"featured_media":0,"parent":1346,"menu_order":3,"comment_status":"closed","ping_status":"closed","template":"","meta":{"footnotes":""},"class_list":["post-1351","page","type-page","status-publish","hentry"],"yoast_head":"<!-- This site is optimized with the Yoast SEO plugin v26.6 - https:\/\/yoast.com\/wordpress\/plugins\/seo\/ -->\n<title>Nos r\u00e9seaux sociaux - INTERNATIONAUX DE STRASBOURG<\/title>\n<meta name=\"description\" content=\"Gr\u00e2ce \u00e0 nos r\u00e9seaux sociaux, vous pouvez suivre l&#039;actualit\u00e9 des Internationaux de Strasbourg et acc\u00e9der \u00e0 du contenu exclusif !\" \/>\n<meta name=\"robots\" content=\"index, follow, max-snippet:-1, max-image-preview:large, max-video-preview:-1\" \/>\n<link rel=\"canonical\" href=\"https:\/\/internationaux-strasbourg.fr\/fr\/medias-et-presse\/nos-reseaux-sociaux\/\" \/>\n<meta property=\"og:locale\" content=\"fr_FR\" \/>\n<meta property=\"og:type\" content=\"article\" \/>\n<meta property=\"og:title\" content=\"Nos r\u00e9seaux sociaux - INTERNATIONAUX DE STRASBOURG\" \/>\n<meta property=\"og:description\" content=\"Gr\u00e2ce \u00e0 nos r\u00e9seaux sociaux, vous pouvez suivre l&#039;actualit\u00e9 des Internationaux de Strasbourg et acc\u00e9der \u00e0 du contenu exclusif !\" \/>\n<meta property=\"og:url\" content=\"https:\/\/internationaux-strasbourg.fr\/fr\/medias-et-presse\/nos-reseaux-sociaux\/\" \/>\n<meta property=\"og:site_name\" content=\"INTERNATIONAUX DE STRASBOURG\" \/>\n<meta property=\"article:publisher\" content=\"https:\/\/www.facebook.com\/INTERNATIONAUXSTRASBOURG\/\" \/>\n<meta property=\"article:modified_time\" content=\"2026-02-12T10:59:18+00:00\" \/>\n<meta property=\"og:image\" content=\"https:\/\/internationaux-strasbourg.fr\/wp-content\/uploads\/2025\/07\/mockup-ordi--1024x576.jpg\" \/>\n<meta name=\"twitter:card\" content=\"summary_large_image\" \/>\n<meta name=\"twitter:site\" content=\"@WTA_Strasbourg\" \/>\n<meta name=\"twitter:label1\" content=\"Dur\u00e9e de lecture estim\u00e9e\" \/>\n\t<meta name=\"twitter:data1\" content=\"3 minutes\" \/>\n<script type=\"application\/ld+json\" class=\"yoast-schema-graph\">{\"@context\":\"https:\/\/schema.org\",\"@graph\":[{\"@type\":\"WebPage\",\"@id\":\"https:\/\/internationaux-strasbourg.fr\/fr\/medias-et-presse\/nos-reseaux-sociaux\/\",\"url\":\"https:\/\/internationaux-strasbourg.fr\/fr\/medias-et-presse\/nos-reseaux-sociaux\/\",\"name\":\"Nos r\u00e9seaux sociaux - INTERNATIONAUX DE STRASBOURG\",\"isPartOf\":{\"@id\":\"https:\/\/internationaux-strasbourg.fr\/fr\/#website\"},\"primaryImageOfPage\":{\"@id\":\"https:\/\/internationaux-strasbourg.fr\/fr\/medias-et-presse\/nos-reseaux-sociaux\/#primaryimage\"},\"image\":{\"@id\":\"https:\/\/internationaux-strasbourg.fr\/fr\/medias-et-presse\/nos-reseaux-sociaux\/#primaryimage\"},\"thumbnailUrl\":\"https:\/\/internationaux-strasbourg.fr\/wp-content\/uploads\/2025\/07\/mockup-ordi--1024x576.jpg\",\"datePublished\":\"2025-03-11T10:02:59+00:00\",\"dateModified\":\"2026-02-12T10:59:18+00:00\",\"description\":\"Gr\u00e2ce \u00e0 nos r\u00e9seaux sociaux, vous pouvez suivre l'actualit\u00e9 des Internationaux de Strasbourg et acc\u00e9der \u00e0 du contenu exclusif !\",\"breadcrumb\":{\"@id\":\"https:\/\/internationaux-strasbourg.fr\/fr\/medias-et-presse\/nos-reseaux-sociaux\/#breadcrumb\"},\"inLanguage\":\"fr-FR\",\"potentialAction\":[{\"@type\":\"ReadAction\",\"target\":[\"https:\/\/internationaux-strasbourg.fr\/fr\/medias-et-presse\/nos-reseaux-sociaux\/\"]}]},{\"@type\":\"ImageObject\",\"inLanguage\":\"fr-FR\",\"@id\":\"https:\/\/internationaux-strasbourg.fr\/fr\/medias-et-presse\/nos-reseaux-sociaux\/#primaryimage\",\"url\":\"https:\/\/internationaux-strasbourg.fr\/wp-content\/uploads\/2025\/07\/mockup-ordi--1024x576.jpg\",\"contentUrl\":\"https:\/\/internationaux-strasbourg.fr\/wp-content\/uploads\/2025\/07\/mockup-ordi--1024x576.jpg\"},{\"@type\":\"BreadcrumbList\",\"@id\":\"https:\/\/internationaux-strasbourg.fr\/fr\/medias-et-presse\/nos-reseaux-sociaux\/#breadcrumb\",\"itemListElement\":[{\"@type\":\"ListItem\",\"position\":1,\"name\":\"Home\",\"item\":\"https:\/\/internationaux-strasbourg.fr\/fr\/\"},{\"@type\":\"ListItem\",\"position\":2,\"name\":\"Nos r\u00e9seaux sociaux\"}]},{\"@type\":\"WebSite\",\"@id\":\"https:\/\/internationaux-strasbourg.fr\/fr\/#website\",\"url\":\"https:\/\/internationaux-strasbourg.fr\/fr\/\",\"name\":\"Internationaux de Strasbourg\",\"description\":\"\",\"publisher\":{\"@id\":\"https:\/\/internationaux-strasbourg.fr\/fr\/#organization\"},\"potentialAction\":[{\"@type\":\"SearchAction\",\"target\":{\"@type\":\"EntryPoint\",\"urlTemplate\":\"https:\/\/internationaux-strasbourg.fr\/fr\/?s={search_term_string}\"},\"query-input\":{\"@type\":\"PropertyValueSpecification\",\"valueRequired\":true,\"valueName\":\"search_term_string\"}}],\"inLanguage\":\"fr-FR\"},{\"@type\":\"Organization\",\"@id\":\"https:\/\/internationaux-strasbourg.fr\/fr\/#organization\",\"name\":\"Internationaux de Strasbourg\",\"url\":\"https:\/\/internationaux-strasbourg.fr\/fr\/\",\"logo\":{\"@type\":\"ImageObject\",\"inLanguage\":\"fr-FR\",\"@id\":\"https:\/\/internationaux-strasbourg.fr\/fr\/#\/schema\/logo\/image\/\",\"url\":\"http:\/\/is.local\/wp-content\/uploads\/2024\/12\/Logo-composite-noir-e1734341181451.png\",\"contentUrl\":\"http:\/\/is.local\/wp-content\/uploads\/2024\/12\/Logo-composite-noir-e1734341181451.png\",\"width\":300,\"height\":103,\"caption\":\"Internationaux de Strasbourg\"},\"image\":{\"@id\":\"https:\/\/internationaux-strasbourg.fr\/fr\/#\/schema\/logo\/image\/\"},\"sameAs\":[\"https:\/\/www.facebook.com\/INTERNATIONAUXSTRASBOURG\/\",\"https:\/\/x.com\/WTA_Strasbourg\",\"https:\/\/www.instagram.com\/WTA_Strasbourg\",\"https:\/\/www.youtube.com\/user\/istennis2014\",\"https:\/\/www.linkedin.com\/showcase\/internationaux-de-strasbourg\/\"]}]}<\/script>\n<!-- \/ Yoast SEO plugin. -->","yoast_head_json":{"title":"Nos r\u00e9seaux sociaux - INTERNATIONAUX DE STRASBOURG","description":"Gr\u00e2ce \u00e0 nos r\u00e9seaux sociaux, vous pouvez suivre l'actualit\u00e9 des Internationaux de Strasbourg et acc\u00e9der \u00e0 du contenu exclusif !","robots":{"index":"index","follow":"follow","max-snippet":"max-snippet:-1","max-image-preview":"max-image-preview:large","max-video-preview":"max-video-preview:-1"},"canonical":"https:\/\/internationaux-strasbourg.fr\/fr\/medias-et-presse\/nos-reseaux-sociaux\/","og_locale":"fr_FR","og_type":"article","og_title":"Nos r\u00e9seaux sociaux - INTERNATIONAUX DE STRASBOURG","og_description":"Gr\u00e2ce \u00e0 nos r\u00e9seaux sociaux, vous pouvez suivre l'actualit\u00e9 des Internationaux de Strasbourg et acc\u00e9der \u00e0 du contenu exclusif !","og_url":"https:\/\/internationaux-strasbourg.fr\/fr\/medias-et-presse\/nos-reseaux-sociaux\/","og_site_name":"INTERNATIONAUX DE STRASBOURG","article_publisher":"https:\/\/www.facebook.com\/INTERNATIONAUXSTRASBOURG\/","article_modified_time":"2026-02-12T10:59:18+00:00","og_image":[{"url":"https:\/\/internationaux-strasbourg.fr\/wp-content\/uploads\/2025\/07\/mockup-ordi--1024x576.jpg","type":"","width":"","height":""}],"twitter_card":"summary_large_image","twitter_site":"@WTA_Strasbourg","twitter_misc":{"Dur\u00e9e de lecture estim\u00e9e":"3 minutes"},"schema":{"@context":"https:\/\/schema.org","@graph":[{"@type":"WebPage","@id":"https:\/\/internationaux-strasbourg.fr\/fr\/medias-et-presse\/nos-reseaux-sociaux\/","url":"https:\/\/internationaux-strasbourg.fr\/fr\/medias-et-presse\/nos-reseaux-sociaux\/","name":"Nos r\u00e9seaux sociaux - INTERNATIONAUX DE STRASBOURG","isPartOf":{"@id":"https:\/\/internationaux-strasbourg.fr\/fr\/#website"},"primaryImageOfPage":{"@id":"https:\/\/internationaux-strasbourg.fr\/fr\/medias-et-presse\/nos-reseaux-sociaux\/#primaryimage"},"image":{"@id":"https:\/\/internationaux-strasbourg.fr\/fr\/medias-et-presse\/nos-reseaux-sociaux\/#primaryimage"},"thumbnailUrl":"https:\/\/internationaux-strasbourg.fr\/wp-content\/uploads\/2025\/07\/mockup-ordi--1024x576.jpg","datePublished":"2025-03-11T10:02:59+00:00","dateModified":"2026-02-12T10:59:18+00:00","description":"Gr\u00e2ce \u00e0 nos r\u00e9seaux sociaux, vous pouvez suivre l'actualit\u00e9 des Internationaux de Strasbourg et acc\u00e9der \u00e0 du contenu exclusif !","breadcrumb":{"@id":"https:\/\/internationaux-strasbourg.fr\/fr\/medias-et-presse\/nos-reseaux-sociaux\/#breadcrumb"},"inLanguage":"fr-FR","potentialAction":[{"@type":"ReadAction","target":["https:\/\/internationaux-strasbourg.fr\/fr\/medias-et-presse\/nos-reseaux-sociaux\/"]}]},{"@type":"ImageObject","inLanguage":"fr-FR","@id":"https:\/\/internationaux-strasbourg.fr\/fr\/medias-et-presse\/nos-reseaux-sociaux\/#primaryimage","url":"https:\/\/internationaux-strasbourg.fr\/wp-content\/uploads\/2025\/07\/mockup-ordi--1024x576.jpg","contentUrl":"https:\/\/internationaux-strasbourg.fr\/wp-content\/uploads\/2025\/07\/mockup-ordi--1024x576.jpg"},{"@type":"BreadcrumbList","@id":"https:\/\/internationaux-strasbourg.fr\/fr\/medias-et-presse\/nos-reseaux-sociaux\/#breadcrumb","itemListElement":[{"@type":"ListItem","position":1,"name":"Home","item":"https:\/\/internationaux-strasbourg.fr\/fr\/"},{"@type":"ListItem","position":2,"name":"Nos r\u00e9seaux sociaux"}]},{"@type":"WebSite","@id":"https:\/\/internationaux-strasbourg.fr\/fr\/#website","url":"https:\/\/internationaux-strasbourg.fr\/fr\/","name":"Internationaux de Strasbourg","description":"","publisher":{"@id":"https:\/\/internationaux-strasbourg.fr\/fr\/#organization"},"potentialAction":[{"@type":"SearchAction","target":{"@type":"EntryPoint","urlTemplate":"https:\/\/internationaux-strasbourg.fr\/fr\/?s={search_term_string}"},"query-input":{"@type":"PropertyValueSpecification","valueRequired":true,"valueName":"search_term_string"}}],"inLanguage":"fr-FR"},{"@type":"Organization","@id":"https:\/\/internationaux-strasbourg.fr\/fr\/#organization","name":"Internationaux de Strasbourg","url":"https:\/\/internationaux-strasbourg.fr\/fr\/","logo":{"@type":"ImageObject","inLanguage":"fr-FR","@id":"https:\/\/internationaux-strasbourg.fr\/fr\/#\/schema\/logo\/image\/","url":"http:\/\/is.local\/wp-content\/uploads\/2024\/12\/Logo-composite-noir-e1734341181451.png","contentUrl":"http:\/\/is.local\/wp-content\/uploads\/2024\/12\/Logo-composite-noir-e1734341181451.png","width":300,"height":103,"caption":"Internationaux de Strasbourg"},"image":{"@id":"https:\/\/internationaux-strasbourg.fr\/fr\/#\/schema\/logo\/image\/"},"sameAs":["https:\/\/www.facebook.com\/INTERNATIONAUXSTRASBOURG\/","https:\/\/x.com\/WTA_Strasbourg","https:\/\/www.instagram.com\/WTA_Strasbourg","https:\/\/www.youtube.com\/user\/istennis2014","https:\/\/www.linkedin.com\/showcase\/internationaux-de-strasbourg\/"]}]}},"_links":{"self":[{"href":"https:\/\/internationaux-strasbourg.fr\/fr\/wp-json\/wp\/v2\/pages\/1351","targetHints":{"allow":["GET"]}}],"collection":[{"href":"https:\/\/internationaux-strasbourg.fr\/fr\/wp-json\/wp\/v2\/pages"}],"about":[{"href":"https:\/\/internationaux-strasbourg.fr\/fr\/wp-json\/wp\/v2\/types\/page"}],"author":[{"embeddable":true,"href":"https:\/\/internationaux-strasbourg.fr\/fr\/wp-json\/wp\/v2\/users\/2"}],"replies":[{"embeddable":true,"href":"https:\/\/internationaux-strasbourg.fr\/fr\/wp-json\/wp\/v2\/comments?post=1351"}],"version-history":[{"count":10,"href":"https:\/\/internationaux-strasbourg.fr\/fr\/wp-json\/wp\/v2\/pages\/1351\/revisions"}],"predecessor-version":[{"id":2851,"href":"https:\/\/internationaux-strasbourg.fr\/fr\/wp-json\/wp\/v2\/pages\/1351\/revisions\/2851"}],"up":[{"embeddable":true,"href":"https:\/\/internationaux-strasbourg.fr\/fr\/wp-json\/wp\/v2\/pages\/1346"}],"wp:attachment":[{"href":"https:\/\/internationaux-strasbourg.fr\/fr\/wp-json\/wp\/v2\/media?parent=1351"}],"curies":[{"name":"wp","href":"https:\/\/api.w.org\/{rel}","templated":true}]}}