{"id":648,"date":"2025-01-23T13:39:20","date_gmt":"2025-01-23T13:39:20","guid":{"rendered":"http:\/\/is.local\/?page_id=648"},"modified":"2026-04-07T07:54:38","modified_gmt":"2026-04-07T07:54:38","slug":"les-joueuses","status":"publish","type":"page","link":"https:\/\/internationaux-strasbourg.fr\/en\/les-joueuses\/","title":{"rendered":"Main draw"},"content":{"rendered":"<div class=\"wp-block-query is-layout-flow wp-block-query-is-layout-flow\">\n<p>Chaque ann\u00e9e, les Internationaux de Strasbourg, pr\u00e9sent\u00e9s par MAMMOTION accueillent les meilleures joueuses mondiales, au pied du Parlement Europ\u00e9en, la semaine avant Roland-Garros. <\/p>\n\n\n\n<p><strong><mark style=\"background-color:rgba(0, 0, 0, 0)\" class=\"has-inline-color has-custom-violet-color\"><em>Le plateau des joueuses des #IS26 sera d\u00e9voil\u00e9 le 28 avril 2026<\/em><\/mark><\/strong><\/p>\n<\/div>\n\n\n\n<div class=\"wp-block-buttons is-content-justification-center is-layout-flex wp-container-core-buttons-is-layout-a89b3969 wp-block-buttons-is-layout-flex\">\n<div class=\"wp-block-button\"><a class=\"wp-block-button__link has-text-align-right wp-element-button\" href=\"https:\/\/internationaux-strasbourg.fr\/en\/le-plateau-des-is25-est-devoile\/\" target=\"_blank\" rel=\"noreferrer noopener\">TOUTES LES JOUEUSES (simple) DES #IS25<\/a><\/div>\n<\/div>\n\n\n\n<div style=\"height:12px\" aria-hidden=\"true\" class=\"wp-block-spacer\"><\/div>\n\n\n\n<h2 class=\"wp-block-heading\">PLATEAU DES JOUEUSES &#8211; SIMPLE<\/h2>\n\n\n\n<div class=\"wp-block-group is-layout-grid wp-container-core-group-is-layout-b757edec wp-block-group-is-layout-grid\">\n<figure class=\"wp-block-image size-large wp-container-content-5e2576f9\"><img loading=\"lazy\" decoding=\"async\" width=\"819\" height=\"1024\" src=\"https:\/\/internationaux-strasbourg.fr\/wp-content\/uploads\/2025\/04\/Annonce-joueuses-819x1024.png\" alt=\"\" class=\"wp-image-2115\" srcset=\"https:\/\/internationaux-strasbourg.fr\/wp-content\/uploads\/2025\/04\/Annonce-joueuses-819x1024.png 819w, https:\/\/internationaux-strasbourg.fr\/wp-content\/uploads\/2025\/04\/Annonce-joueuses-240x300.png 240w, https:\/\/internationaux-strasbourg.fr\/wp-content\/uploads\/2025\/04\/Annonce-joueuses-768x960.png 768w, https:\/\/internationaux-strasbourg.fr\/wp-content\/uploads\/2025\/04\/Annonce-joueuses-10x12.png 10w, https:\/\/internationaux-strasbourg.fr\/wp-content\/uploads\/2025\/04\/Annonce-joueuses.png 1080w\" sizes=\"auto, (max-width: 819px) 100vw, 819px\" \/><\/figure>\n\n\n\n<p class=\"wp-container-content-5e2576f9\"><strong>4 players of the world top 10: <\/strong><br>\u2022 Jessica Pegula. N\u00b04<strong><br><\/strong>\u2022 Paula Badosa. N\u00b09<br>\u2022 Emma Navarro. N\u00b010<br><br><strong>6 players of the world top 20: <\/strong><br>\u2022 Elena Rybakina. N\u00b012<strong><br><\/strong>\u2022 Daria Kasatkina. N\u00b014<br>\u2022 Barbora Krejcikova. N\u00b015<br>\u2022 Elina Svitolina. N\u00b017<br>\u2022 Beatriz Haddad Maia. N\u00b019<br>\u2022 Liudmila Samsonova. N\u00b020<br><br>... and more !<br><br>Click <a href=\"https:\/\/internationaux-strasbourg.fr\/en\/le-plateau-des-is25-est-devoile\/\" target=\"_blank\" rel=\"noreferrer noopener\">here<\/a> to find out the entire #IS25 main draw.<br><br><br><br><\/p>\n<\/div>\n\n\n\n<h2 class=\"wp-block-heading\">PLATEAU DES JOUEUSES &#8211; DOUBLE<\/h2>\n\n\n\n<p>Liste des paires inscrites dans le tableau de double 2025 :<\/p>\n\n\n\n<p><strong><mark style=\"background-color:rgba(0, 0, 0, 0)\" class=\"has-inline-color has-custom-violet-color\">TABLEAU FINAL :<\/mark><\/strong><\/p>\n\n\n\n<p>GABRIELA DABROWSKI \/ ERIN ROUTLIFFE<\/p>\n\n\n\n<p>DESIRAE KRAWCZYK \/ ELLEN PEREZ<\/p>\n\n\n\n<p>LYUDMYLA KICHENOK \/ NADIIA KICHENO<\/p>\n\n\n\n<p>XINYU JIANG \/ FANG-HSIEN WU<\/p>\n\n\n\n<p>HANYU GUO \/ NICOLE MELICHAR- MARTINEZ&nbsp;<\/p>\n\n\n\n<p>TEREZA MIHALIKOVA \/ OLIVIA NICHOLLS<\/p>\n\n\n\n<p>SHUKO AOYAMA \/ HAO-CHING CHAN<\/p>\n\n\n\n<p>CRISTINA BUCSA \/&nbsp; YIFAN XU<\/p>\n\n\n\n<p>TIMEA BABOS \/ LUISA STEFANI&nbsp;<\/p>\n\n\n\n<p>MIYU KATO \/ ALDILA SUTJIADI<\/p>\n\n\n\n<p>XINYU WANG \/ SAISAI ZHENG&nbsp;<\/p>","protected":false},"excerpt":{"rendered":"<p>PLATEAU DES JOUEUSES &#8211; SIMPLE 3 joueuses du Top 10 mondial : \u2022 Jessica Pegula. N\u00b04\u2022 Paula Badosa. N\u00b09\u2022 Emma Navarro. N\u00b010 6 joueuses du Top 20 mondial : \u2022 Elena Rybakina. N\u00b012\u2022 Daria Kasatkina. N\u00b014\u2022 Barbora Krejcikova. N\u00b015\u2022 Elina Svitolina. N\u00b017\u2022 Beatriz Haddad Maia. N\u00b019\u2022 Liudmila Samsonova. N\u00b020 &#8230; et bien d&rsquo;autres ! Cliquez [&hellip;]<\/p>","protected":false},"author":1,"featured_media":1666,"parent":0,"menu_order":3,"comment_status":"closed","ping_status":"closed","template":"","meta":{"footnotes":""},"class_list":["post-648","page","type-page","status-publish","has-post-thumbnail","hentry"],"yoast_head":"<!-- This site is optimized with the Yoast SEO plugin v26.6 - https:\/\/yoast.com\/wordpress\/plugins\/seo\/ -->\n<title>Le plateau des joueuses - INTERNATIONAUX DE STRASBOURG<\/title>\n<meta name=\"description\" content=\"D\u00e9couvrez le plateau des joueuses des Internationaux de Strasbourg ! Les meilleures joueuses mondiales seront pr\u00e9sentes aux #IS.\" \/>\n<meta name=\"robots\" content=\"index, follow, max-snippet:-1, max-image-preview:large, max-video-preview:-1\" \/>\n<link rel=\"canonical\" href=\"https:\/\/internationaux-strasbourg.fr\/en\/les-joueuses\/\" \/>\n<meta property=\"og:locale\" content=\"en_US\" \/>\n<meta property=\"og:type\" content=\"article\" \/>\n<meta property=\"og:title\" content=\"Le plateau des joueuses - INTERNATIONAUX DE STRASBOURG\" \/>\n<meta property=\"og:description\" content=\"D\u00e9couvrez le plateau des joueuses des Internationaux de Strasbourg ! Les meilleures joueuses mondiales seront pr\u00e9sentes aux #IS.\" \/>\n<meta property=\"og:url\" content=\"https:\/\/internationaux-strasbourg.fr\/en\/les-joueuses\/\" \/>\n<meta property=\"og:site_name\" content=\"INTERNATIONAUX DE STRASBOURG\" \/>\n<meta property=\"article:publisher\" content=\"https:\/\/www.facebook.com\/INTERNATIONAUXSTRASBOURG\/\" \/>\n<meta property=\"article:modified_time\" content=\"2026-04-07T07:54:38+00:00\" \/>\n<meta property=\"og:image\" content=\"https:\/\/internationaux-strasbourg.fr\/wp-content\/uploads\/2025\/03\/WhatsApp-Image-2024-05-19-at-18.32.17.jpeg\" \/>\n\t<meta property=\"og:image:width\" content=\"1296\" \/>\n\t<meta property=\"og:image:height\" content=\"922\" \/>\n\t<meta property=\"og:image:type\" content=\"image\/jpeg\" \/>\n<meta name=\"twitter:card\" content=\"summary_large_image\" \/>\n<meta name=\"twitter:site\" content=\"@WTA_Strasbourg\" \/>\n<meta name=\"twitter:label1\" content=\"Est. reading time\" \/>\n\t<meta name=\"twitter:data1\" content=\"2 minutes\" \/>\n<script type=\"application\/ld+json\" class=\"yoast-schema-graph\">{\"@context\":\"https:\/\/schema.org\",\"@graph\":[{\"@type\":\"WebPage\",\"@id\":\"https:\/\/internationaux-strasbourg.fr\/en\/les-joueuses\/\",\"url\":\"https:\/\/internationaux-strasbourg.fr\/en\/les-joueuses\/\",\"name\":\"Le plateau des joueuses - INTERNATIONAUX DE STRASBOURG\",\"isPartOf\":{\"@id\":\"https:\/\/internationaux-strasbourg.fr\/en\/#website\"},\"primaryImageOfPage\":{\"@id\":\"https:\/\/internationaux-strasbourg.fr\/en\/les-joueuses\/#primaryimage\"},\"image\":{\"@id\":\"https:\/\/internationaux-strasbourg.fr\/en\/les-joueuses\/#primaryimage\"},\"thumbnailUrl\":\"https:\/\/internationaux-strasbourg.fr\/wp-content\/uploads\/2025\/03\/WhatsApp-Image-2024-05-19-at-18.32.17.jpeg\",\"datePublished\":\"2025-01-23T13:39:20+00:00\",\"dateModified\":\"2026-04-07T07:54:38+00:00\",\"description\":\"D\u00e9couvrez le plateau des joueuses des Internationaux de Strasbourg ! Les meilleures joueuses mondiales seront pr\u00e9sentes aux #IS.\",\"breadcrumb\":{\"@id\":\"https:\/\/internationaux-strasbourg.fr\/en\/les-joueuses\/#breadcrumb\"},\"inLanguage\":\"en-US\",\"potentialAction\":[{\"@type\":\"ReadAction\",\"target\":[\"https:\/\/internationaux-strasbourg.fr\/en\/les-joueuses\/\"]}]},{\"@type\":\"ImageObject\",\"inLanguage\":\"en-US\",\"@id\":\"https:\/\/internationaux-strasbourg.fr\/en\/les-joueuses\/#primaryimage\",\"url\":\"https:\/\/internationaux-strasbourg.fr\/wp-content\/uploads\/2025\/03\/WhatsApp-Image-2024-05-19-at-18.32.17.jpeg\",\"contentUrl\":\"https:\/\/internationaux-strasbourg.fr\/wp-content\/uploads\/2025\/03\/WhatsApp-Image-2024-05-19-at-18.32.17.jpeg\",\"width\":1296,\"height\":922},{\"@type\":\"BreadcrumbList\",\"@id\":\"https:\/\/internationaux-strasbourg.fr\/en\/les-joueuses\/#breadcrumb\",\"itemListElement\":[{\"@type\":\"ListItem\",\"position\":1,\"name\":\"Home\",\"item\":\"https:\/\/internationaux-strasbourg.fr\/en\/\"},{\"@type\":\"ListItem\",\"position\":2,\"name\":\"Le plateau des joueuses\"}]},{\"@type\":\"WebSite\",\"@id\":\"https:\/\/internationaux-strasbourg.fr\/en\/#website\",\"url\":\"https:\/\/internationaux-strasbourg.fr\/en\/\",\"name\":\"Internationaux de Strasbourg\",\"description\":\"\",\"publisher\":{\"@id\":\"https:\/\/internationaux-strasbourg.fr\/en\/#organization\"},\"potentialAction\":[{\"@type\":\"SearchAction\",\"target\":{\"@type\":\"EntryPoint\",\"urlTemplate\":\"https:\/\/internationaux-strasbourg.fr\/en\/?s={search_term_string}\"},\"query-input\":{\"@type\":\"PropertyValueSpecification\",\"valueRequired\":true,\"valueName\":\"search_term_string\"}}],\"inLanguage\":\"en-US\"},{\"@type\":\"Organization\",\"@id\":\"https:\/\/internationaux-strasbourg.fr\/en\/#organization\",\"name\":\"Internationaux de Strasbourg\",\"url\":\"https:\/\/internationaux-strasbourg.fr\/en\/\",\"logo\":{\"@type\":\"ImageObject\",\"inLanguage\":\"en-US\",\"@id\":\"https:\/\/internationaux-strasbourg.fr\/en\/#\/schema\/logo\/image\/\",\"url\":\"http:\/\/is.local\/wp-content\/uploads\/2024\/12\/Logo-composite-noir-e1734341181451.png\",\"contentUrl\":\"http:\/\/is.local\/wp-content\/uploads\/2024\/12\/Logo-composite-noir-e1734341181451.png\",\"width\":300,\"height\":103,\"caption\":\"Internationaux de Strasbourg\"},\"image\":{\"@id\":\"https:\/\/internationaux-strasbourg.fr\/en\/#\/schema\/logo\/image\/\"},\"sameAs\":[\"https:\/\/www.facebook.com\/INTERNATIONAUXSTRASBOURG\/\",\"https:\/\/x.com\/WTA_Strasbourg\",\"https:\/\/www.instagram.com\/WTA_Strasbourg\",\"https:\/\/www.youtube.com\/user\/istennis2014\",\"https:\/\/www.linkedin.com\/showcase\/internationaux-de-strasbourg\/\"]}]}<\/script>\n<!-- \/ Yoast SEO plugin. -->","yoast_head_json":{"title":"Le plateau des joueuses - INTERNATIONAUX DE STRASBOURG","description":"D\u00e9couvrez le plateau des joueuses des Internationaux de Strasbourg ! Les meilleures joueuses mondiales seront pr\u00e9sentes aux #IS.","robots":{"index":"index","follow":"follow","max-snippet":"max-snippet:-1","max-image-preview":"max-image-preview:large","max-video-preview":"max-video-preview:-1"},"canonical":"https:\/\/internationaux-strasbourg.fr\/en\/les-joueuses\/","og_locale":"en_US","og_type":"article","og_title":"Le plateau des joueuses - INTERNATIONAUX DE STRASBOURG","og_description":"D\u00e9couvrez le plateau des joueuses des Internationaux de Strasbourg ! Les meilleures joueuses mondiales seront pr\u00e9sentes aux #IS.","og_url":"https:\/\/internationaux-strasbourg.fr\/en\/les-joueuses\/","og_site_name":"INTERNATIONAUX DE STRASBOURG","article_publisher":"https:\/\/www.facebook.com\/INTERNATIONAUXSTRASBOURG\/","article_modified_time":"2026-04-07T07:54:38+00:00","og_image":[{"width":1296,"height":922,"url":"https:\/\/internationaux-strasbourg.fr\/wp-content\/uploads\/2025\/03\/WhatsApp-Image-2024-05-19-at-18.32.17.jpeg","type":"image\/jpeg"}],"twitter_card":"summary_large_image","twitter_site":"@WTA_Strasbourg","twitter_misc":{"Est. reading time":"2 minutes"},"schema":{"@context":"https:\/\/schema.org","@graph":[{"@type":"WebPage","@id":"https:\/\/internationaux-strasbourg.fr\/en\/les-joueuses\/","url":"https:\/\/internationaux-strasbourg.fr\/en\/les-joueuses\/","name":"Le plateau des joueuses - INTERNATIONAUX DE STRASBOURG","isPartOf":{"@id":"https:\/\/internationaux-strasbourg.fr\/en\/#website"},"primaryImageOfPage":{"@id":"https:\/\/internationaux-strasbourg.fr\/en\/les-joueuses\/#primaryimage"},"image":{"@id":"https:\/\/internationaux-strasbourg.fr\/en\/les-joueuses\/#primaryimage"},"thumbnailUrl":"https:\/\/internationaux-strasbourg.fr\/wp-content\/uploads\/2025\/03\/WhatsApp-Image-2024-05-19-at-18.32.17.jpeg","datePublished":"2025-01-23T13:39:20+00:00","dateModified":"2026-04-07T07:54:38+00:00","description":"D\u00e9couvrez le plateau des joueuses des Internationaux de Strasbourg ! Les meilleures joueuses mondiales seront pr\u00e9sentes aux #IS.","breadcrumb":{"@id":"https:\/\/internationaux-strasbourg.fr\/en\/les-joueuses\/#breadcrumb"},"inLanguage":"en-US","potentialAction":[{"@type":"ReadAction","target":["https:\/\/internationaux-strasbourg.fr\/en\/les-joueuses\/"]}]},{"@type":"ImageObject","inLanguage":"en-US","@id":"https:\/\/internationaux-strasbourg.fr\/en\/les-joueuses\/#primaryimage","url":"https:\/\/internationaux-strasbourg.fr\/wp-content\/uploads\/2025\/03\/WhatsApp-Image-2024-05-19-at-18.32.17.jpeg","contentUrl":"https:\/\/internationaux-strasbourg.fr\/wp-content\/uploads\/2025\/03\/WhatsApp-Image-2024-05-19-at-18.32.17.jpeg","width":1296,"height":922},{"@type":"BreadcrumbList","@id":"https:\/\/internationaux-strasbourg.fr\/en\/les-joueuses\/#breadcrumb","itemListElement":[{"@type":"ListItem","position":1,"name":"Home","item":"https:\/\/internationaux-strasbourg.fr\/en\/"},{"@type":"ListItem","position":2,"name":"Le plateau des joueuses"}]},{"@type":"WebSite","@id":"https:\/\/internationaux-strasbourg.fr\/en\/#website","url":"https:\/\/internationaux-strasbourg.fr\/en\/","name":"WTA Strasbourg Tournament","description":"","publisher":{"@id":"https:\/\/internationaux-strasbourg.fr\/en\/#organization"},"potentialAction":[{"@type":"SearchAction","target":{"@type":"EntryPoint","urlTemplate":"https:\/\/internationaux-strasbourg.fr\/en\/?s={search_term_string}"},"query-input":{"@type":"PropertyValueSpecification","valueRequired":true,"valueName":"search_term_string"}}],"inLanguage":"en-US"},{"@type":"Organization","@id":"https:\/\/internationaux-strasbourg.fr\/en\/#organization","name":"WTA Strasbourg Tournament","url":"https:\/\/internationaux-strasbourg.fr\/en\/","logo":{"@type":"ImageObject","inLanguage":"en-US","@id":"https:\/\/internationaux-strasbourg.fr\/en\/#\/schema\/logo\/image\/","url":"http:\/\/is.local\/wp-content\/uploads\/2024\/12\/Logo-composite-noir-e1734341181451.png","contentUrl":"http:\/\/is.local\/wp-content\/uploads\/2024\/12\/Logo-composite-noir-e1734341181451.png","width":300,"height":103,"caption":"Internationaux de Strasbourg"},"image":{"@id":"https:\/\/internationaux-strasbourg.fr\/en\/#\/schema\/logo\/image\/"},"sameAs":["https:\/\/www.facebook.com\/INTERNATIONAUXSTRASBOURG\/","https:\/\/x.com\/WTA_Strasbourg","https:\/\/www.instagram.com\/WTA_Strasbourg","https:\/\/www.youtube.com\/user\/istennis2014","https:\/\/www.linkedin.com\/showcase\/internationaux-de-strasbourg\/"]}]}},"_links":{"self":[{"href":"https:\/\/internationaux-strasbourg.fr\/en\/wp-json\/wp\/v2\/pages\/648","targetHints":{"allow":["GET"]}}],"collection":[{"href":"https:\/\/internationaux-strasbourg.fr\/en\/wp-json\/wp\/v2\/pages"}],"about":[{"href":"https:\/\/internationaux-strasbourg.fr\/en\/wp-json\/wp\/v2\/types\/page"}],"author":[{"embeddable":true,"href":"https:\/\/internationaux-strasbourg.fr\/en\/wp-json\/wp\/v2\/users\/1"}],"replies":[{"embeddable":true,"href":"https:\/\/internationaux-strasbourg.fr\/en\/wp-json\/wp\/v2\/comments?post=648"}],"version-history":[{"count":45,"href":"https:\/\/internationaux-strasbourg.fr\/en\/wp-json\/wp\/v2\/pages\/648\/revisions"}],"predecessor-version":[{"id":3004,"href":"https:\/\/internationaux-strasbourg.fr\/en\/wp-json\/wp\/v2\/pages\/648\/revisions\/3004"}],"wp:featuredmedia":[{"embeddable":true,"href":"https:\/\/internationaux-strasbourg.fr\/en\/wp-json\/wp\/v2\/media\/1666"}],"wp:attachment":[{"href":"https:\/\/internationaux-strasbourg.fr\/en\/wp-json\/wp\/v2\/media?parent=648"}],"curies":[{"name":"wp","href":"https:\/\/api.w.org\/{rel}","templated":true}]}}