{"id":3,"date":"2024-12-09T10:19:50","date_gmt":"2024-12-09T10:19:50","guid":{"rendered":"http:\/\/is.local\/?page_id=3"},"modified":"2025-03-31T10:20:36","modified_gmt":"2025-03-31T10:20:36","slug":"mentions-legales","status":"publish","type":"page","link":"https:\/\/internationaux-strasbourg.fr\/en\/mentions-legales\/","title":{"rendered":"Legal information"},"content":{"rendered":"<h4 class=\"wp-block-heading\"><mark style=\"background-color:rgba(0, 0, 0, 0)\" class=\"has-inline-color has-custom-orange-color\">Publisher's general information<\/mark><\/h4>\n\n\n\n<p>WWW.INTERNATIONAUX-STRASBOURG.FR (.fr, .net, .org) is brought to you by HOPIS 19 rue Louis Apffel, 67 000 Strasbourg, France.<br>Director of publication: Madeline JORANT.<\/p>\n\n\n\n<div style=\"height:5px\" aria-hidden=\"true\" class=\"wp-block-spacer\"><\/div>\n\n\n\n<h4 class=\"wp-block-heading\"><mark style=\"background-color:rgba(0, 0, 0, 0)\" class=\"has-inline-color has-custom-orange-color\">I. Responsibility<\/mark><\/h4>\n\n\n\n<p><strong><mark style=\"background-color:rgba(0, 0, 0, 0)\" class=\"has-inline-color has-custom-violet-color\">I.1.<\/mark><\/strong> HOPIS shall not be held liable for the fraudulent use of any information (first name(s), last name(s), e-mail address) communicated by the user of the website WWW.INTERNATIONAUX-STRASBOURG.FR (the \u201cSite\u201d), enabling the user to participate in the various events and services (ticketing, newsletter, etc.) offered on the Site.<\/p>\n\n\n\n<p><strong><mark style=\"background-color:rgba(0, 0, 0, 0)\" class=\"has-inline-color has-custom-violet-color\">I.2. <\/mark><\/strong>HOPIS informs that, given the characteristics of the Internet network, such as the free reception of information and the difficulty or impossibility of countering the use that could be made of it by third parties, it cannot be held responsible for any misuse of the aforementioned elements.<\/p>\n\n\n\n<p><strong><mark style=\"background-color:rgba(0, 0, 0, 0)\" class=\"has-inline-color has-custom-violet-color\">I.3. <\/mark><\/strong>HOPIS also informs you that the transmission and loading of data on the Internet is only relatively reliable, as data circulates on heterogeneous networks, with varying characteristics and capacities, which are sometimes saturated at certain times of the day and may affect data accessibility times. In this respect, HOPIS declines all responsibility in the event of malfunction of the Internet network, telephone lines or reception equipment preventing the smooth running of the services and events offered on the Site. In addition, HOPIS cannot be held liable for problems of delivery or loss of electronic or postal mail. HOPIS declines all responsibility in the event of technical failure, anomaly, hardware or software of any kind (virus, bug, etc.) in the Participant's system.<\/p>\n\n\n\n<p><strong><mark style=\"background-color:rgba(0, 0, 0, 0)\" class=\"has-inline-color has-custom-violet-color\">I.4.<\/mark><\/strong> The user of the Site (the \u201cUser\u201d) is solely responsible for the choice of computer equipment enabling him\/her to access the Site, and for taking all necessary measures to protect his\/her system. HOPIS declines all responsibility in the event of technical failure, anomaly, hardware or software of any kind (virus, bug, etc.) of the User's system.<\/p>\n\n\n\n<div style=\"height:5px\" aria-hidden=\"true\" class=\"wp-block-spacer\"><\/div>\n\n\n\n<h4 class=\"wp-block-heading\"><mark style=\"background-color:rgba(0, 0, 0, 0)\" class=\"has-inline-color has-custom-orange-color\">II. Scope of service<\/mark><\/h4>\n\n\n\n<p><strong><mark style=\"background-color:rgba(0, 0, 0, 0)\" class=\"has-inline-color has-custom-violet-color\">II.1. <\/mark><\/strong>HOPIS reserves the right to modify the Site, its contents and its service offering without prior notice, either temporarily or permanently, or to cease operating the Site and\/or all or part of the service offering contained therein.<\/p>\n\n\n\n<p><strong><mark style=\"background-color:rgba(0, 0, 0, 0)\" class=\"has-inline-color has-custom-violet-color\">II.2.<\/mark><\/strong> HOPIS may, at any time, in particular for technical, updating or maintenance reasons, interrupt access to the Site and the services offered therein. HOPIS shall in no event be liable for any consequences that may result from any of the aforementioned circumstances.<\/p>\n\n\n\n<div style=\"height:5px\" aria-hidden=\"true\" class=\"wp-block-spacer\"><\/div>\n\n\n\n<h4 class=\"wp-block-heading\"><mark style=\"background-color:rgba(0, 0, 0, 0)\" class=\"has-inline-color has-custom-orange-color\">III. Personal data protection<\/mark><\/h4>\n\n\n\n<p>This notice describes the practices implemented by HOPIS within the framework of the Site, with regard to the protection of personal data.<\/p>\n\n\n\n<p><strong><mark style=\"background-color:rgba(0, 0, 0, 0)\" class=\"has-inline-color has-custom-violet-color\">III.1. <\/mark><\/strong>Collection and use of personal data: HOPIS intends to give each User maximum control over his or her personal data. In general, each User may consult and browse the Site without revealing his or her identity or being required to communicate any personal information. However, the Site has been designed to encourage optimum interaction with the User. With this in mind, in order to participate in the various events or benefit from the various services offered on the Site (organization of games, contests, processing of an order, subscription to a publication or service, etc.), the User will be asked to communicate a certain amount of personal data (for example, first name(s), last name(s), age, telephone number(s), physical address, e-mail address, etc.). HOPIS systematically informs the User before collecting any personal data that he\/she may be required to provide via the Internet. If the User declares that he\/she does not wish his\/her data to be used to establish further contact with him\/her, and\/or to be communicated to third parties, and\/or to receive additional information from HOPIS and\/or third parties, his\/her choice will be respected. In any event, the User's data will never be retained beyond a reasonable period of time, after which it will be systematically and totally deleted from all HOPIS systems.<\/p>\n\n\n\n<p><strong><mark style=\"background-color:rgba(0, 0, 0, 0)\" class=\"has-inline-color has-custom-violet-color\">III.2. <\/mark><\/strong>In accordance with the French Data Protection Act of January 6, 1978, as amended by the Data Protection Act of June 20, 2018, and the General Data Protection Regulation, each User has the right to information and access, rectification, opposition, the right to data portability, data deletion and limitation of the processing of data concerning him or her. These rights may be exercised by sending a letter to the following address: HOPIS - Communication Department - 19 rue Louis Apffel - 67000 STRASBOURG. Each user of the Site, or his\/her legal representative if he\/she is a minor, may also, for legitimate reasons, oppose the processing of data concerning him\/her. Users of the Site can find information on their rights and obligations and on the protection of personal data on the website of the Commission Nationale de l'Informatique et des Libert\u00e9s (<a href=\"http:\/\/www.cnil.fr\/\">www.cnil.fr<\/a>).<\/p>\n\n\n\n<p>To view our Privacy Policy, click here below. <\/p>\n\n\n\n<div class=\"wp-block-file\"><a id=\"wp-block-file--media-612a5091-2786-49bc-8146-190d0196a447\" href=\"https:\/\/internationaux-strasbourg.fr\/wp-content\/uploads\/2025\/03\/POLITIQUE-DE-GESTION-DES-DONNEES-A-CARACTERE-PERSONNEL-HOPIS.pdf\" target=\"_blank\" rel=\"noreferrer noopener\">HOPIS PERSONAL DATA MANAGEMENT POLICY<\/a><\/div>\n\n\n\n<div style=\"height:5px\" aria-hidden=\"true\" class=\"wp-block-spacer\"><\/div>\n\n\n\n<h4 class=\"wp-block-heading\"><mark style=\"background-color:rgba(0, 0, 0, 0)\" class=\"has-inline-color has-custom-orange-color\">IV. Cookies<\/mark><\/h4>\n\n\n\n<p>Information may be sent to the User's computer in the form of an Internet \u201ccookie\u201d to enable HOPIS to offer better adapted files with personalized content. This cookie is stored on the User's hard disk. The HOPIS server may also ask the User's computer to send back a cookie; such a \u201creturn\u201d cookie does not contain any information supplied by the User or any other personally identifiable information; however, it records information relating to the User's computer's navigation on the Site (pages consulted, date and time of consultation, etc.) which may be read during subsequent visits by the User. This information may not be stored on the User's computer for longer than the time the Site is in service. The User is hereby informed that he\/she may prevent the recording of \u201ccookies\u201d by configuring his\/her browser as follows:<\/p>\n\n\n\n<div style=\"height:1px\" aria-hidden=\"true\" class=\"wp-block-spacer\"><\/div>\n\n\n\n<h5 class=\"wp-block-heading\"><mark style=\"background-color:rgba(0, 0, 0, 0)\" class=\"has-inline-color has-custom-vert-color\">For Mozilla Firefox<\/mark><\/h5>\n\n\n\n<p>1. Select the \u201cTools\u201d menu, then \u201cOptions\u201d.<br>2. Click on the \u201cprivacy\u201d icon<br>3. Locate the \u201ccookie\u201d menu and select the options you require.<\/p>\n\n\n\n<div style=\"height:1px\" aria-hidden=\"true\" class=\"wp-block-spacer\"><\/div>\n\n\n\n<h5 class=\"wp-block-heading\"><mark style=\"background-color:rgba(0, 0, 0, 0)\" class=\"has-inline-color has-custom-vert-color\">For Microsoft Internet Explorer 6.0<\/mark><\/h5>\n\n\n\n<p>1. Select the \u201cTools\u201d menu, then \u201cInternet Options\u201d.<br>2. Click on the \u201cConfidentiality\u201d tab<br>3. Use the cursor to select the desired level.<\/p>\n\n\n\n<div style=\"height:1px\" aria-hidden=\"true\" class=\"wp-block-spacer\"><\/div>\n\n\n\n<h5 class=\"wp-block-heading\"><mark style=\"background-color:rgba(0, 0, 0, 0)\" class=\"has-inline-color has-custom-vert-color\">For Microsoft Internet Explorer 5<\/mark><\/h5>\n\n\n\n<p>1. Select the \u201cTools\u201d menu, then \u201cInternet Options\u201d.<br>2. Click on the \u201cSecurity\u201d tab<br>3. Select \u201cInternet\u201d, then \u201cCustom Level\u201d.<br>4. Locate the \u201ccookies\u201d section and choose the option that suits you best.<\/p>\n\n\n\n<div style=\"height:1px\" aria-hidden=\"true\" class=\"wp-block-spacer\"><\/div>\n\n\n\n<h5 class=\"wp-block-heading\"><mark style=\"background-color:rgba(0, 0, 0, 0)\" class=\"has-inline-color has-custom-vert-color\">For Netscape 6.X and 7. X<\/mark><\/h5>\n\n\n\n<p>1. Select the \u201cEdit\u201d &gt; \u201cPreferences\u201d menu<br>2. Privacy &amp; Security<br>3. Cookies.<\/p>\n\n\n\n<div style=\"height:1px\" aria-hidden=\"true\" class=\"wp-block-spacer\"><\/div>\n\n\n\n<h5 class=\"wp-block-heading\"><mark style=\"background-color:rgba(0, 0, 0, 0)\" class=\"has-inline-color has-custom-vert-color\">For Opera 6.0 and above&nbsp;<\/mark><\/h5>\n\n\n\n<p>1. Select the \u201cFile\u201d menu, then \u201cPreferences\u201d.<br>2. Privacy policy. In order to make purchases on the Site, it is essential that Users set their browsers to accept cookies.<\/p>\n\n\n\n<div style=\"height:5px\" aria-hidden=\"true\" class=\"wp-block-spacer\"><\/div>\n\n\n\n<h4 class=\"wp-block-heading\"><mark style=\"background-color:rgba(0, 0, 0, 0)\" class=\"has-inline-color has-custom-orange-color\">V. Intellectual property<\/mark><\/h4>\n\n\n\n<p>The content appearing on the Site is and remains the exclusive property of HOPIS. The User undertakes to strictly and scrupulously respect the intellectual property rights of the latter and shall refrain from using, reproducing, adapting, transforming or extracting all or part of the content, trademarks or logos appearing on the Site or from recording or transferring them to any electronic medium.<\/p>","protected":false},"excerpt":{"rendered":"<p>Informations g\u00e9n\u00e9rales \u00e9diteur WWW.INTERNATIONAUX-STRASBOURG.FR (.fr, .net, .org) vous est propos\u00e9 par HOPIS 19 rue Louis Apffel, 67&nbsp;000&nbsp;Strasbourg, France.Directeur de la publication : Madeline JORANT. I. Responsabilit\u00e9 I.1. HOPIS ne pourra \u00eatre tenue responsable de l\u2019utilisation frauduleuse des \u00e9l\u00e9ments (pr\u00e9nom(s), nom(s), adresse de messagerie \u00e9lectronique) \u00e9ventuellement communiqu\u00e9s par l\u2019utilisateur du site Internet : WWW.INTERNATIONAUX-STRASBOURG.FR (le \u00ab [&hellip;]<\/p>","protected":false},"author":1,"featured_media":0,"parent":0,"menu_order":0,"comment_status":"closed","ping_status":"open","template":"","meta":{"footnotes":""},"class_list":["post-3","page","type-page","status-publish","hentry"],"yoast_head":"<!-- This site is optimized with the Yoast SEO plugin v26.6 - https:\/\/yoast.com\/wordpress\/plugins\/seo\/ -->\n<title>Mentions l\u00e9gales - INTERNATIONAUX DE STRASBOURG<\/title>\n<meta name=\"description\" content=\"Vous trouverez sur cette page les mentions l\u00e9gales du site des Internationaux de Strasbourg. - Protection des donn\u00e9es personnelles\" \/>\n<meta name=\"robots\" content=\"index, follow, max-snippet:-1, max-image-preview:large, max-video-preview:-1\" \/>\n<link rel=\"canonical\" href=\"https:\/\/internationaux-strasbourg.fr\/en\/mentions-legales\/\" \/>\n<meta property=\"og:locale\" content=\"en_US\" \/>\n<meta property=\"og:type\" content=\"article\" \/>\n<meta property=\"og:title\" content=\"Mentions l\u00e9gales - INTERNATIONAUX DE STRASBOURG\" \/>\n<meta property=\"og:description\" content=\"Vous trouverez sur cette page les mentions l\u00e9gales du site des Internationaux de Strasbourg. - Protection des donn\u00e9es personnelles\" \/>\n<meta property=\"og:url\" content=\"https:\/\/internationaux-strasbourg.fr\/en\/mentions-legales\/\" \/>\n<meta property=\"og:site_name\" content=\"INTERNATIONAUX DE STRASBOURG\" \/>\n<meta property=\"article:publisher\" content=\"https:\/\/www.facebook.com\/INTERNATIONAUXSTRASBOURG\/\" \/>\n<meta property=\"article:modified_time\" content=\"2025-03-31T10:20:36+00:00\" \/>\n<meta name=\"twitter:card\" content=\"summary_large_image\" \/>\n<meta name=\"twitter:site\" content=\"@WTA_Strasbourg\" \/>\n<meta name=\"twitter:label1\" content=\"Est. reading time\" \/>\n\t<meta name=\"twitter:data1\" content=\"7 minutes\" \/>\n<script type=\"application\/ld+json\" class=\"yoast-schema-graph\">{\"@context\":\"https:\/\/schema.org\",\"@graph\":[{\"@type\":\"WebPage\",\"@id\":\"https:\/\/internationaux-strasbourg.fr\/en\/mentions-legales\/\",\"url\":\"https:\/\/internationaux-strasbourg.fr\/en\/mentions-legales\/\",\"name\":\"Mentions l\u00e9gales - INTERNATIONAUX DE STRASBOURG\",\"isPartOf\":{\"@id\":\"https:\/\/internationaux-strasbourg.fr\/en\/#website\"},\"datePublished\":\"2024-12-09T10:19:50+00:00\",\"dateModified\":\"2025-03-31T10:20:36+00:00\",\"description\":\"Vous trouverez sur cette page les mentions l\u00e9gales du site des Internationaux de Strasbourg. - Protection des donn\u00e9es personnelles\",\"breadcrumb\":{\"@id\":\"https:\/\/internationaux-strasbourg.fr\/en\/mentions-legales\/#breadcrumb\"},\"inLanguage\":\"en-US\",\"potentialAction\":[{\"@type\":\"ReadAction\",\"target\":[\"https:\/\/internationaux-strasbourg.fr\/en\/mentions-legales\/\"]}]},{\"@type\":\"BreadcrumbList\",\"@id\":\"https:\/\/internationaux-strasbourg.fr\/en\/mentions-legales\/#breadcrumb\",\"itemListElement\":[{\"@type\":\"ListItem\",\"position\":1,\"name\":\"Home\",\"item\":\"https:\/\/internationaux-strasbourg.fr\/en\/\"},{\"@type\":\"ListItem\",\"position\":2,\"name\":\"Mentions l\u00e9gales\"}]},{\"@type\":\"WebSite\",\"@id\":\"https:\/\/internationaux-strasbourg.fr\/en\/#website\",\"url\":\"https:\/\/internationaux-strasbourg.fr\/en\/\",\"name\":\"Internationaux de Strasbourg\",\"description\":\"\",\"publisher\":{\"@id\":\"https:\/\/internationaux-strasbourg.fr\/en\/#organization\"},\"potentialAction\":[{\"@type\":\"SearchAction\",\"target\":{\"@type\":\"EntryPoint\",\"urlTemplate\":\"https:\/\/internationaux-strasbourg.fr\/en\/?s={search_term_string}\"},\"query-input\":{\"@type\":\"PropertyValueSpecification\",\"valueRequired\":true,\"valueName\":\"search_term_string\"}}],\"inLanguage\":\"en-US\"},{\"@type\":\"Organization\",\"@id\":\"https:\/\/internationaux-strasbourg.fr\/en\/#organization\",\"name\":\"Internationaux de Strasbourg\",\"url\":\"https:\/\/internationaux-strasbourg.fr\/en\/\",\"logo\":{\"@type\":\"ImageObject\",\"inLanguage\":\"en-US\",\"@id\":\"https:\/\/internationaux-strasbourg.fr\/en\/#\/schema\/logo\/image\/\",\"url\":\"http:\/\/is.local\/wp-content\/uploads\/2024\/12\/Logo-composite-noir-e1734341181451.png\",\"contentUrl\":\"http:\/\/is.local\/wp-content\/uploads\/2024\/12\/Logo-composite-noir-e1734341181451.png\",\"width\":300,\"height\":103,\"caption\":\"Internationaux de Strasbourg\"},\"image\":{\"@id\":\"https:\/\/internationaux-strasbourg.fr\/en\/#\/schema\/logo\/image\/\"},\"sameAs\":[\"https:\/\/www.facebook.com\/INTERNATIONAUXSTRASBOURG\/\",\"https:\/\/x.com\/WTA_Strasbourg\",\"https:\/\/www.instagram.com\/WTA_Strasbourg\",\"https:\/\/www.youtube.com\/user\/istennis2014\",\"https:\/\/www.linkedin.com\/showcase\/internationaux-de-strasbourg\/\"]}]}<\/script>\n<!-- \/ Yoast SEO plugin. -->","yoast_head_json":{"title":"Mentions l\u00e9gales - INTERNATIONAUX DE STRASBOURG","description":"Vous trouverez sur cette page les mentions l\u00e9gales du site des Internationaux de Strasbourg. - Protection des donn\u00e9es personnelles","robots":{"index":"index","follow":"follow","max-snippet":"max-snippet:-1","max-image-preview":"max-image-preview:large","max-video-preview":"max-video-preview:-1"},"canonical":"https:\/\/internationaux-strasbourg.fr\/en\/mentions-legales\/","og_locale":"en_US","og_type":"article","og_title":"Mentions l\u00e9gales - INTERNATIONAUX DE STRASBOURG","og_description":"Vous trouverez sur cette page les mentions l\u00e9gales du site des Internationaux de Strasbourg. - Protection des donn\u00e9es personnelles","og_url":"https:\/\/internationaux-strasbourg.fr\/en\/mentions-legales\/","og_site_name":"INTERNATIONAUX DE STRASBOURG","article_publisher":"https:\/\/www.facebook.com\/INTERNATIONAUXSTRASBOURG\/","article_modified_time":"2025-03-31T10:20:36+00:00","twitter_card":"summary_large_image","twitter_site":"@WTA_Strasbourg","twitter_misc":{"Est. reading time":"7 minutes"},"schema":{"@context":"https:\/\/schema.org","@graph":[{"@type":"WebPage","@id":"https:\/\/internationaux-strasbourg.fr\/en\/mentions-legales\/","url":"https:\/\/internationaux-strasbourg.fr\/en\/mentions-legales\/","name":"Mentions l\u00e9gales - INTERNATIONAUX DE STRASBOURG","isPartOf":{"@id":"https:\/\/internationaux-strasbourg.fr\/en\/#website"},"datePublished":"2024-12-09T10:19:50+00:00","dateModified":"2025-03-31T10:20:36+00:00","description":"Vous trouverez sur cette page les mentions l\u00e9gales du site des Internationaux de Strasbourg. - Protection des donn\u00e9es personnelles","breadcrumb":{"@id":"https:\/\/internationaux-strasbourg.fr\/en\/mentions-legales\/#breadcrumb"},"inLanguage":"en-US","potentialAction":[{"@type":"ReadAction","target":["https:\/\/internationaux-strasbourg.fr\/en\/mentions-legales\/"]}]},{"@type":"BreadcrumbList","@id":"https:\/\/internationaux-strasbourg.fr\/en\/mentions-legales\/#breadcrumb","itemListElement":[{"@type":"ListItem","position":1,"name":"Home","item":"https:\/\/internationaux-strasbourg.fr\/en\/"},{"@type":"ListItem","position":2,"name":"Mentions l\u00e9gales"}]},{"@type":"WebSite","@id":"https:\/\/internationaux-strasbourg.fr\/en\/#website","url":"https:\/\/internationaux-strasbourg.fr\/en\/","name":"WTA Strasbourg Tournament","description":"","publisher":{"@id":"https:\/\/internationaux-strasbourg.fr\/en\/#organization"},"potentialAction":[{"@type":"SearchAction","target":{"@type":"EntryPoint","urlTemplate":"https:\/\/internationaux-strasbourg.fr\/en\/?s={search_term_string}"},"query-input":{"@type":"PropertyValueSpecification","valueRequired":true,"valueName":"search_term_string"}}],"inLanguage":"en-US"},{"@type":"Organization","@id":"https:\/\/internationaux-strasbourg.fr\/en\/#organization","name":"WTA Strasbourg Tournament","url":"https:\/\/internationaux-strasbourg.fr\/en\/","logo":{"@type":"ImageObject","inLanguage":"en-US","@id":"https:\/\/internationaux-strasbourg.fr\/en\/#\/schema\/logo\/image\/","url":"http:\/\/is.local\/wp-content\/uploads\/2024\/12\/Logo-composite-noir-e1734341181451.png","contentUrl":"http:\/\/is.local\/wp-content\/uploads\/2024\/12\/Logo-composite-noir-e1734341181451.png","width":300,"height":103,"caption":"Internationaux de Strasbourg"},"image":{"@id":"https:\/\/internationaux-strasbourg.fr\/en\/#\/schema\/logo\/image\/"},"sameAs":["https:\/\/www.facebook.com\/INTERNATIONAUXSTRASBOURG\/","https:\/\/x.com\/WTA_Strasbourg","https:\/\/www.instagram.com\/WTA_Strasbourg","https:\/\/www.youtube.com\/user\/istennis2014","https:\/\/www.linkedin.com\/showcase\/internationaux-de-strasbourg\/"]}]}},"_links":{"self":[{"href":"https:\/\/internationaux-strasbourg.fr\/en\/wp-json\/wp\/v2\/pages\/3","targetHints":{"allow":["GET"]}}],"collection":[{"href":"https:\/\/internationaux-strasbourg.fr\/en\/wp-json\/wp\/v2\/pages"}],"about":[{"href":"https:\/\/internationaux-strasbourg.fr\/en\/wp-json\/wp\/v2\/types\/page"}],"author":[{"embeddable":true,"href":"https:\/\/internationaux-strasbourg.fr\/en\/wp-json\/wp\/v2\/users\/1"}],"replies":[{"embeddable":true,"href":"https:\/\/internationaux-strasbourg.fr\/en\/wp-json\/wp\/v2\/comments?post=3"}],"version-history":[{"count":5,"href":"https:\/\/internationaux-strasbourg.fr\/en\/wp-json\/wp\/v2\/pages\/3\/revisions"}],"predecessor-version":[{"id":1812,"href":"https:\/\/internationaux-strasbourg.fr\/en\/wp-json\/wp\/v2\/pages\/3\/revisions\/1812"}],"wp:attachment":[{"href":"https:\/\/internationaux-strasbourg.fr\/en\/wp-json\/wp\/v2\/media?parent=3"}],"curies":[{"name":"wp","href":"https:\/\/api.w.org\/{rel}","templated":true}]}}