{"id":2897,"date":"2026-02-19T15:45:34","date_gmt":"2026-02-19T15:45:34","guid":{"rendered":"https:\/\/internationaux-strasbourg.fr\/?page_id=2897"},"modified":"2026-03-25T10:53:05","modified_gmt":"2026-03-25T10:53:05","slug":"infos-et-modalites","status":"publish","type":"page","link":"https:\/\/internationaux-strasbourg.fr\/en\/billetterie\/infos-et-modalites\/","title":{"rendered":"Information and conditions"},"content":{"rendered":"<p>The 40th<sup>th<\/sup>&nbsp;edition of the Internationaux de Strasbourg, presented by MAMMOTION, will be held from 16 to 23 May 2026 at the Tennis Club de Strasbourg (20 Rue Pierre de Coubertin in Strasbourg), at the foot of the European Parliament.<\/p>\n\n\n\n<p><strong><mark style=\"background-color:rgba(0, 0, 0, 0)\" class=\"has-inline-color has-custom-violet-color\">Book your tickets now by clicking <a href=\"https:\/\/www.billetweb.fr\/pro\/wtastrasbourg2026\">here<\/a><\/mark><\/strong><\/p>\n\n\n\n<p><strong><mark style=\"background-color:rgba(0, 0, 0, 0)\" class=\"has-inline-color has-custom-violet-color\">Click <a href=\"https:\/\/internationaux-strasbourg.fr\/wp-content\/uploads\/2026\/02\/Programme-previsionnel-2026.pdf\">here<\/a>, to get an overview of the provisional schedule. <\/mark><\/strong><\/p>\n\n\n\n<div style=\"height:7px\" aria-hidden=\"true\" class=\"wp-block-spacer\"><\/div>\n\n\n\n<h4 class=\"wp-block-heading\">The categories<\/h4>\n\n\n\n<p>There exist various categories:&nbsp;<em>(click on the map to enlarge)<\/em>&nbsp;:<\/p>\n\n\n\n<div class=\"wp-block-columns is-layout-flex wp-container-core-columns-is-layout-28f84493 wp-block-columns-is-layout-flex\">\n<div class=\"wp-block-column is-layout-flow wp-block-column-is-layout-flow\">\n<ul class=\"wp-block-list\">\n<li class=\"translation-block\">Category 2, seats at the top and ends of the general public stand<\/li>\n\n\n\n<li><strong>Category 1, seats close to the court and in the centre of the Grand Public stand<\/strong>, seats near the court and at the center of the Grand Public stands<\/li>\n\n\n\n<li><strong>Category Gold<\/strong>, seats closest to the court in the Grand Public stands<\/li>\n\n\n\n<li><strong>Zone 2 - Restricted view*<\/strong>, seats at the end of the Grand Public stands<\/li>\n\n\n\n<li><strong>Zone 1 - Restricted view*<\/strong>seats close to the court in the general public stand<\/li>\n<\/ul>\n<\/div>\n\n\n\n<div class=\"wp-block-column is-layout-flow wp-block-column-is-layout-flow\">\n<figure class=\"wp-block-image\"><a href=\"https:\/\/internationaux-strasbourg.fr\/wp-content\/uploads\/2025\/02\/Plan-a-plat-cate.png\" target=\"_blank\" rel=\"noreferrer noopener\"><img loading=\"lazy\" decoding=\"async\" width=\"1024\" height=\"731\" src=\"https:\/\/internationaux-strasbourg.fr\/wp-content\/uploads\/2025\/02\/Plan-a-plat-cate-1024x731.png\" alt=\"Billetterie - plan des tribunes, avec cat\u00e9gories #IS25\" class=\"wp-image-1003\" srcset=\"https:\/\/internationaux-strasbourg.fr\/wp-content\/uploads\/2025\/02\/Plan-a-plat-cate-1024x731.png 1024w, https:\/\/internationaux-strasbourg.fr\/wp-content\/uploads\/2025\/02\/Plan-a-plat-cate-300x214.png 300w, https:\/\/internationaux-strasbourg.fr\/wp-content\/uploads\/2025\/02\/Plan-a-plat-cate-768x548.png 768w, https:\/\/internationaux-strasbourg.fr\/wp-content\/uploads\/2025\/02\/Plan-a-plat-cate-1536x1096.png 1536w, https:\/\/internationaux-strasbourg.fr\/wp-content\/uploads\/2025\/02\/Plan-a-plat-cate-2048x1462.png 2048w, https:\/\/internationaux-strasbourg.fr\/wp-content\/uploads\/2025\/02\/Plan-a-plat-cate-18x12.png 18w\" sizes=\"auto, (max-width: 1024px) 100vw, 1024px\" \/><\/a><\/figure>\n<\/div>\n<\/div>\n\n\n\n<p><em>*The view of the court from these seats is obstructed by part of the grandstand structure (e.g. barrier, guardrail, etc.). We therefore advise against reserving these seats for children and people under 1.65 metres tall.<\/em><\/p>\n\n\n\n<div style=\"height:30px\" aria-hidden=\"true\" class=\"wp-block-spacer\"><\/div>\n\n\n\n<h4 class=\"wp-block-heading\">Sessions<\/h4>\n\n\n\n<p><em>From Monday 18th to Friday<\/em> 22 mai<\/p>\n\n\n\n<ul class=\"wp-block-list\">\n<li><strong><mark style=\"background-color:rgba(0, 0, 0, 0)\" class=\"has-inline-color has-custom-violet-color\">DAY ticket<\/mark><\/strong> Today's session: from the moment the gates open, access to matches on Centre Court, excluding the last match of the day, which is scheduled to start no earlier than 5.30pm.<\/li>\n\n\n\n<li><strong><mark style=\"background-color:rgba(0, 0, 0, 0)\" class=\"has-inline-color has-custom-violet-color\">Evening Ticket<\/mark><\/strong> Evening session: access to the last match of the day on Centre Court, starting no earlier than 5.30 pm from Monday to Thursday (4.30 pm on Friday), subject to changes to the schedule. <\/li>\n\n\n\n<li><strong><mark style=\"background-color:rgba(0, 0, 0, 0)\" class=\"has-inline-color has-custom-violet-color\">COMBO Ticket<\/mark><\/strong> (DAY + EVENING): provides access to all matches of the day on Centre Court. <\/li>\n<\/ul>\n\n\n\n<p><em>The weekend (Saturday 16th, Sunday 17th and Saturday 23rd May)<\/em><\/p>\n\n\n\n<ul class=\"wp-block-list\">\n<li><strong><mark style=\"background-color:rgba(0, 0, 0, 0)\" class=\"has-inline-color has-custom-violet-color\">Session DAY ticket <\/mark><\/strong>: access to all matches of the day<\/li>\n<\/ul>\n\n\n\n<div style=\"height:4px\" aria-hidden=\"true\" class=\"wp-block-spacer\"><\/div>\n\n\n\n<p><strong><mark style=\"background-color:rgba(0, 0, 0, 0)\" class=\"has-inline-color has-custom-violet-color\">BILLET COURTS ANNEXES :<\/mark><\/strong><\/p>\n\n\n\n<ul class=\"wp-block-list\">\n<li><strong>Samedi 16 et dimanche 17 mai <\/strong>: d\u00e8s l&rsquo;ouverture des portes, acc\u00e8s aux matchs du jour en placement libre sur les <strong>Court n\u00b01 &amp; Court n\u00b02.<\/strong><\/li>\n\n\n\n<li><strong>Du lundi 18 mai au mercredi 20 mai <\/strong>: d\u00e8s l&rsquo;ouverture des portes, acc\u00e8s aux matchs du jour, uniquement en SESSION DAY, sur les <strong>Court n\u00b01 &amp; Court n\u00b02<\/strong>.<\/li>\n<\/ul>\n\n\n\n<p><em>Pas de match en SESSION EVENING sur les Courts Annexes<\/em>.<\/p>\n\n\n\n<div style=\"height:6px\" aria-hidden=\"true\" class=\"wp-block-spacer\"><\/div>\n\n\n\n<p><strong><mark style=\"background-color:rgba(0, 0, 0, 0)\" class=\"has-inline-color has-custom-violet-color\">WEEKLY PASS:<\/mark><\/strong><\/p>\n\n\n\n<p>Provides access to all tournament matches, from the qualifiers on Saturday 16 May to the finals on Saturday 23 May.<\/p>\n\n\n\n<p><em>Tickets included: from Saturday 16 May to Saturday 23 May inclusive, DAY + EVENING tickets, every day.<\/em><\/p>\n\n\n\n<div style=\"height:5px\" aria-hidden=\"true\" class=\"wp-block-spacer\"><\/div>\n\n\n\n<p><strong><mark style=\"background-color:rgba(0, 0, 0, 0)\" class=\"has-inline-color has-custom-violet-color\">BILLET GRATUIT FOOD COURT :<\/mark><\/strong><\/p>\n\n\n\n<p>Donne acc\u00e8s \u00e0 <strong>l&rsquo;espace grand public<\/strong>, ainsi qu&rsquo;\u00e0 l&rsquo;espace de restauration, GRATUITEMENT. <\/p>\n\n\n\n<p><em>Ce billet ne donne pas acc\u00e8s au Court Central, Court 1 et Court 2. <\/em><\/p>\n\n\n\n<div class=\"wp-block-buttons is-layout-flex wp-block-buttons-is-layout-flex\">\n<div class=\"wp-block-button\"><a class=\"wp-block-button__link wp-element-button\" href=\"https:\/\/www.billetweb.fr\/acces-food-court&amp;multi=40015&amp;margin=no_margin&amp;color=52227a&amp;parent=wtastrasbourg2026&amp;margin=no_margin&amp;color=52227a\"><strong>Je prends ma place gratuite<\/strong><\/a><\/div>\n<\/div>\n\n\n\n<div style=\"height:30px\" aria-hidden=\"true\" class=\"wp-block-spacer\"><\/div>\n\n\n\n<h4 class=\"wp-block-heading\">Practical information<\/h4>\n\n\n\n<ul class=\"wp-block-list\">\n<li>Children <strong><mark style=\"background-color:rgba(0, 0, 0, 0)\" class=\"has-inline-color has-custom-violet-color\">under 4 years old<\/mark><\/strong>&nbsp;must be in possession of <strong><mark style=\"background-color:rgba(0, 0, 0, 0)\" class=\"has-inline-color has-custom-violet-color\">a complimentary ticket to be collected at the ticket office<\/mark><\/strong>They will not have reserved seats but may sit on the lap of their accompanying adult.<\/li>\n\n\n\n<li>Ticket prices will be increased by<strong><mark style=\"background-color:rgba(0, 0, 0, 0)\" class=\"has-inline-color has-custom-violet-color\"> 3\u20ac&nbsp;au guichet billetterie<\/mark><\/strong> during the tournament<\/li>\n\n\n\n<li>Pour \u00eatre certain(e)&nbsp;d\u2019avoir les&nbsp;meilleurs prix,&nbsp;r\u00e9servez vos billets en ligne d\u00e8s maintenant en cliquant&nbsp;<a href=\"https:\/\/www.billetweb.fr\/pro\/wtastrasbourg2026\" target=\"_blank\" rel=\"noreferrer noopener\">here<\/a><\/li>\n\n\n\n<li><mark style=\"background-color:rgba(0, 0, 0, 0)\" class=\"has-inline-color has-custom-violet-color\"><strong>Seats for people with reduced mobility (PRM) :<\/strong>&nbsp;<\/mark>free ticket for accompanying adults and Category 1 price for PRMs.<\/li>\n\n\n\n<li>The reduced price is only available for&nbsp;<strong><mark style=\"background-color:rgba(0, 0, 0, 0)\" class=\"has-inline-color has-custom-violet-color\">-12 years old<\/mark><\/strong>&nbsp;only in<mark style=\"background-color:rgba(0, 0, 0, 0)\" class=\"has-inline-color has-custom-violet-color\">&nbsp;<strong>category 2.<\/strong>,<\/mark>&nbsp;upon presentation of a<mark style=\"background-color:rgba(0, 0, 0, 0)\" class=\"has-inline-color has-custom-violet-color\">&nbsp;<strong>proof of entitlement, which will be requested at the entrance<\/strong>.<\/mark><\/li>\n\n\n\n<li>To take advantage of special offers, follow the news on our&nbsp;<a href=\"https:\/\/internationaux-strasbourg.fr\/en\/medias-et-presse\/nos-reseaux-sociaux\/\" target=\"_blank\" rel=\"noreferrer noopener\">social networks<\/a>&nbsp;!<\/li>\n<\/ul>\n\n\n\n<div style=\"height:30px\" aria-hidden=\"true\" class=\"wp-block-spacer\"><\/div>\n\n\n\n<h4 class=\"wp-block-heading\">How to reserve your tickets ?<\/h4>\n\n\n\n<ul class=\"wp-block-list\">\n<li>Go to our&nbsp;<a href=\"https:\/\/www.billetweb.fr\/pro\/wtastrasbourg2026\" target=\"_blank\" rel=\"noreferrer noopener\">online ticketing website<\/a><\/li>\n\n\n\n<li>Choose your date, your category and your seat<\/li>\n\n\n\n<li>Special offer : enter your promotional code before the  payment, or select the reduced price<\/li>\n\n\n\n<li>Congratulations ! We'll see you at the Tennis Club de Strasbourg.<\/li>\n<\/ul>\n\n\n\n<div style=\"height:4px\" aria-hidden=\"true\" class=\"wp-block-spacer\"><\/div>\n\n\n\n<div class=\"wp-block-buttons is-content-justification-center is-layout-flex wp-container-core-buttons-is-layout-a89b3969 wp-block-buttons-is-layout-flex\">\n<div class=\"wp-block-button\"><a class=\"wp-block-button__link wp-element-button\" href=\"https:\/\/internationaux-strasbourg.fr\/en\/tournoi\/infos-pratiques\/#se-rendre-au-tournoi\">Comment venir aux IS ?<\/a><\/div>\n<\/div>\n\n\n\n<div style=\"height:5px\" aria-hidden=\"true\" class=\"wp-block-spacer\"><\/div>\n\n\n\n<p><\/p>","protected":false},"excerpt":{"rendered":"<p>La 40\u00e8me&nbsp;\u00e9dition des Internationaux de Strasbourg, pr\u00e9sent\u00e9s par MAMMOTION se tiendra du 16 au 23 mai 2026, au Tennis Club de Strasbourg (20 Rue Pierre de Coubertin \u00e0 Strasbourg), au pied du Parlement Europ\u00e9en. R\u00e9servez vite vos billets en cliquant ici Cliquez ici, pour avoir un aper\u00e7u du planning pr\u00e9visionnel. Les cat\u00e9gories Il existe&nbsp;plusieurs cat\u00e9gories&nbsp;(cliquez [&hellip;]<\/p>","protected":false},"author":2,"featured_media":2916,"parent":2,"menu_order":1,"comment_status":"closed","ping_status":"closed","template":"","meta":{"footnotes":""},"class_list":["post-2897","page","type-page","status-publish","has-post-thumbnail","hentry"],"yoast_head":"<!-- This site is optimized with the Yoast SEO plugin v26.6 - https:\/\/yoast.com\/wordpress\/plugins\/seo\/ -->\n<title>Infos et modalit\u00e9s - INTERNATIONAUX DE STRASBOURG<\/title>\n<meta name=\"description\" content=\"40e \u00e9dition des Internationaux de Strasbourg, du 16 au 23 mai 2026 au Tennis Club de Strasbourg : d\u00e9couvrez toutes les infos billetterie, cat\u00e9gories de places, sessions DAY &amp; EVENING, PASS SEMAINE, tarifs r\u00e9duits et conditions d\u2019acc\u00e8s pour pr\u00e9parer votre venue.\" \/>\n<meta name=\"robots\" content=\"index, follow, max-snippet:-1, max-image-preview:large, max-video-preview:-1\" \/>\n<link rel=\"canonical\" href=\"https:\/\/internationaux-strasbourg.fr\/en\/billetterie\/infos-et-modalites\/\" \/>\n<meta property=\"og:locale\" content=\"en_US\" \/>\n<meta property=\"og:type\" content=\"article\" \/>\n<meta property=\"og:title\" content=\"Infos et modalit\u00e9s - INTERNATIONAUX DE STRASBOURG\" \/>\n<meta property=\"og:description\" content=\"40e \u00e9dition des Internationaux de Strasbourg, du 16 au 23 mai 2026 au Tennis Club de Strasbourg : d\u00e9couvrez toutes les infos billetterie, cat\u00e9gories de places, sessions DAY &amp; EVENING, PASS SEMAINE, tarifs r\u00e9duits et conditions d\u2019acc\u00e8s pour pr\u00e9parer votre venue.\" \/>\n<meta property=\"og:url\" content=\"https:\/\/internationaux-strasbourg.fr\/en\/billetterie\/infos-et-modalites\/\" \/>\n<meta property=\"og:site_name\" content=\"INTERNATIONAUX DE STRASBOURG\" \/>\n<meta property=\"article:publisher\" content=\"https:\/\/www.facebook.com\/INTERNATIONAUXSTRASBOURG\/\" \/>\n<meta property=\"article:modified_time\" content=\"2026-03-25T10:53:05+00:00\" \/>\n<meta property=\"og:image\" content=\"https:\/\/internationaux-strasbourg.fr\/wp-content\/uploads\/2026\/02\/infos-et-modalites-2.png\" \/>\n\t<meta property=\"og:image:width\" content=\"1080\" \/>\n\t<meta property=\"og:image:height\" content=\"1080\" \/>\n\t<meta property=\"og:image:type\" content=\"image\/png\" \/>\n<meta name=\"twitter:card\" content=\"summary_large_image\" \/>\n<meta name=\"twitter:site\" content=\"@WTA_Strasbourg\" \/>\n<meta name=\"twitter:label1\" content=\"Est. reading time\" \/>\n\t<meta name=\"twitter:data1\" content=\"4 minutes\" \/>\n<script type=\"application\/ld+json\" class=\"yoast-schema-graph\">{\"@context\":\"https:\/\/schema.org\",\"@graph\":[{\"@type\":\"WebPage\",\"@id\":\"https:\/\/internationaux-strasbourg.fr\/en\/billetterie\/infos-et-modalites\/\",\"url\":\"https:\/\/internationaux-strasbourg.fr\/en\/billetterie\/infos-et-modalites\/\",\"name\":\"Infos et modalit\u00e9s - INTERNATIONAUX DE STRASBOURG\",\"isPartOf\":{\"@id\":\"https:\/\/internationaux-strasbourg.fr\/en\/#website\"},\"primaryImageOfPage\":{\"@id\":\"https:\/\/internationaux-strasbourg.fr\/en\/billetterie\/infos-et-modalites\/#primaryimage\"},\"image\":{\"@id\":\"https:\/\/internationaux-strasbourg.fr\/en\/billetterie\/infos-et-modalites\/#primaryimage\"},\"thumbnailUrl\":\"https:\/\/internationaux-strasbourg.fr\/wp-content\/uploads\/2026\/02\/infos-et-modalites-2.png\",\"datePublished\":\"2026-02-19T15:45:34+00:00\",\"dateModified\":\"2026-03-25T10:53:05+00:00\",\"description\":\"40e \u00e9dition des Internationaux de Strasbourg, du 16 au 23 mai 2026 au Tennis Club de Strasbourg : d\u00e9couvrez toutes les infos billetterie, cat\u00e9gories de places, sessions DAY & EVENING, PASS SEMAINE, tarifs r\u00e9duits et conditions d\u2019acc\u00e8s pour pr\u00e9parer votre venue.\",\"breadcrumb\":{\"@id\":\"https:\/\/internationaux-strasbourg.fr\/en\/billetterie\/infos-et-modalites\/#breadcrumb\"},\"inLanguage\":\"en-US\",\"potentialAction\":[{\"@type\":\"ReadAction\",\"target\":[\"https:\/\/internationaux-strasbourg.fr\/en\/billetterie\/infos-et-modalites\/\"]}]},{\"@type\":\"ImageObject\",\"inLanguage\":\"en-US\",\"@id\":\"https:\/\/internationaux-strasbourg.fr\/en\/billetterie\/infos-et-modalites\/#primaryimage\",\"url\":\"https:\/\/internationaux-strasbourg.fr\/wp-content\/uploads\/2026\/02\/infos-et-modalites-2.png\",\"contentUrl\":\"https:\/\/internationaux-strasbourg.fr\/wp-content\/uploads\/2026\/02\/infos-et-modalites-2.png\",\"width\":1080,\"height\":1080},{\"@type\":\"BreadcrumbList\",\"@id\":\"https:\/\/internationaux-strasbourg.fr\/en\/billetterie\/infos-et-modalites\/#breadcrumb\",\"itemListElement\":[{\"@type\":\"ListItem\",\"position\":1,\"name\":\"Home\",\"item\":\"https:\/\/internationaux-strasbourg.fr\/en\/\"},{\"@type\":\"ListItem\",\"position\":2,\"name\":\"Infos et modalit\u00e9s\"}]},{\"@type\":\"WebSite\",\"@id\":\"https:\/\/internationaux-strasbourg.fr\/en\/#website\",\"url\":\"https:\/\/internationaux-strasbourg.fr\/en\/\",\"name\":\"Internationaux de Strasbourg\",\"description\":\"\",\"publisher\":{\"@id\":\"https:\/\/internationaux-strasbourg.fr\/en\/#organization\"},\"potentialAction\":[{\"@type\":\"SearchAction\",\"target\":{\"@type\":\"EntryPoint\",\"urlTemplate\":\"https:\/\/internationaux-strasbourg.fr\/en\/?s={search_term_string}\"},\"query-input\":{\"@type\":\"PropertyValueSpecification\",\"valueRequired\":true,\"valueName\":\"search_term_string\"}}],\"inLanguage\":\"en-US\"},{\"@type\":\"Organization\",\"@id\":\"https:\/\/internationaux-strasbourg.fr\/en\/#organization\",\"name\":\"Internationaux de Strasbourg\",\"url\":\"https:\/\/internationaux-strasbourg.fr\/en\/\",\"logo\":{\"@type\":\"ImageObject\",\"inLanguage\":\"en-US\",\"@id\":\"https:\/\/internationaux-strasbourg.fr\/en\/#\/schema\/logo\/image\/\",\"url\":\"http:\/\/is.local\/wp-content\/uploads\/2024\/12\/Logo-composite-noir-e1734341181451.png\",\"contentUrl\":\"http:\/\/is.local\/wp-content\/uploads\/2024\/12\/Logo-composite-noir-e1734341181451.png\",\"width\":300,\"height\":103,\"caption\":\"Internationaux de Strasbourg\"},\"image\":{\"@id\":\"https:\/\/internationaux-strasbourg.fr\/en\/#\/schema\/logo\/image\/\"},\"sameAs\":[\"https:\/\/www.facebook.com\/INTERNATIONAUXSTRASBOURG\/\",\"https:\/\/x.com\/WTA_Strasbourg\",\"https:\/\/www.instagram.com\/WTA_Strasbourg\",\"https:\/\/www.youtube.com\/user\/istennis2014\",\"https:\/\/www.linkedin.com\/showcase\/internationaux-de-strasbourg\/\"]}]}<\/script>\n<!-- \/ Yoast SEO plugin. -->","yoast_head_json":{"title":"Infos et modalit\u00e9s - INTERNATIONAUX DE STRASBOURG","description":"40e \u00e9dition des Internationaux de Strasbourg, du 16 au 23 mai 2026 au Tennis Club de Strasbourg : d\u00e9couvrez toutes les infos billetterie, cat\u00e9gories de places, sessions DAY & EVENING, PASS SEMAINE, tarifs r\u00e9duits et conditions d\u2019acc\u00e8s pour pr\u00e9parer votre venue.","robots":{"index":"index","follow":"follow","max-snippet":"max-snippet:-1","max-image-preview":"max-image-preview:large","max-video-preview":"max-video-preview:-1"},"canonical":"https:\/\/internationaux-strasbourg.fr\/en\/billetterie\/infos-et-modalites\/","og_locale":"en_US","og_type":"article","og_title":"Infos et modalit\u00e9s - INTERNATIONAUX DE STRASBOURG","og_description":"40e \u00e9dition des Internationaux de Strasbourg, du 16 au 23 mai 2026 au Tennis Club de Strasbourg : d\u00e9couvrez toutes les infos billetterie, cat\u00e9gories de places, sessions DAY & EVENING, PASS SEMAINE, tarifs r\u00e9duits et conditions d\u2019acc\u00e8s pour pr\u00e9parer votre venue.","og_url":"https:\/\/internationaux-strasbourg.fr\/en\/billetterie\/infos-et-modalites\/","og_site_name":"INTERNATIONAUX DE STRASBOURG","article_publisher":"https:\/\/www.facebook.com\/INTERNATIONAUXSTRASBOURG\/","article_modified_time":"2026-03-25T10:53:05+00:00","og_image":[{"width":1080,"height":1080,"url":"https:\/\/internationaux-strasbourg.fr\/wp-content\/uploads\/2026\/02\/infos-et-modalites-2.png","type":"image\/png"}],"twitter_card":"summary_large_image","twitter_site":"@WTA_Strasbourg","twitter_misc":{"Est. reading time":"4 minutes"},"schema":{"@context":"https:\/\/schema.org","@graph":[{"@type":"WebPage","@id":"https:\/\/internationaux-strasbourg.fr\/en\/billetterie\/infos-et-modalites\/","url":"https:\/\/internationaux-strasbourg.fr\/en\/billetterie\/infos-et-modalites\/","name":"Infos et modalit\u00e9s - INTERNATIONAUX DE STRASBOURG","isPartOf":{"@id":"https:\/\/internationaux-strasbourg.fr\/en\/#website"},"primaryImageOfPage":{"@id":"https:\/\/internationaux-strasbourg.fr\/en\/billetterie\/infos-et-modalites\/#primaryimage"},"image":{"@id":"https:\/\/internationaux-strasbourg.fr\/en\/billetterie\/infos-et-modalites\/#primaryimage"},"thumbnailUrl":"https:\/\/internationaux-strasbourg.fr\/wp-content\/uploads\/2026\/02\/infos-et-modalites-2.png","datePublished":"2026-02-19T15:45:34+00:00","dateModified":"2026-03-25T10:53:05+00:00","description":"40e \u00e9dition des Internationaux de Strasbourg, du 16 au 23 mai 2026 au Tennis Club de Strasbourg : d\u00e9couvrez toutes les infos billetterie, cat\u00e9gories de places, sessions DAY & EVENING, PASS SEMAINE, tarifs r\u00e9duits et conditions d\u2019acc\u00e8s pour pr\u00e9parer votre venue.","breadcrumb":{"@id":"https:\/\/internationaux-strasbourg.fr\/en\/billetterie\/infos-et-modalites\/#breadcrumb"},"inLanguage":"en-US","potentialAction":[{"@type":"ReadAction","target":["https:\/\/internationaux-strasbourg.fr\/en\/billetterie\/infos-et-modalites\/"]}]},{"@type":"ImageObject","inLanguage":"en-US","@id":"https:\/\/internationaux-strasbourg.fr\/en\/billetterie\/infos-et-modalites\/#primaryimage","url":"https:\/\/internationaux-strasbourg.fr\/wp-content\/uploads\/2026\/02\/infos-et-modalites-2.png","contentUrl":"https:\/\/internationaux-strasbourg.fr\/wp-content\/uploads\/2026\/02\/infos-et-modalites-2.png","width":1080,"height":1080},{"@type":"BreadcrumbList","@id":"https:\/\/internationaux-strasbourg.fr\/en\/billetterie\/infos-et-modalites\/#breadcrumb","itemListElement":[{"@type":"ListItem","position":1,"name":"Home","item":"https:\/\/internationaux-strasbourg.fr\/en\/"},{"@type":"ListItem","position":2,"name":"Infos et modalit\u00e9s"}]},{"@type":"WebSite","@id":"https:\/\/internationaux-strasbourg.fr\/en\/#website","url":"https:\/\/internationaux-strasbourg.fr\/en\/","name":"WTA Strasbourg Tournament","description":"","publisher":{"@id":"https:\/\/internationaux-strasbourg.fr\/en\/#organization"},"potentialAction":[{"@type":"SearchAction","target":{"@type":"EntryPoint","urlTemplate":"https:\/\/internationaux-strasbourg.fr\/en\/?s={search_term_string}"},"query-input":{"@type":"PropertyValueSpecification","valueRequired":true,"valueName":"search_term_string"}}],"inLanguage":"en-US"},{"@type":"Organization","@id":"https:\/\/internationaux-strasbourg.fr\/en\/#organization","name":"WTA Strasbourg Tournament","url":"https:\/\/internationaux-strasbourg.fr\/en\/","logo":{"@type":"ImageObject","inLanguage":"en-US","@id":"https:\/\/internationaux-strasbourg.fr\/en\/#\/schema\/logo\/image\/","url":"http:\/\/is.local\/wp-content\/uploads\/2024\/12\/Logo-composite-noir-e1734341181451.png","contentUrl":"http:\/\/is.local\/wp-content\/uploads\/2024\/12\/Logo-composite-noir-e1734341181451.png","width":300,"height":103,"caption":"Internationaux de Strasbourg"},"image":{"@id":"https:\/\/internationaux-strasbourg.fr\/en\/#\/schema\/logo\/image\/"},"sameAs":["https:\/\/www.facebook.com\/INTERNATIONAUXSTRASBOURG\/","https:\/\/x.com\/WTA_Strasbourg","https:\/\/www.instagram.com\/WTA_Strasbourg","https:\/\/www.youtube.com\/user\/istennis2014","https:\/\/www.linkedin.com\/showcase\/internationaux-de-strasbourg\/"]}]}},"_links":{"self":[{"href":"https:\/\/internationaux-strasbourg.fr\/en\/wp-json\/wp\/v2\/pages\/2897","targetHints":{"allow":["GET"]}}],"collection":[{"href":"https:\/\/internationaux-strasbourg.fr\/en\/wp-json\/wp\/v2\/pages"}],"about":[{"href":"https:\/\/internationaux-strasbourg.fr\/en\/wp-json\/wp\/v2\/types\/page"}],"author":[{"embeddable":true,"href":"https:\/\/internationaux-strasbourg.fr\/en\/wp-json\/wp\/v2\/users\/2"}],"replies":[{"embeddable":true,"href":"https:\/\/internationaux-strasbourg.fr\/en\/wp-json\/wp\/v2\/comments?post=2897"}],"version-history":[{"count":8,"href":"https:\/\/internationaux-strasbourg.fr\/en\/wp-json\/wp\/v2\/pages\/2897\/revisions"}],"predecessor-version":[{"id":2978,"href":"https:\/\/internationaux-strasbourg.fr\/en\/wp-json\/wp\/v2\/pages\/2897\/revisions\/2978"}],"up":[{"embeddable":true,"href":"https:\/\/internationaux-strasbourg.fr\/en\/wp-json\/wp\/v2\/pages\/2"}],"wp:featuredmedia":[{"embeddable":true,"href":"https:\/\/internationaux-strasbourg.fr\/en\/wp-json\/wp\/v2\/media\/2916"}],"wp:attachment":[{"href":"https:\/\/internationaux-strasbourg.fr\/en\/wp-json\/wp\/v2\/media?parent=2897"}],"curies":[{"name":"wp","href":"https:\/\/api.w.org\/{rel}","templated":true}]}}