{"id":2231,"date":"2025-05-04T13:46:38","date_gmt":"2025-05-04T13:46:38","guid":{"rendered":"https:\/\/internationaux-strasbourg.fr\/?page_id=2231"},"modified":"2025-05-21T19:29:35","modified_gmt":"2025-05-21T19:29:35","slug":"programme-is25","status":"publish","type":"page","link":"https:\/\/internationaux-strasbourg.fr\/en\/programme-is25\/","title":{"rendered":"#IS25 Program"},"content":{"rendered":"<h4 class=\"wp-block-heading\"><mark style=\"background-color:rgba(0, 0, 0, 0)\" class=\"has-inline-color has-custom-violet-color\">Provisional schedule<\/mark><\/h4>\n\n\n\n<div style=\"height:5px\" aria-hidden=\"true\" class=\"wp-block-spacer\"><\/div>\n\n\n\n<div class=\"wp-block-buttons is-content-justification-left is-layout-flex wp-container-core-buttons-is-layout-fc4fd283 wp-block-buttons-is-layout-flex\">\n<div class=\"wp-block-button\"><a class=\"wp-block-button__link wp-element-button\" href=\"https:\/\/internationaux-strasbourg.fr\/wp-content\/uploads\/2025\/04\/programme-previ-VFF.pdf\" target=\"_blank\" rel=\"noreferrer noopener\">CONSULT THE PROVISIONAL SCHEDULE OF THE MATCHES OF THE WEEK<\/a><\/div>\n<\/div>\n\n\n\n<div style=\"height:5px\" aria-hidden=\"true\" class=\"wp-block-spacer\"><\/div>\n\n\n\n<h4 class=\"wp-block-heading\"><mark style=\"background-color:rgba(0, 0, 0, 0)\" class=\"has-inline-color has-custom-orange-color\">PROGRAM DETAILED DAY PER DAY<\/mark> <mark style=\"background-color:rgba(0, 0, 0, 0)\" class=\"has-inline-color has-custom-orange-color\">:<\/mark><\/h4>\n\n\n\n<p><a href=\"#samedi17mai\">&gt; Saturday, May 17th<\/a><br><a href=\"#dimanche18mai\">&gt; Sunday, May 18th<\/a><br><a href=\"#lundi19mai\">&gt; Monday, May 19th<\/a><br><a href=\"#mardi20mai\">&gt; Tuesday, May 20th<\/a><br><a href=\"#mercredi21mai\">&gt; Wednesday, May 21st<\/a><br><a href=\"#jeudi22mai\">&gt; Thursday, May 22nd<\/a><br><a href=\"#vendredi23mai\">&gt; Friday, May 23rd<\/a><br><a href=\"#samedi24mai\">&gt; Saturday, May 24th<\/a><\/p>\n\n\n\n<hr class=\"wp-block-separator has-alpha-channel-opacity\"\/>\n\n\n\n<h4 class=\"wp-block-heading\" id=\"samedi17mai\"><mark style=\"background-color:rgba(0, 0, 0, 0)\" class=\"has-inline-color has-custom-violet-color\"><strong>Saturday, May 17th <\/strong><\/mark><\/h4>\n\n\n\n<h3 class=\"wp-block-heading\"><mark style=\"background-color:rgba(0, 0, 0, 0)\" class=\"has-inline-color has-custom-violet-color\">Qualifications<\/mark><\/h3>\n\n\n\n<ul class=\"wp-block-list\">\n<li>Doors opening at 10am<\/li>\n\n\n\n<li>Beginning of the matches at 11am (8 matches on the Central Court and 5 on the Court n\u00b01 and n\u00b02)<\/li>\n\n\n\n<li>Beginning of the VIP brunch at 11am - <a href=\"https:\/\/www.billetweb.fr\/sam-17-concert-yannick-noah&amp;multi=40015&amp;margin=no_margin&amp;color=52227a&amp;parent=wtastrasbourg2025&amp;margin=no_margin&amp;color=52227a\" target=\"_blank\" rel=\"noreferrer noopener\">I buy my tickets<\/a><\/li>\n\n\n\n<li>Beginning of the Yannick Noah concert at 8pm - <a href=\"https:\/\/www.billetweb.fr\/sam-17-concert-yannick-noah&amp;multi=40015&amp;margin=no_margin&amp;color=52227a&amp;parent=wtastrasbourg2025&amp;margin=no_margin&amp;color=52227a\" target=\"_blank\" rel=\"noreferrer noopener\">I buy my tickets<\/a><\/li>\n<\/ul>\n\n\n\n<div style=\"height:5px\" aria-hidden=\"true\" class=\"wp-block-spacer\"><\/div>\n\n\n\n<hr class=\"wp-block-separator has-alpha-channel-opacity\"\/>\n\n\n\n<h4 class=\"wp-block-heading\" id=\"dimanche18mai\"><mark style=\"background-color:rgba(0, 0, 0, 0)\" class=\"has-inline-color has-custom-violet-color\"><strong>Sunday, May 18th<\/strong><\/mark><\/h4>\n\n\n\n<h3 class=\"wp-block-heading\"><mark style=\"background-color:rgba(0, 0, 0, 0)\" class=\"has-inline-color has-custom-violet-color\">Qualifications and 1<sup>st<\/sup> round of the final draw<\/mark><\/h3>\n\n\n\n<p><strong><mark style=\"background-color:rgba(0, 0, 0, 0)\" class=\"has-inline-color has-custom-vert-color\">Family day<\/mark><\/strong><\/p>\n\n\n\n<ul class=\"wp-block-list\">\n<li>Doors opening at 10am<\/li>\n\n\n\n<li>Beginning of the matches at 11am (11 matches : 4 on the Central Court and 7 on the Courts n\u00b01 and n\u00b02)<\/li>\n<\/ul>\n\n\n\n<div style=\"height:5px\" aria-hidden=\"true\" class=\"wp-block-spacer\"><\/div>\n\n\n\n<hr class=\"wp-block-separator has-alpha-channel-opacity\"\/>\n\n\n\n<h4 class=\"wp-block-heading\" id=\"lundi19mai\"><mark style=\"background-color:rgba(0, 0, 0, 0)\" class=\"has-inline-color has-custom-violet-color\"><strong>Monday, May 19th<\/strong><\/mark><\/h4>\n\n\n\n<h3 class=\"wp-block-heading\"><mark style=\"background-color:rgba(0, 0, 0, 0)\" class=\"has-inline-color has-custom-violet-color\">1<sup>st<\/sup> round of the final draw <\/mark><\/h3>\n\n\n\n<p><mark style=\"background-color:rgba(0, 0, 0, 0)\" class=\"has-inline-color has-custom-noir-color\"><em><strong>DAY SESSION: <\/strong><\/em><\/mark><\/p>\n\n\n\n<ul class=\"wp-block-list\">\n<li>Doors opening at 10am<\/li>\n\n\n\n<li>Beginning of the matches at 11am (10 matches on the Central Court and 7 on the Courts n\u00b01 and n\u00b02)<\/li>\n<\/ul>\n\n\n\n<p><em><mark style=\"background-color:rgba(0, 0, 0, 0)\" class=\"has-inline-color has-custom-noir-color\"><strong>EVENING SESSION: <\/strong><\/mark><\/em><\/p>\n\n\n\n<ul class=\"wp-block-list\">\n<li>Beginning of the last match of the day not before 5:30pm (1 match on the Central Court)<\/li>\n<\/ul>\n\n\n\n<div style=\"height:5px\" aria-hidden=\"true\" class=\"wp-block-spacer\"><\/div>\n\n\n\n<hr class=\"wp-block-separator has-alpha-channel-opacity\"\/>\n\n\n\n<h4 class=\"wp-block-heading\" id=\"mardi20mai\"><mark style=\"background-color:rgba(0, 0, 0, 0)\" class=\"has-inline-color has-custom-violet-color\"><strong>Tuesday, May 20th<\/strong><\/mark><\/h4>\n\n\n\n<h3 class=\"wp-block-heading\" id=\"mardi20mai\"><mark style=\"background-color:rgba(0, 0, 0, 0)\" class=\"has-inline-color has-custom-violet-color\">Round of 16<\/mark><\/h3>\n\n\n\n<p><strong><mark style=\"background-color:rgba(0, 0, 0, 0)\" class=\"has-inline-color has-custom-vert-color\">Disability day<\/mark><\/strong><\/p>\n\n\n\n<p><strong><mark style=\"background-color:rgba(0, 0, 0, 0)\" class=\"has-inline-color has-custom-noir-color\"><em>DAY SESSION: <\/em><\/mark><\/strong><\/p>\n\n\n\n<ul class=\"wp-block-list\">\n<li>Doors opening at 10am<\/li>\n\n\n\n<li>Beginning of the matches at 11am (6 matches : 3 on the Central Court and 3 doubles on the Court n\u00b01)<\/li>\n<\/ul>\n\n\n\n<p><strong><mark style=\"background-color:rgba(0, 0, 0, 0)\" class=\"has-inline-color has-custom-noir-color\"><em>EVENING SESSION: <\/em><\/mark><\/strong><\/p>\n\n\n\n<ul class=\"wp-block-list\">\n<li>Beginning of the last match of the day not before 5:30pm (1 match on the Central Court)<\/li>\n<\/ul>\n\n\n\n<div style=\"height:5px\" aria-hidden=\"true\" class=\"wp-block-spacer\"><\/div>\n\n\n\n<hr class=\"wp-block-separator has-alpha-channel-opacity\"\/>\n\n\n\n<h4 class=\"wp-block-heading\" id=\"mercredi21mai\"><mark style=\"background-color:rgba(0, 0, 0, 0)\" class=\"has-inline-color has-custom-violet-color\"><strong>Wednesday, May 21st<\/strong><\/mark><\/h4>\n\n\n\n<h3 class=\"wp-block-heading\"><mark style=\"background-color:rgba(0, 0, 0, 0)\" class=\"has-inline-color has-custom-violet-color\">Round of 16<\/mark><\/h3>\n\n\n\n<p><strong><mark style=\"background-color:rgba(0, 0, 0, 0)\" class=\"has-inline-color has-custom-vert-color\">Kids' day<\/mark><\/strong><\/p>\n\n\n\n<p><strong><em><mark style=\"background-color:rgba(0, 0, 0, 0)\" class=\"has-inline-color has-custom-noir-color\">DAY SESSION: <\/mark><\/em><\/strong><\/p>\n\n\n\n<ul class=\"wp-block-list\">\n<li>Doors opening at 10am<\/li>\n\n\n\n<li>Beginning of the matches at 11am (6 matches : 3 on the Central Court and 3 doubles on the Court n\u00b01)<\/li>\n<\/ul>\n\n\n\n<p><strong><em><mark style=\"background-color:rgba(0, 0, 0, 0)\" class=\"has-inline-color has-custom-noir-color\">EVENING SESSION: <\/mark><\/em><\/strong><\/p>\n\n\n\n<ul class=\"wp-block-list\">\n<li>Beginning of the last match of the day not before 5:30pm (1 match on the Central Court)<\/li>\n<\/ul>\n\n\n\n<p><strong><em><mark style=\"background-color:rgba(0, 0, 0, 0)\" class=\"has-inline-color has-custom-noir-color\">L'APR\u00c8S-MATCH: <\/mark><\/em><\/strong><\/p>\n\n\n\n<ul class=\"wp-block-list\">\n<li>Concert in the public area, after the last match of the day<\/li>\n\n\n\n<li>By Zed Drixhen, by Tennis Backstage &#8211; <a href=\"https:\/\/www.billetweb.fr\/lapres-matchs-aux-internationaux-de-strasbourg&amp;multi=40015&amp;margin=no_margin&amp;color=52227a&amp;parent=wtastrasbourg2025&amp;margin=no_margin&amp;color=52227a\" target=\"_blank\" rel=\"noreferrer noopener\">I take my free ticket<\/a><\/li>\n<\/ul>\n\n\n\n<div style=\"height:5px\" aria-hidden=\"true\" class=\"wp-block-spacer\"><\/div>\n\n\n\n<hr class=\"wp-block-separator has-alpha-channel-opacity\"\/>\n\n\n\n<h4 class=\"wp-block-heading\" id=\"jeudi22mai\"><mark style=\"background-color:rgba(0, 0, 0, 0)\" class=\"has-inline-color has-custom-violet-color\">Thursday, May 22nd<\/mark><\/h4>\n\n\n\n<h3 class=\"wp-block-heading\"><mark style=\"background-color:rgba(0, 0, 0, 0)\" class=\"has-inline-color has-custom-violet-color\">Quarter finals<\/mark><\/h3>\n\n\n\n<p><strong><mark style=\"background-color:rgba(0, 0, 0, 0)\" class=\"has-inline-color has-custom-vert-color\">Women's day<\/mark><\/strong><\/p>\n\n\n\n<p><strong><em><mark style=\"background-color:rgba(0, 0, 0, 0)\" class=\"has-inline-color has-custom-noir-color\">DAY SESSION: <\/mark><\/em><\/strong><\/p>\n\n\n\n<ul class=\"wp-block-list\">\n<li>Doors opening at 10am<\/li>\n\n\n\n<li>D\u00e9but des rencontres \u00e0 11h (4 matchs : 3 sur le Court Central et 1 sur le Court n\u00b01)<\/li>\n<\/ul>\n\n\n\n<p><strong><em>EVENING SESSION: <\/em><\/strong><\/p>\n\n\n\n<ul class=\"wp-block-list\">\n<li>Beginning of the last match of the day not before 5:30pm (1 match on the Central Court)<\/li>\n<\/ul>\n\n\n\n<p><strong><em>L'APR\u00c8S-MATCH:<\/em><\/strong><\/p>\n\n\n\n<ul class=\"wp-block-list\">\n<li>Concert in the public area, after the last match of the day<\/li>\n\n\n\n<li>By Jimi Jacks and his collective - Salsa\/cuban atmosphere <a href=\"https:\/\/www.billetweb.fr\/lapres-matchs-aux-internationaux-de-strasbourg&amp;multi=40015&amp;margin=no_margin&amp;color=52227a&amp;parent=wtastrasbourg2025&amp;margin=no_margin&amp;color=52227a\" target=\"_blank\" rel=\"noreferrer noopener\">I take my free ticket<\/a><\/li>\n<\/ul>\n\n\n\n<div style=\"height:5px\" aria-hidden=\"true\" class=\"wp-block-spacer\"><\/div>\n\n\n\n<hr class=\"wp-block-separator has-alpha-channel-opacity\"\/>\n\n\n\n<h4 class=\"wp-block-heading\" id=\"vendredi23mai\"><mark style=\"background-color:rgba(0, 0, 0, 0)\" class=\"has-inline-color has-custom-violet-color\">Friday, May 23rd<\/mark><\/h4>\n\n\n\n<h3 class=\"wp-block-heading\"><mark style=\"background-color:rgba(0, 0, 0, 0)\" class=\"has-inline-color has-custom-violet-color\">Semi-finals<\/mark><\/h3>\n\n\n\n<p><strong><em>DAY SESSION: <\/em><\/strong><\/p>\n\n\n\n<ul class=\"wp-block-list\">\n<li>Doors opening at 11am<\/li>\n\n\n\n<li>At 12pm: doubles semi-finals<\/li>\n\n\n\n<li>Not before 2:30pm : 1<sup>st<\/sup> single semi-final<\/li>\n<\/ul>\n\n\n\n<p><strong><em>EVENING SESSION:<\/em><\/strong> <\/p>\n\n\n\n<ul class=\"wp-block-list\">\n<li>Not before 4:30pm : 2<sup>th <\/sup>single semi-final<\/li>\n<\/ul>\n\n\n\n<p><strong><em>L'APR\u00c8S-MATCH: <\/em><\/strong><\/p>\n\n\n\n<ul class=\"wp-block-list\">\n<li>Concert in the public area, after the last match of the day<\/li>\n\n\n\n<li>By Va leur dire Association \u2013 urban music \u2013 <a href=\"https:\/\/www.billetweb.fr\/lapres-matchs-aux-internationaux-de-strasbourg&amp;multi=40015&amp;margin=no_margin&amp;color=52227a&amp;parent=wtastrasbourg2025&amp;margin=no_margin&amp;color=52227a\" target=\"_blank\" rel=\"noreferrer noopener\">I take my free ticket<\/a><\/li>\n<\/ul>\n\n\n\n<div style=\"height:5px\" aria-hidden=\"true\" class=\"wp-block-spacer\"><\/div>\n\n\n\n<hr class=\"wp-block-separator has-alpha-channel-opacity\"\/>\n\n\n\n<h4 class=\"wp-block-heading\" id=\"samedi24mai\"><mark style=\"background-color:rgba(0, 0, 0, 0)\" class=\"has-inline-color has-custom-violet-color\">Saturday, May 24th<\/mark><\/h4>\n\n\n\n<ul class=\"wp-block-list\">\n<li>Doors opening at 10:30am<\/li>\n\n\n\n<li>Beginning of the doubles final at 11:30am<\/li>\n\n\n\n<li>Not before 14:00pm : simple final<\/li>\n<\/ul>\n\n\n\n<p><strong><em>L'APR\u00c8S-MATCH: <\/em><\/strong><\/p>\n\n\n\n<ul class=\"wp-block-list\">\n<li>Concert in the public area, after the final<\/li>\n\n\n\n<li>By Tennis Backstage with Symbas &amp; Zep Drixhen \u2013 <a href=\"https:\/\/www.billetweb.fr\/lapres-matchs-aux-internationaux-de-strasbourg&amp;multi=40015&amp;margin=no_margin&amp;color=52227a&amp;parent=wtastrasbourg2025&amp;margin=no_margin&amp;color=52227a\" target=\"_blank\" rel=\"noreferrer noopener\">I take my free ticket<\/a><\/li>\n<\/ul>\n\n\n\n<div style=\"height:6px\" aria-hidden=\"true\" class=\"wp-block-spacer\"><\/div>\n\n\n\n<hr class=\"wp-block-separator has-alpha-channel-opacity\"\/>\n\n\n\n<p><strong>These hours are given for guidance only and are subject to change according to weather or WTA directives.<\/strong><\/p>\n\n\n\n<p>For more information regarding l'Apr\u00e8s-Match, consult our article <em><a href=\"https:\/\/internationaux-strasbourg.fr\/en\/lapres-match-aux-is\/\">\"L'Apr\u00e8s-Match\" at the IS<\/a><\/em><\/p>\n\n\n\n<div style=\"height:5px\" aria-hidden=\"true\" class=\"wp-block-spacer\"><\/div>\n\n\n\n<div class=\"wp-block-buttons is-content-justification-center is-layout-flex wp-container-core-buttons-is-layout-a89b3969 wp-block-buttons-is-layout-flex\">\n<div class=\"wp-block-button\"><a class=\"wp-block-button__link wp-element-button\" href=\"https:\/\/www.billetweb.fr\/pro\/wtastrasbourg2025\" target=\"_blank\" rel=\"noreferrer noopener\">#IS25 TICKETING<\/a><\/div>\n<\/div>\n\n\n\n<div style=\"height:7px\" aria-hidden=\"true\" class=\"wp-block-spacer\"><\/div>","protected":false},"excerpt":{"rendered":"<p>Programme pr\u00e9visionnel Programme d\u00e9taill\u00e9 jour par jour : &gt; Samedi 17 mai&gt; Dimanche 18 mai&gt; Lundi 19 mai&gt; Mardi 20 mai&gt; Mercredi 21 mai&gt; Jeudi 22 mai&gt; Vendredi 23 mai&gt; Samedi 24 mai Samedi 17 mai Qualifications Dimanche 18 mai Qualifications et 1er tour du tableau final Journ\u00e9e des familles Lundi 19 mai 1er tour [&hellip;]<\/p>","protected":false},"author":2,"featured_media":2213,"parent":0,"menu_order":0,"comment_status":"closed","ping_status":"closed","template":"","meta":{"footnotes":""},"class_list":["post-2231","page","type-page","status-publish","has-post-thumbnail","hentry"],"yoast_head":"<!-- This site is optimized with the Yoast SEO plugin v26.6 - https:\/\/yoast.com\/wordpress\/plugins\/seo\/ -->\n<title>Programme #IS25 - INTERNATIONAUX DE STRASBOURG<\/title>\n<meta name=\"robots\" content=\"index, follow, max-snippet:-1, max-image-preview:large, max-video-preview:-1\" \/>\n<link rel=\"canonical\" href=\"https:\/\/internationaux-strasbourg.fr\/en\/programme-is25\/\" \/>\n<meta property=\"og:locale\" content=\"en_US\" \/>\n<meta property=\"og:type\" content=\"article\" \/>\n<meta property=\"og:title\" content=\"Programme #IS25 - INTERNATIONAUX DE STRASBOURG\" \/>\n<meta property=\"og:description\" content=\"Programme pr\u00e9visionnel Programme d\u00e9taill\u00e9 jour par jour : &gt; Samedi 17 mai&gt; Dimanche 18 mai&gt; Lundi 19 mai&gt; Mardi 20 mai&gt; Mercredi 21 mai&gt; Jeudi 22 mai&gt; Vendredi 23 mai&gt; Samedi 24 mai Samedi 17 mai Qualifications Dimanche 18 mai Qualifications et 1er tour du tableau final Journ\u00e9e des familles Lundi 19 mai 1er tour [&hellip;]\" \/>\n<meta property=\"og:url\" content=\"https:\/\/internationaux-strasbourg.fr\/en\/programme-is25\/\" \/>\n<meta property=\"og:site_name\" content=\"INTERNATIONAUX DE STRASBOURG\" \/>\n<meta property=\"article:publisher\" content=\"https:\/\/www.facebook.com\/INTERNATIONAUXSTRASBOURG\/\" \/>\n<meta property=\"article:modified_time\" content=\"2025-05-21T19:29:35+00:00\" \/>\n<meta property=\"og:image\" content=\"https:\/\/internationaux-strasbourg.fr\/wp-content\/uploads\/2025\/05\/le-programme.png\" \/>\n\t<meta property=\"og:image:width\" content=\"1080\" \/>\n\t<meta property=\"og:image:height\" content=\"1080\" \/>\n\t<meta property=\"og:image:type\" content=\"image\/png\" \/>\n<meta name=\"twitter:card\" content=\"summary_large_image\" \/>\n<meta name=\"twitter:site\" content=\"@WTA_Strasbourg\" \/>\n<meta name=\"twitter:label1\" content=\"Est. reading time\" \/>\n\t<meta name=\"twitter:data1\" content=\"3 minutes\" \/>\n<script type=\"application\/ld+json\" class=\"yoast-schema-graph\">{\"@context\":\"https:\/\/schema.org\",\"@graph\":[{\"@type\":\"WebPage\",\"@id\":\"https:\/\/internationaux-strasbourg.fr\/en\/programme-is25\/\",\"url\":\"https:\/\/internationaux-strasbourg.fr\/en\/programme-is25\/\",\"name\":\"Programme #IS25 - INTERNATIONAUX DE STRASBOURG\",\"isPartOf\":{\"@id\":\"https:\/\/internationaux-strasbourg.fr\/en\/#website\"},\"primaryImageOfPage\":{\"@id\":\"https:\/\/internationaux-strasbourg.fr\/en\/programme-is25\/#primaryimage\"},\"image\":{\"@id\":\"https:\/\/internationaux-strasbourg.fr\/en\/programme-is25\/#primaryimage\"},\"thumbnailUrl\":\"https:\/\/internationaux-strasbourg.fr\/wp-content\/uploads\/2025\/05\/le-programme.png\",\"datePublished\":\"2025-05-04T13:46:38+00:00\",\"dateModified\":\"2025-05-21T19:29:35+00:00\",\"breadcrumb\":{\"@id\":\"https:\/\/internationaux-strasbourg.fr\/en\/programme-is25\/#breadcrumb\"},\"inLanguage\":\"en-US\",\"potentialAction\":[{\"@type\":\"ReadAction\",\"target\":[\"https:\/\/internationaux-strasbourg.fr\/en\/programme-is25\/\"]}]},{\"@type\":\"ImageObject\",\"inLanguage\":\"en-US\",\"@id\":\"https:\/\/internationaux-strasbourg.fr\/en\/programme-is25\/#primaryimage\",\"url\":\"https:\/\/internationaux-strasbourg.fr\/wp-content\/uploads\/2025\/05\/le-programme.png\",\"contentUrl\":\"https:\/\/internationaux-strasbourg.fr\/wp-content\/uploads\/2025\/05\/le-programme.png\",\"width\":1080,\"height\":1080},{\"@type\":\"BreadcrumbList\",\"@id\":\"https:\/\/internationaux-strasbourg.fr\/en\/programme-is25\/#breadcrumb\",\"itemListElement\":[{\"@type\":\"ListItem\",\"position\":1,\"name\":\"Home\",\"item\":\"https:\/\/internationaux-strasbourg.fr\/en\/\"},{\"@type\":\"ListItem\",\"position\":2,\"name\":\"Programme #IS25\"}]},{\"@type\":\"WebSite\",\"@id\":\"https:\/\/internationaux-strasbourg.fr\/en\/#website\",\"url\":\"https:\/\/internationaux-strasbourg.fr\/en\/\",\"name\":\"Internationaux de Strasbourg\",\"description\":\"\",\"publisher\":{\"@id\":\"https:\/\/internationaux-strasbourg.fr\/en\/#organization\"},\"potentialAction\":[{\"@type\":\"SearchAction\",\"target\":{\"@type\":\"EntryPoint\",\"urlTemplate\":\"https:\/\/internationaux-strasbourg.fr\/en\/?s={search_term_string}\"},\"query-input\":{\"@type\":\"PropertyValueSpecification\",\"valueRequired\":true,\"valueName\":\"search_term_string\"}}],\"inLanguage\":\"en-US\"},{\"@type\":\"Organization\",\"@id\":\"https:\/\/internationaux-strasbourg.fr\/en\/#organization\",\"name\":\"Internationaux de Strasbourg\",\"url\":\"https:\/\/internationaux-strasbourg.fr\/en\/\",\"logo\":{\"@type\":\"ImageObject\",\"inLanguage\":\"en-US\",\"@id\":\"https:\/\/internationaux-strasbourg.fr\/en\/#\/schema\/logo\/image\/\",\"url\":\"http:\/\/is.local\/wp-content\/uploads\/2024\/12\/Logo-composite-noir-e1734341181451.png\",\"contentUrl\":\"http:\/\/is.local\/wp-content\/uploads\/2024\/12\/Logo-composite-noir-e1734341181451.png\",\"width\":300,\"height\":103,\"caption\":\"Internationaux de Strasbourg\"},\"image\":{\"@id\":\"https:\/\/internationaux-strasbourg.fr\/en\/#\/schema\/logo\/image\/\"},\"sameAs\":[\"https:\/\/www.facebook.com\/INTERNATIONAUXSTRASBOURG\/\",\"https:\/\/x.com\/WTA_Strasbourg\",\"https:\/\/www.instagram.com\/WTA_Strasbourg\",\"https:\/\/www.youtube.com\/user\/istennis2014\",\"https:\/\/www.linkedin.com\/showcase\/internationaux-de-strasbourg\/\"]}]}<\/script>\n<!-- \/ Yoast SEO plugin. -->","yoast_head_json":{"title":"Programme #IS25 - INTERNATIONAUX DE STRASBOURG","robots":{"index":"index","follow":"follow","max-snippet":"max-snippet:-1","max-image-preview":"max-image-preview:large","max-video-preview":"max-video-preview:-1"},"canonical":"https:\/\/internationaux-strasbourg.fr\/en\/programme-is25\/","og_locale":"en_US","og_type":"article","og_title":"Programme #IS25 - INTERNATIONAUX DE STRASBOURG","og_description":"Programme pr\u00e9visionnel Programme d\u00e9taill\u00e9 jour par jour : &gt; Samedi 17 mai&gt; Dimanche 18 mai&gt; Lundi 19 mai&gt; Mardi 20 mai&gt; Mercredi 21 mai&gt; Jeudi 22 mai&gt; Vendredi 23 mai&gt; Samedi 24 mai Samedi 17 mai Qualifications Dimanche 18 mai Qualifications et 1er tour du tableau final Journ\u00e9e des familles Lundi 19 mai 1er tour [&hellip;]","og_url":"https:\/\/internationaux-strasbourg.fr\/en\/programme-is25\/","og_site_name":"INTERNATIONAUX DE STRASBOURG","article_publisher":"https:\/\/www.facebook.com\/INTERNATIONAUXSTRASBOURG\/","article_modified_time":"2025-05-21T19:29:35+00:00","og_image":[{"width":1080,"height":1080,"url":"https:\/\/internationaux-strasbourg.fr\/wp-content\/uploads\/2025\/05\/le-programme.png","type":"image\/png"}],"twitter_card":"summary_large_image","twitter_site":"@WTA_Strasbourg","twitter_misc":{"Est. reading time":"3 minutes"},"schema":{"@context":"https:\/\/schema.org","@graph":[{"@type":"WebPage","@id":"https:\/\/internationaux-strasbourg.fr\/en\/programme-is25\/","url":"https:\/\/internationaux-strasbourg.fr\/en\/programme-is25\/","name":"Programme #IS25 - INTERNATIONAUX DE STRASBOURG","isPartOf":{"@id":"https:\/\/internationaux-strasbourg.fr\/en\/#website"},"primaryImageOfPage":{"@id":"https:\/\/internationaux-strasbourg.fr\/en\/programme-is25\/#primaryimage"},"image":{"@id":"https:\/\/internationaux-strasbourg.fr\/en\/programme-is25\/#primaryimage"},"thumbnailUrl":"https:\/\/internationaux-strasbourg.fr\/wp-content\/uploads\/2025\/05\/le-programme.png","datePublished":"2025-05-04T13:46:38+00:00","dateModified":"2025-05-21T19:29:35+00:00","breadcrumb":{"@id":"https:\/\/internationaux-strasbourg.fr\/en\/programme-is25\/#breadcrumb"},"inLanguage":"en-US","potentialAction":[{"@type":"ReadAction","target":["https:\/\/internationaux-strasbourg.fr\/en\/programme-is25\/"]}]},{"@type":"ImageObject","inLanguage":"en-US","@id":"https:\/\/internationaux-strasbourg.fr\/en\/programme-is25\/#primaryimage","url":"https:\/\/internationaux-strasbourg.fr\/wp-content\/uploads\/2025\/05\/le-programme.png","contentUrl":"https:\/\/internationaux-strasbourg.fr\/wp-content\/uploads\/2025\/05\/le-programme.png","width":1080,"height":1080},{"@type":"BreadcrumbList","@id":"https:\/\/internationaux-strasbourg.fr\/en\/programme-is25\/#breadcrumb","itemListElement":[{"@type":"ListItem","position":1,"name":"Home","item":"https:\/\/internationaux-strasbourg.fr\/en\/"},{"@type":"ListItem","position":2,"name":"Programme #IS25"}]},{"@type":"WebSite","@id":"https:\/\/internationaux-strasbourg.fr\/en\/#website","url":"https:\/\/internationaux-strasbourg.fr\/en\/","name":"WTA Strasbourg Tournament","description":"","publisher":{"@id":"https:\/\/internationaux-strasbourg.fr\/en\/#organization"},"potentialAction":[{"@type":"SearchAction","target":{"@type":"EntryPoint","urlTemplate":"https:\/\/internationaux-strasbourg.fr\/en\/?s={search_term_string}"},"query-input":{"@type":"PropertyValueSpecification","valueRequired":true,"valueName":"search_term_string"}}],"inLanguage":"en-US"},{"@type":"Organization","@id":"https:\/\/internationaux-strasbourg.fr\/en\/#organization","name":"WTA Strasbourg Tournament","url":"https:\/\/internationaux-strasbourg.fr\/en\/","logo":{"@type":"ImageObject","inLanguage":"en-US","@id":"https:\/\/internationaux-strasbourg.fr\/en\/#\/schema\/logo\/image\/","url":"http:\/\/is.local\/wp-content\/uploads\/2024\/12\/Logo-composite-noir-e1734341181451.png","contentUrl":"http:\/\/is.local\/wp-content\/uploads\/2024\/12\/Logo-composite-noir-e1734341181451.png","width":300,"height":103,"caption":"Internationaux de Strasbourg"},"image":{"@id":"https:\/\/internationaux-strasbourg.fr\/en\/#\/schema\/logo\/image\/"},"sameAs":["https:\/\/www.facebook.com\/INTERNATIONAUXSTRASBOURG\/","https:\/\/x.com\/WTA_Strasbourg","https:\/\/www.instagram.com\/WTA_Strasbourg","https:\/\/www.youtube.com\/user\/istennis2014","https:\/\/www.linkedin.com\/showcase\/internationaux-de-strasbourg\/"]}]}},"_links":{"self":[{"href":"https:\/\/internationaux-strasbourg.fr\/en\/wp-json\/wp\/v2\/pages\/2231","targetHints":{"allow":["GET"]}}],"collection":[{"href":"https:\/\/internationaux-strasbourg.fr\/en\/wp-json\/wp\/v2\/pages"}],"about":[{"href":"https:\/\/internationaux-strasbourg.fr\/en\/wp-json\/wp\/v2\/types\/page"}],"author":[{"embeddable":true,"href":"https:\/\/internationaux-strasbourg.fr\/en\/wp-json\/wp\/v2\/users\/2"}],"replies":[{"embeddable":true,"href":"https:\/\/internationaux-strasbourg.fr\/en\/wp-json\/wp\/v2\/comments?post=2231"}],"version-history":[{"count":20,"href":"https:\/\/internationaux-strasbourg.fr\/en\/wp-json\/wp\/v2\/pages\/2231\/revisions"}],"predecessor-version":[{"id":2549,"href":"https:\/\/internationaux-strasbourg.fr\/en\/wp-json\/wp\/v2\/pages\/2231\/revisions\/2549"}],"wp:featuredmedia":[{"embeddable":true,"href":"https:\/\/internationaux-strasbourg.fr\/en\/wp-json\/wp\/v2\/media\/2213"}],"wp:attachment":[{"href":"https:\/\/internationaux-strasbourg.fr\/en\/wp-json\/wp\/v2\/media?parent=2231"}],"curies":[{"name":"wp","href":"https:\/\/api.w.org\/{rel}","templated":true}]}}