{"id":1349,"date":"2025-03-11T09:52:20","date_gmt":"2025-03-11T09:52:20","guid":{"rendered":"https:\/\/is-wp.gama-smartweb.com\/?page_id=1349"},"modified":"2026-02-12T11:19:39","modified_gmt":"2026-02-12T11:19:39","slug":"espace-presse","status":"publish","type":"page","link":"https:\/\/internationaux-strasbourg.fr\/en\/medias-et-presse\/espace-presse\/","title":{"rendered":"Press area"},"content":{"rendered":"<h4 class=\"wp-block-heading\"><mark style=\"background-color:rgba(0, 0, 0, 0)\" class=\"has-inline-color has-custom-violet-color\">WELCOME IN THE PRESS AREA OF THE WTA STRASBOURG'S TOURNAMENT, PRESENTED BY MAMMOTION!&nbsp;<\/mark><\/h4>\n\n\n\n<p><strong><em><mark style=\"background-color:rgba(0, 0, 0, 0)\" class=\"has-inline-color has-custom-violet-color\">WTA Strasbourg's tournament, presented by MAMMOTION : from 16th to 23rd May<\/mark><\/em><\/strong><\/p>\n\n\n\n<div style=\"height:5px\" aria-hidden=\"true\" class=\"wp-block-spacer\"><\/div>\n\n\n\n<h5 class=\"wp-block-heading\"><strong>Press contact<\/strong><\/h5>\n\n\n\n<p>HOPIS \/ Louise Amrhein \u2013 <a href=\"mailto:presse@is-tennis.fr\" target=\"_blank\" rel=\"noreferrer noopener\">presse@is-tennis.fr<\/a> +33 7 78 57 71 31<\/p>\n\n\n\n<div style=\"height:5px\" aria-hidden=\"true\" class=\"wp-block-spacer\"><\/div>\n\n\n\n<h5 class=\"wp-block-heading\"><mark style=\"background-color:rgba(0, 0, 0, 0)\" class=\"has-inline-color has-custom-violet-color\"><strong>Accreditation request for the #IS26 :<\/strong><\/mark><\/h5>\n\n\n\n<div class=\"wp-block-buttons is-layout-flex wp-block-buttons-is-layout-flex\">\n<div class=\"wp-block-button\"><a class=\"wp-block-button__link wp-element-button\" href=\"https:\/\/forms.gle\/Dt5rvaPj1nSF2os68\" target=\"_blank\" rel=\"noreferrer noopener\">FORM TO BE COMPLETED<\/a><\/div>\n<\/div>\n\n\n\n<div style=\"height:6px\" aria-hidden=\"true\" class=\"wp-block-spacer\"><\/div>\n\n\n\n<h5 class=\"wp-block-heading\"><mark style=\"background-color:rgba(0, 0, 0, 0)\" class=\"has-inline-color has-custom-violet-color\"><strong>2026 press releases:<\/strong><\/mark><\/h5>\n\n\n\n<ul class=\"wp-block-list\">\n<li><a href=\"https:\/\/internationaux-strasbourg.fr\/wp-content\/uploads\/2026\/02\/CP-IS26-x-MAMMOTION-FR.pdf\" target=\"_blank\" rel=\"noreferrer noopener\">MAMMOTION is the new \"presenting partner\"<\/a><\/li>\n\n\n\n<li><a href=\"https:\/\/internationaux-strasbourg.fr\/wp-content\/uploads\/2026\/02\/CP-IS26-x-Philippe-DABI.pdf\" target=\"_blank\" rel=\"noreferrer noopener\">Philippe DABI: new tournament investor<\/a><\/li>\n<\/ul>\n\n\n\n<hr class=\"wp-block-separator has-alpha-channel-opacity is-style-dots\"\/>\n\n\n\n<h5 class=\"wp-block-heading\"><mark style=\"background-color:rgba(0, 0, 0, 0)\" class=\"has-inline-color has-custom-violet-color\"><strong>2025 Press releases (french versions)<\/strong><\/mark><\/h5>\n\n\n\n<ul class=\"wp-block-list\">\n<li><a href=\"https:\/\/internationaux-strasbourg.fr\/wp-content\/uploads\/2025\/05\/CP-Elena-RYBAKINA-remporte-les-IS25.pdf\">Elena RYBAKINA remporte les #IS25 !<\/a><\/li>\n\n\n\n<li><a href=\"https:\/\/internationaux-strasbourg.fr\/wp-content\/uploads\/2025\/05\/Emma-RADUCANU-aux-IS-.pdf\">Emma RADUCANU aux #IS25 !<\/a><\/li>\n\n\n\n<li><a href=\"https:\/\/internationaux-strasbourg.fr\/wp-content\/uploads\/2025\/05\/Elena-RYBAKINA-aux-IS-.pdf\">Elena RYBAKINA aux #IS25 !<\/a><\/li>\n\n\n\n<li><a href=\"https:\/\/internationaux-strasbourg.fr\/wp-content\/uploads\/2025\/05\/CP-Jessica-PEGULA-aux-IS25.pdf\">Jessica PEGULA, n\u00b04 mondiale, aux #IS25 !<\/a><\/li>\n\n\n\n<li><a href=\"https:\/\/internationaux-strasbourg.fr\/wp-content\/uploads\/2025\/05\/CP-Diffusion-Tele-IS25.pdf\">Diffusion t\u00e9l\u00e9 des #IS25 : sur beIN SPORTS et France 4 !<\/a><\/li>\n<\/ul>\n\n\n\n<div style=\"height:6px\" aria-hidden=\"true\" class=\"wp-block-spacer\"><\/div>\n\n\n\n<h5 class=\"wp-block-heading\"><mark style=\"background-color:rgba(0, 0, 0, 0)\" class=\"has-inline-color has-custom-violet-color\"><strong>DROPBOX :<\/strong><\/mark><\/h5>\n\n\n\n<p>You will find some<strong>&nbsp;<mark style=\"background-color:rgba(0, 0, 0, 0)\" class=\"has-inline-color has-custom-violet-color\">visuals to download<\/mark><\/strong>&nbsp;to put on your articles and social networks.<\/p>\n\n\n\n<div class=\"wp-block-buttons is-layout-flex wp-block-buttons-is-layout-flex\">\n<div class=\"wp-block-button\"><a class=\"wp-block-button__link wp-element-button\" href=\"https:\/\/www.dropbox.com\/scl\/fo\/1b9znm4akn70mvkhtccov\/ACA1_1ufZXD6jIfF-MGIlHE?rlkey=ozuey1v7c384rs4cdv6h1znui&amp;st=xhobkqg9&amp;dl=0\" target=\"_blank\" rel=\"noreferrer noopener\">ACCESS TO THE DROPBOX<\/a><\/div>\n<\/div>\n\n\n\n<div style=\"height:5px\" aria-hidden=\"true\" class=\"wp-block-spacer\"><\/div>\n\n\n\n<p><mark style=\"background-color:rgba(0, 0, 0, 0)\" class=\"has-inline-color has-custom-violet-color\"><strong>OFFICIAL 2025 MAGAZINE:<\/strong><\/mark><\/p>\n\n\n\n<div class=\"wp-block-buttons is-layout-flex wp-block-buttons-is-layout-flex\">\n<div class=\"wp-block-button\"><a class=\"wp-block-button__link wp-element-button\" href=\"https:\/\/issuu.com\/ornormestrasbourg-magazine\/docs\/terriennes_l_or_norme_hors-s_rie_is_2025\" target=\"_blank\" rel=\"noreferrer noopener\">READ IT<\/a><\/div>\n<\/div>\n\n\n\n<div style=\"height:17px\" aria-hidden=\"true\" class=\"wp-block-spacer\"><\/div>\n\n\n\n<h5 class=\"wp-block-heading\"><mark style=\"background-color:rgba(0, 0, 0, 0)\" class=\"has-inline-color has-custom-violet-color\"><strong>#IS25 RECAP<\/strong><\/mark> :<\/h5>\n\n\n\n<figure class=\"wp-block-embed is-type-video is-provider-youtube wp-block-embed-youtube wp-embed-aspect-16-9 wp-has-aspect-ratio\"><div class=\"wp-block-embed__wrapper\">\n<iframe loading=\"lazy\" title=\"#IS25 - AFTERMOVIE\" width=\"500\" height=\"281\" src=\"https:\/\/www.youtube.com\/embed\/2QB5HE0VPrU?feature=oembed\" frameborder=\"0\" allow=\"accelerometer; autoplay; clipboard-write; encrypted-media; gyroscope; picture-in-picture; web-share\" referrerpolicy=\"strict-origin-when-cross-origin\" allowfullscreen><\/iframe>\n<\/div><\/figure>\n\n\n\n<p>\u00a9 Vid\u00e9o : StrasTV<\/p>","protected":false},"excerpt":{"rendered":"<p>BIENVENUE DANS L&rsquo;ESPACE PRESSE DES INTERNATIONAUX DE STRASBOURG, PR\u00c9SENT\u00c9S PAR MAMMOTION&nbsp;!&nbsp; Internationaux de Strasbourg 2026, pr\u00e9sent\u00e9s par MAMMOTION&nbsp;: rendez-vous du 16 au 23&nbsp;mai 2026&nbsp;! Contact Presse HOPIS \/ Louise Amrhein &#8211; presse@is-tennis.fr &#8211; 07.78.57.71.31 Demande d&rsquo;accr\u00e9ditation pour les #IS26, pr\u00e9sent\u00e9s par MAMMOTION : Communiqu\u00e9s de presse 2026 : Communiqu\u00e9s de presse 2025 : DROPBOX : [&hellip;]<\/p>","protected":false},"author":2,"featured_media":2649,"parent":1346,"menu_order":1,"comment_status":"closed","ping_status":"closed","template":"","meta":{"footnotes":""},"class_list":["post-1349","page","type-page","status-publish","has-post-thumbnail","hentry"],"yoast_head":"<!-- This site is optimized with the Yoast SEO plugin v26.6 - https:\/\/yoast.com\/wordpress\/plugins\/seo\/ -->\n<title>Espace presse - INTERNATIONAUX DE STRASBOURG<\/title>\n<meta name=\"description\" content=\"Bienvenue dans l&#039;espace presse des Internationaux de Strasbourg ! Vous trouverez des\u00a0visuels \u00e0 t\u00e9l\u00e9charger\u00a0pour alimenter vos articles.\" \/>\n<meta name=\"robots\" content=\"index, follow, max-snippet:-1, max-image-preview:large, max-video-preview:-1\" \/>\n<link rel=\"canonical\" href=\"https:\/\/internationaux-strasbourg.fr\/en\/medias-et-presse\/espace-presse\/\" \/>\n<meta property=\"og:locale\" content=\"en_US\" \/>\n<meta property=\"og:type\" content=\"article\" \/>\n<meta property=\"og:title\" content=\"Espace presse - INTERNATIONAUX DE STRASBOURG\" \/>\n<meta property=\"og:description\" content=\"Bienvenue dans l&#039;espace presse des Internationaux de Strasbourg ! Vous trouverez des\u00a0visuels \u00e0 t\u00e9l\u00e9charger\u00a0pour alimenter vos articles.\" \/>\n<meta property=\"og:url\" content=\"https:\/\/internationaux-strasbourg.fr\/en\/medias-et-presse\/espace-presse\/\" \/>\n<meta property=\"og:site_name\" content=\"INTERNATIONAUX DE STRASBOURG\" \/>\n<meta property=\"article:publisher\" content=\"https:\/\/www.facebook.com\/INTERNATIONAUXSTRASBOURG\/\" \/>\n<meta property=\"article:modified_time\" content=\"2026-02-12T11:19:39+00:00\" \/>\n<meta property=\"og:image\" content=\"https:\/\/internationaux-strasbourg.fr\/wp-content\/uploads\/2025\/06\/438A5520-Modifier_Sophie_Bittler.jpg\" \/>\n\t<meta property=\"og:image:width\" content=\"1920\" \/>\n\t<meta property=\"og:image:height\" content=\"1280\" \/>\n\t<meta property=\"og:image:type\" content=\"image\/jpeg\" \/>\n<meta name=\"twitter:card\" content=\"summary_large_image\" \/>\n<meta name=\"twitter:site\" content=\"@WTA_Strasbourg\" \/>\n<meta name=\"twitter:label1\" content=\"Est. reading time\" \/>\n\t<meta name=\"twitter:data1\" content=\"1 minute\" \/>\n<script type=\"application\/ld+json\" class=\"yoast-schema-graph\">{\"@context\":\"https:\/\/schema.org\",\"@graph\":[{\"@type\":\"WebPage\",\"@id\":\"https:\/\/internationaux-strasbourg.fr\/en\/medias-et-presse\/espace-presse\/\",\"url\":\"https:\/\/internationaux-strasbourg.fr\/en\/medias-et-presse\/espace-presse\/\",\"name\":\"Espace presse - INTERNATIONAUX DE STRASBOURG\",\"isPartOf\":{\"@id\":\"https:\/\/internationaux-strasbourg.fr\/en\/#website\"},\"primaryImageOfPage\":{\"@id\":\"https:\/\/internationaux-strasbourg.fr\/en\/medias-et-presse\/espace-presse\/#primaryimage\"},\"image\":{\"@id\":\"https:\/\/internationaux-strasbourg.fr\/en\/medias-et-presse\/espace-presse\/#primaryimage\"},\"thumbnailUrl\":\"https:\/\/internationaux-strasbourg.fr\/wp-content\/uploads\/2025\/06\/438A5520-Modifier_Sophie_Bittler.jpg\",\"datePublished\":\"2025-03-11T09:52:20+00:00\",\"dateModified\":\"2026-02-12T11:19:39+00:00\",\"description\":\"Bienvenue dans l'espace presse des Internationaux de Strasbourg ! Vous trouverez des\u00a0visuels \u00e0 t\u00e9l\u00e9charger\u00a0pour alimenter vos articles.\",\"breadcrumb\":{\"@id\":\"https:\/\/internationaux-strasbourg.fr\/en\/medias-et-presse\/espace-presse\/#breadcrumb\"},\"inLanguage\":\"en-US\",\"potentialAction\":[{\"@type\":\"ReadAction\",\"target\":[\"https:\/\/internationaux-strasbourg.fr\/en\/medias-et-presse\/espace-presse\/\"]}]},{\"@type\":\"ImageObject\",\"inLanguage\":\"en-US\",\"@id\":\"https:\/\/internationaux-strasbourg.fr\/en\/medias-et-presse\/espace-presse\/#primaryimage\",\"url\":\"https:\/\/internationaux-strasbourg.fr\/wp-content\/uploads\/2025\/06\/438A5520-Modifier_Sophie_Bittler.jpg\",\"contentUrl\":\"https:\/\/internationaux-strasbourg.fr\/wp-content\/uploads\/2025\/06\/438A5520-Modifier_Sophie_Bittler.jpg\",\"width\":1920,\"height\":1280},{\"@type\":\"BreadcrumbList\",\"@id\":\"https:\/\/internationaux-strasbourg.fr\/en\/medias-et-presse\/espace-presse\/#breadcrumb\",\"itemListElement\":[{\"@type\":\"ListItem\",\"position\":1,\"name\":\"Home\",\"item\":\"https:\/\/internationaux-strasbourg.fr\/en\/\"},{\"@type\":\"ListItem\",\"position\":2,\"name\":\"Espace presse\"}]},{\"@type\":\"WebSite\",\"@id\":\"https:\/\/internationaux-strasbourg.fr\/en\/#website\",\"url\":\"https:\/\/internationaux-strasbourg.fr\/en\/\",\"name\":\"Internationaux de Strasbourg\",\"description\":\"\",\"publisher\":{\"@id\":\"https:\/\/internationaux-strasbourg.fr\/en\/#organization\"},\"potentialAction\":[{\"@type\":\"SearchAction\",\"target\":{\"@type\":\"EntryPoint\",\"urlTemplate\":\"https:\/\/internationaux-strasbourg.fr\/en\/?s={search_term_string}\"},\"query-input\":{\"@type\":\"PropertyValueSpecification\",\"valueRequired\":true,\"valueName\":\"search_term_string\"}}],\"inLanguage\":\"en-US\"},{\"@type\":\"Organization\",\"@id\":\"https:\/\/internationaux-strasbourg.fr\/en\/#organization\",\"name\":\"Internationaux de Strasbourg\",\"url\":\"https:\/\/internationaux-strasbourg.fr\/en\/\",\"logo\":{\"@type\":\"ImageObject\",\"inLanguage\":\"en-US\",\"@id\":\"https:\/\/internationaux-strasbourg.fr\/en\/#\/schema\/logo\/image\/\",\"url\":\"http:\/\/is.local\/wp-content\/uploads\/2024\/12\/Logo-composite-noir-e1734341181451.png\",\"contentUrl\":\"http:\/\/is.local\/wp-content\/uploads\/2024\/12\/Logo-composite-noir-e1734341181451.png\",\"width\":300,\"height\":103,\"caption\":\"Internationaux de Strasbourg\"},\"image\":{\"@id\":\"https:\/\/internationaux-strasbourg.fr\/en\/#\/schema\/logo\/image\/\"},\"sameAs\":[\"https:\/\/www.facebook.com\/INTERNATIONAUXSTRASBOURG\/\",\"https:\/\/x.com\/WTA_Strasbourg\",\"https:\/\/www.instagram.com\/WTA_Strasbourg\",\"https:\/\/www.youtube.com\/user\/istennis2014\",\"https:\/\/www.linkedin.com\/showcase\/internationaux-de-strasbourg\/\"]}]}<\/script>\n<!-- \/ Yoast SEO plugin. -->","yoast_head_json":{"title":"Espace presse - INTERNATIONAUX DE STRASBOURG","description":"Bienvenue dans l'espace presse des Internationaux de Strasbourg ! Vous trouverez des\u00a0visuels \u00e0 t\u00e9l\u00e9charger\u00a0pour alimenter vos articles.","robots":{"index":"index","follow":"follow","max-snippet":"max-snippet:-1","max-image-preview":"max-image-preview:large","max-video-preview":"max-video-preview:-1"},"canonical":"https:\/\/internationaux-strasbourg.fr\/en\/medias-et-presse\/espace-presse\/","og_locale":"en_US","og_type":"article","og_title":"Espace presse - INTERNATIONAUX DE STRASBOURG","og_description":"Bienvenue dans l'espace presse des Internationaux de Strasbourg ! Vous trouverez des\u00a0visuels \u00e0 t\u00e9l\u00e9charger\u00a0pour alimenter vos articles.","og_url":"https:\/\/internationaux-strasbourg.fr\/en\/medias-et-presse\/espace-presse\/","og_site_name":"INTERNATIONAUX DE STRASBOURG","article_publisher":"https:\/\/www.facebook.com\/INTERNATIONAUXSTRASBOURG\/","article_modified_time":"2026-02-12T11:19:39+00:00","og_image":[{"width":1920,"height":1280,"url":"https:\/\/internationaux-strasbourg.fr\/wp-content\/uploads\/2025\/06\/438A5520-Modifier_Sophie_Bittler.jpg","type":"image\/jpeg"}],"twitter_card":"summary_large_image","twitter_site":"@WTA_Strasbourg","twitter_misc":{"Est. reading time":"1 minute"},"schema":{"@context":"https:\/\/schema.org","@graph":[{"@type":"WebPage","@id":"https:\/\/internationaux-strasbourg.fr\/en\/medias-et-presse\/espace-presse\/","url":"https:\/\/internationaux-strasbourg.fr\/en\/medias-et-presse\/espace-presse\/","name":"Espace presse - INTERNATIONAUX DE STRASBOURG","isPartOf":{"@id":"https:\/\/internationaux-strasbourg.fr\/en\/#website"},"primaryImageOfPage":{"@id":"https:\/\/internationaux-strasbourg.fr\/en\/medias-et-presse\/espace-presse\/#primaryimage"},"image":{"@id":"https:\/\/internationaux-strasbourg.fr\/en\/medias-et-presse\/espace-presse\/#primaryimage"},"thumbnailUrl":"https:\/\/internationaux-strasbourg.fr\/wp-content\/uploads\/2025\/06\/438A5520-Modifier_Sophie_Bittler.jpg","datePublished":"2025-03-11T09:52:20+00:00","dateModified":"2026-02-12T11:19:39+00:00","description":"Bienvenue dans l'espace presse des Internationaux de Strasbourg ! Vous trouverez des\u00a0visuels \u00e0 t\u00e9l\u00e9charger\u00a0pour alimenter vos articles.","breadcrumb":{"@id":"https:\/\/internationaux-strasbourg.fr\/en\/medias-et-presse\/espace-presse\/#breadcrumb"},"inLanguage":"en-US","potentialAction":[{"@type":"ReadAction","target":["https:\/\/internationaux-strasbourg.fr\/en\/medias-et-presse\/espace-presse\/"]}]},{"@type":"ImageObject","inLanguage":"en-US","@id":"https:\/\/internationaux-strasbourg.fr\/en\/medias-et-presse\/espace-presse\/#primaryimage","url":"https:\/\/internationaux-strasbourg.fr\/wp-content\/uploads\/2025\/06\/438A5520-Modifier_Sophie_Bittler.jpg","contentUrl":"https:\/\/internationaux-strasbourg.fr\/wp-content\/uploads\/2025\/06\/438A5520-Modifier_Sophie_Bittler.jpg","width":1920,"height":1280},{"@type":"BreadcrumbList","@id":"https:\/\/internationaux-strasbourg.fr\/en\/medias-et-presse\/espace-presse\/#breadcrumb","itemListElement":[{"@type":"ListItem","position":1,"name":"Home","item":"https:\/\/internationaux-strasbourg.fr\/en\/"},{"@type":"ListItem","position":2,"name":"Espace presse"}]},{"@type":"WebSite","@id":"https:\/\/internationaux-strasbourg.fr\/en\/#website","url":"https:\/\/internationaux-strasbourg.fr\/en\/","name":"WTA Strasbourg Tournament","description":"","publisher":{"@id":"https:\/\/internationaux-strasbourg.fr\/en\/#organization"},"potentialAction":[{"@type":"SearchAction","target":{"@type":"EntryPoint","urlTemplate":"https:\/\/internationaux-strasbourg.fr\/en\/?s={search_term_string}"},"query-input":{"@type":"PropertyValueSpecification","valueRequired":true,"valueName":"search_term_string"}}],"inLanguage":"en-US"},{"@type":"Organization","@id":"https:\/\/internationaux-strasbourg.fr\/en\/#organization","name":"WTA Strasbourg Tournament","url":"https:\/\/internationaux-strasbourg.fr\/en\/","logo":{"@type":"ImageObject","inLanguage":"en-US","@id":"https:\/\/internationaux-strasbourg.fr\/en\/#\/schema\/logo\/image\/","url":"http:\/\/is.local\/wp-content\/uploads\/2024\/12\/Logo-composite-noir-e1734341181451.png","contentUrl":"http:\/\/is.local\/wp-content\/uploads\/2024\/12\/Logo-composite-noir-e1734341181451.png","width":300,"height":103,"caption":"Internationaux de Strasbourg"},"image":{"@id":"https:\/\/internationaux-strasbourg.fr\/en\/#\/schema\/logo\/image\/"},"sameAs":["https:\/\/www.facebook.com\/INTERNATIONAUXSTRASBOURG\/","https:\/\/x.com\/WTA_Strasbourg","https:\/\/www.instagram.com\/WTA_Strasbourg","https:\/\/www.youtube.com\/user\/istennis2014","https:\/\/www.linkedin.com\/showcase\/internationaux-de-strasbourg\/"]}]}},"_links":{"self":[{"href":"https:\/\/internationaux-strasbourg.fr\/en\/wp-json\/wp\/v2\/pages\/1349","targetHints":{"allow":["GET"]}}],"collection":[{"href":"https:\/\/internationaux-strasbourg.fr\/en\/wp-json\/wp\/v2\/pages"}],"about":[{"href":"https:\/\/internationaux-strasbourg.fr\/en\/wp-json\/wp\/v2\/types\/page"}],"author":[{"embeddable":true,"href":"https:\/\/internationaux-strasbourg.fr\/en\/wp-json\/wp\/v2\/users\/2"}],"replies":[{"embeddable":true,"href":"https:\/\/internationaux-strasbourg.fr\/en\/wp-json\/wp\/v2\/comments?post=1349"}],"version-history":[{"count":21,"href":"https:\/\/internationaux-strasbourg.fr\/en\/wp-json\/wp\/v2\/pages\/1349\/revisions"}],"predecessor-version":[{"id":2858,"href":"https:\/\/internationaux-strasbourg.fr\/en\/wp-json\/wp\/v2\/pages\/1349\/revisions\/2858"}],"up":[{"embeddable":true,"href":"https:\/\/internationaux-strasbourg.fr\/en\/wp-json\/wp\/v2\/pages\/1346"}],"wp:featuredmedia":[{"embeddable":true,"href":"https:\/\/internationaux-strasbourg.fr\/en\/wp-json\/wp\/v2\/media\/2649"}],"wp:attachment":[{"href":"https:\/\/internationaux-strasbourg.fr\/en\/wp-json\/wp\/v2\/media?parent=1349"}],"curies":[{"name":"wp","href":"https:\/\/api.w.org\/{rel}","templated":true}]}}