{"id":1343,"date":"2025-03-11T09:49:56","date_gmt":"2025-03-11T09:49:56","guid":{"rendered":"https:\/\/is-wp.gama-smartweb.com\/?page_id=1343"},"modified":"2025-07-09T08:24:00","modified_gmt":"2025-07-09T08:24:00","slug":"devenir-partenaire","status":"publish","type":"page","link":"https:\/\/internationaux-strasbourg.fr\/en\/partenaires\/devenir-partenaire\/","title":{"rendered":"Become our partner"},"content":{"rendered":"<p><\/p>\n\n\n\n<p>The<strong>\u00a0<mark style=\"background-color:rgba(0, 0, 0, 0)\" class=\"has-inline-color has-custom-violet-color\">WTA Strasbourg Tournament\u00a0<\/mark><\/strong>is France's most important women's tennis tournament, broadcast in\u00a0<strong><mark style=\"background-color:rgba(0, 0, 0, 0)\" class=\"has-inline-color has-custom-violet-color\">170 countries<\/mark><\/strong>bringing together over\u00a0<strong><mark style=\"background-color:rgba(0, 0, 0, 0)\" class=\"has-inline-color has-custom-violet-color\">40 000 spectators<\/mark><\/strong>\u00a0and\u00a0<strong><mark style=\"background-color:rgba(0, 0, 0, 0)\" class=\"has-inline-color has-custom-violet-color\">6,500 VIP guests<\/mark><\/strong>. Every year they welcome\u00a0<strong><mark style=\"background-color:rgba(0, 0, 0, 0)\" class=\"has-inline-color has-custom-violet-color\">the world's best players<\/mark><\/strong>\u00a0the week before Roland Garros:\u00a0<strong><mark style=\"background-color:rgba(0, 0, 0, 0)\" class=\"has-inline-color has-custom-violet-color\">Maria Sharapova<\/mark><\/strong>,\u00a0<strong><mark style=\"background-color:rgba(0, 0, 0, 0)\" class=\"has-inline-color has-custom-violet-color\">Eug\u00e9nie Bouchard<\/mark><\/strong>,\u00a0<strong><mark style=\"background-color:rgba(0, 0, 0, 0)\" class=\"has-inline-color has-custom-violet-color\">Aliz\u00e9 Cornet<\/mark><\/strong>,\u00a0<strong><mark style=\"background-color:rgba(0, 0, 0, 0)\" class=\"has-inline-color has-custom-violet-color\">Elina Svitolina<\/mark>, <mark style=\"background-color:rgba(0, 0, 0, 0)\" class=\"has-inline-color has-custom-violet-color\">Barbora Krejcikova<\/mark>, <mark style=\"background-color:rgba(0, 0, 0, 0)\" class=\"has-inline-color has-custom-violet-color\">Caroline Garcia<\/mark>, <mark style=\"background-color:rgba(0, 0, 0, 0)\" class=\"has-inline-color has-custom-violet-color\">Madison Keys<\/mark>\u00a0<\/strong>or even\u00a0<strong><mark style=\"background-color:rgba(0, 0, 0, 0)\" class=\"has-inline-color has-custom-violet-color\">Venus Williams<\/mark><\/strong>.<\/p>\n\n\n\n<p>Above all, it is the first eco-responsible sporting event to be officially recognized by&nbsp;<mark style=\"background-color:rgba(0, 0, 0, 0)\" class=\"has-inline-color has-custom-noir-color\">the<\/mark><strong><mark style=\"background-color:rgba(0, 0, 0, 0)\" class=\"has-inline-color has-custom-violet-color\"><a href=\"https:\/\/www.ademe.fr\/\">A<\/a><a href=\"https:\/\/www.ademe.fr\/\" target=\"_blank\" rel=\"noreferrer noopener\">DEME<\/a><\/mark><\/strong>&nbsp;(<strong><mark style=\"background-color:rgba(0, 0, 0, 0)\" class=\"has-inline-color has-custom-violet-color\">Agency for the Environment and Energy Management)<\/mark><\/strong>and continues to intensify its commitments through the implementation of <mark style=\"background-color:rgba(0, 0, 0, 0)\" class=\"has-inline-color has-custom-violet-color\"><strong>around a hundred processes<\/strong><\/mark> aimed at reducing its carbon footprint.<\/p>\n\n\n\n<p>By taking part in the event, you can meet your&nbsp;<strong><mark style=\"background-color:rgba(0, 0, 0, 0)\" class=\"has-inline-color has-custom-violet-color\">specific needs in terms of image<\/mark><\/strong>,&nbsp;<strong><mark style=\"background-color:rgba(0, 0, 0, 0)\" class=\"has-inline-color has-custom-violet-color\">brand awareness<\/mark><\/strong>,&nbsp;<strong><mark style=\"background-color:rgba(0, 0, 0, 0)\" class=\"has-inline-color has-custom-violet-color\">public relations<\/mark><\/strong>,&nbsp;<strong><mark style=\"background-color:rgba(0, 0, 0, 0)\" class=\"has-inline-color has-custom-violet-color\">sales promotion<\/mark><\/strong>, etc.<\/p>\n\n\n\n<p>We offer&nbsp;<strong><mark style=\"background-color:rgba(0, 0, 0, 0)\" class=\"has-inline-color has-custom-violet-color\">tailor-made partnerships<\/mark><\/strong>to perfectly meet your expectations. Thanks to our&nbsp;<strong><mark style=\"background-color:rgba(0, 0, 0, 0)\" class=\"has-inline-color has-custom-violet-color\">visibility supports&nbsp;<a href=\"https:\/\/internationaux-strasbourg.fr\/en\/partenaires\/hospitalite\/\" target=\"_blank\" rel=\"noreferrer noopener\">and hospitality services<\/a><\/mark><\/strong>you can, depending on your strategy, address a&nbsp;<strong><mark style=\"background-color:rgba(0, 0, 0, 0)\" class=\"has-inline-color has-custom-violet-color\">cible de communication grand public&nbsp;<\/mark><\/strong><mark style=\"background-color:rgba(0, 0, 0, 0)\" class=\"has-inline-color has-custom-noir-color\"><em>(BtoC)<\/em><\/mark><strong><mark style=\"background-color:rgba(0, 0, 0, 0)\" class=\"has-inline-color has-custom-violet-color\"> or professional&nbsp;<\/mark><\/strong><mark style=\"background-color:rgba(0, 0, 0, 0)\" class=\"has-inline-color has-custom-noir-color\"><em>(BtoB)<\/em><\/mark>&nbsp;linked to&nbsp;<strong><mark style=\"background-color:rgba(0, 0, 0, 0)\" class=\"has-inline-color has-custom-violet-color\">the values of sport, femininity and eco-responsibility<\/mark><\/strong>.<\/p>\n\n\n\n<p>We also offer a <strong><mark style=\"background-color:rgba(0, 0, 0, 0)\" class=\"has-inline-color has-custom-violet-color\">visibility package<\/mark><\/strong> (click below), enabling your company to be visible on Center Court (back-of-court signage, side LEDs, video spots, or various digital actions) for one or more days. These activations can accompany a <strong><mark style=\"background-color:rgba(0, 0, 0, 0)\" class=\"has-inline-color has-custom-violet-color\">public relations event<\/mark><\/strong>.<\/p>\n\n\n\n<div style=\"height:5px\" aria-hidden=\"true\" class=\"wp-block-spacer\"><\/div>\n\n\n\n<div class=\"wp-block-buttons is-content-justification-center is-layout-flex wp-container-core-buttons-is-layout-a89b3969 wp-block-buttons-is-layout-flex\">\n<div class=\"wp-block-button\"><a class=\"wp-block-button__link has-text-align-center wp-element-button\" href=\"mailto:hospitality@is-tennis.fr\">MORE INFORMATION &gt;<\/a><\/div>\n<\/div>\n\n\n\n<div style=\"height:5px\" aria-hidden=\"true\" class=\"wp-block-spacer\"><\/div>\n\n\n\n<div class=\"wp-block-columns is-layout-flex wp-container-core-columns-is-layout-28f84493 wp-block-columns-is-layout-flex\">\n<div class=\"wp-block-column is-layout-flow wp-block-column-is-layout-flow\">\n<figure class=\"wp-block-image size-large\"><img loading=\"lazy\" decoding=\"async\" width=\"1024\" height=\"683\" src=\"https:\/\/internationaux-strasbourg.fr\/wp-content\/uploads\/2025\/07\/38A5636_Sophie_Bittler-1024x683.jpg\" alt=\"\" class=\"wp-image-2685\" srcset=\"https:\/\/internationaux-strasbourg.fr\/wp-content\/uploads\/2025\/07\/38A5636_Sophie_Bittler-1024x683.jpg 1024w, https:\/\/internationaux-strasbourg.fr\/wp-content\/uploads\/2025\/07\/38A5636_Sophie_Bittler-300x200.jpg 300w, https:\/\/internationaux-strasbourg.fr\/wp-content\/uploads\/2025\/07\/38A5636_Sophie_Bittler-768x512.jpg 768w, https:\/\/internationaux-strasbourg.fr\/wp-content\/uploads\/2025\/07\/38A5636_Sophie_Bittler-1536x1024.jpg 1536w, https:\/\/internationaux-strasbourg.fr\/wp-content\/uploads\/2025\/07\/38A5636_Sophie_Bittler-18x12.jpg 18w, https:\/\/internationaux-strasbourg.fr\/wp-content\/uploads\/2025\/07\/38A5636_Sophie_Bittler.jpg 1920w\" sizes=\"auto, (max-width: 1024px) 100vw, 1024px\" \/><\/figure>\n<\/div>\n\n\n\n<div class=\"wp-block-column is-layout-flow wp-block-column-is-layout-flow\">\n<figure class=\"wp-block-image size-large\"><img loading=\"lazy\" decoding=\"async\" width=\"1024\" height=\"682\" src=\"https:\/\/internationaux-strasbourg.fr\/wp-content\/uploads\/2025\/07\/IS-25-Michel-Grasso-468-1024x682.jpg\" alt=\"\" class=\"wp-image-2682\" srcset=\"https:\/\/internationaux-strasbourg.fr\/wp-content\/uploads\/2025\/07\/IS-25-Michel-Grasso-468-1024x682.jpg 1024w, https:\/\/internationaux-strasbourg.fr\/wp-content\/uploads\/2025\/07\/IS-25-Michel-Grasso-468-300x200.jpg 300w, https:\/\/internationaux-strasbourg.fr\/wp-content\/uploads\/2025\/07\/IS-25-Michel-Grasso-468-768x512.jpg 768w, https:\/\/internationaux-strasbourg.fr\/wp-content\/uploads\/2025\/07\/IS-25-Michel-Grasso-468-1536x1024.jpg 1536w, https:\/\/internationaux-strasbourg.fr\/wp-content\/uploads\/2025\/07\/IS-25-Michel-Grasso-468-18x12.jpg 18w, https:\/\/internationaux-strasbourg.fr\/wp-content\/uploads\/2025\/07\/IS-25-Michel-Grasso-468.jpg 2000w\" sizes=\"auto, (max-width: 1024px) 100vw, 1024px\" \/><\/figure>\n<\/div>\n\n\n\n<div class=\"wp-block-column is-layout-flow wp-block-column-is-layout-flow\">\n<figure class=\"wp-block-image size-large\"><img loading=\"lazy\" decoding=\"async\" width=\"1024\" height=\"682\" src=\"https:\/\/internationaux-strasbourg.fr\/wp-content\/uploads\/2025\/07\/IS-25-Michel-Grasso-3-1024x682.jpg\" alt=\"\" class=\"wp-image-2684\" srcset=\"https:\/\/internationaux-strasbourg.fr\/wp-content\/uploads\/2025\/07\/IS-25-Michel-Grasso-3-1024x682.jpg 1024w, https:\/\/internationaux-strasbourg.fr\/wp-content\/uploads\/2025\/07\/IS-25-Michel-Grasso-3-300x200.jpg 300w, https:\/\/internationaux-strasbourg.fr\/wp-content\/uploads\/2025\/07\/IS-25-Michel-Grasso-3-768x512.jpg 768w, https:\/\/internationaux-strasbourg.fr\/wp-content\/uploads\/2025\/07\/IS-25-Michel-Grasso-3-1536x1024.jpg 1536w, https:\/\/internationaux-strasbourg.fr\/wp-content\/uploads\/2025\/07\/IS-25-Michel-Grasso-3-18x12.jpg 18w, https:\/\/internationaux-strasbourg.fr\/wp-content\/uploads\/2025\/07\/IS-25-Michel-Grasso-3.jpg 2000w\" sizes=\"auto, (max-width: 1024px) 100vw, 1024px\" \/><\/figure>\n<\/div>\n<\/div>\n\n\n\n<div style=\"height:5px\" aria-hidden=\"true\" class=\"wp-block-spacer\"><\/div>\n\n\n\n<p><\/p>","protected":false},"excerpt":{"rendered":"<p>Les\u00a0Internationaux de Strasbourg\u00a0sont le plus important\u00a0tournoi de tennis f\u00e9minin fran\u00e7ais,\u00a0diffus\u00e9\u00a0dans\u00a0170\u00a0pays,\u00a0r\u00e9unissant pr\u00e8s de\u00a040\u00a0000 spectateurs\u00a0et\u00a06 500 clients VIP.\u00a0Ils accueillent chaque ann\u00e9e les\u00a0meilleures joueuses mondiales\u00a0la semaine pr\u00e9c\u00e9dant\u00a0Roland-Garros\u00a0:\u00a0Maria Sharapova,\u00a0Eug\u00e9nie Bouchard,\u00a0Aliz\u00e9 Cornet,\u00a0Elina Svitolina, Barbora Krejcikova, Caroline Garcia, Madison Keys\u00a0ou encore\u00a0Venus Williams. Il s&rsquo;agit surtout du&nbsp;premier \u00e9v\u00e9nement sportif \u00e9co-responsable, reconnu officiellement par&nbsp;l&rsquo;ADEME&nbsp;(Agence de l&rsquo;Environnement et de la&nbsp;Maitrise de l&rsquo;Energie) et qui [&hellip;]<\/p>","protected":false},"author":2,"featured_media":2687,"parent":27,"menu_order":2,"comment_status":"closed","ping_status":"closed","template":"","meta":{"footnotes":""},"class_list":["post-1343","page","type-page","status-publish","has-post-thumbnail","hentry"],"yoast_head":"<!-- This site is optimized with the Yoast SEO plugin v26.6 - https:\/\/yoast.com\/wordpress\/plugins\/seo\/ -->\n<title>Devenir partenaire - INTERNATIONAUX DE STRASBOURG<\/title>\n<meta name=\"description\" content=\"Devenir Partenaire des Internationaux de Strasbourg : Nous proposons des\u00a0partenariats sur mesure, pour r\u00e9pondre parfaitement \u00e0\u00a0vos attentes.\" \/>\n<meta name=\"robots\" content=\"index, follow, max-snippet:-1, max-image-preview:large, max-video-preview:-1\" \/>\n<link rel=\"canonical\" href=\"https:\/\/internationaux-strasbourg.fr\/en\/partenaires\/devenir-partenaire\/\" \/>\n<meta property=\"og:locale\" content=\"en_US\" \/>\n<meta property=\"og:type\" content=\"article\" \/>\n<meta property=\"og:title\" content=\"Devenir partenaire - INTERNATIONAUX DE STRASBOURG\" \/>\n<meta property=\"og:description\" content=\"Devenir Partenaire des Internationaux de Strasbourg : Nous proposons des\u00a0partenariats sur mesure, pour r\u00e9pondre parfaitement \u00e0\u00a0vos attentes.\" \/>\n<meta property=\"og:url\" content=\"https:\/\/internationaux-strasbourg.fr\/en\/partenaires\/devenir-partenaire\/\" \/>\n<meta property=\"og:site_name\" content=\"INTERNATIONAUX DE STRASBOURG\" \/>\n<meta property=\"article:publisher\" content=\"https:\/\/www.facebook.com\/INTERNATIONAUXSTRASBOURG\/\" \/>\n<meta property=\"article:modified_time\" content=\"2025-07-09T08:24:00+00:00\" \/>\n<meta property=\"og:image\" content=\"https:\/\/internationaux-strasbourg.fr\/wp-content\/uploads\/2025\/07\/38A6252_Sophie_Bittler.jpg\" \/>\n\t<meta property=\"og:image:width\" content=\"1920\" \/>\n\t<meta property=\"og:image:height\" content=\"1280\" \/>\n\t<meta property=\"og:image:type\" content=\"image\/jpeg\" \/>\n<meta name=\"twitter:card\" content=\"summary_large_image\" \/>\n<meta name=\"twitter:site\" content=\"@WTA_Strasbourg\" \/>\n<meta name=\"twitter:label1\" content=\"Est. reading time\" \/>\n\t<meta name=\"twitter:data1\" content=\"3 minutes\" \/>\n<script type=\"application\/ld+json\" class=\"yoast-schema-graph\">{\"@context\":\"https:\/\/schema.org\",\"@graph\":[{\"@type\":\"WebPage\",\"@id\":\"https:\/\/internationaux-strasbourg.fr\/en\/partenaires\/devenir-partenaire\/\",\"url\":\"https:\/\/internationaux-strasbourg.fr\/en\/partenaires\/devenir-partenaire\/\",\"name\":\"Devenir partenaire - INTERNATIONAUX DE STRASBOURG\",\"isPartOf\":{\"@id\":\"https:\/\/internationaux-strasbourg.fr\/en\/#website\"},\"primaryImageOfPage\":{\"@id\":\"https:\/\/internationaux-strasbourg.fr\/en\/partenaires\/devenir-partenaire\/#primaryimage\"},\"image\":{\"@id\":\"https:\/\/internationaux-strasbourg.fr\/en\/partenaires\/devenir-partenaire\/#primaryimage\"},\"thumbnailUrl\":\"https:\/\/internationaux-strasbourg.fr\/wp-content\/uploads\/2025\/07\/38A6252_Sophie_Bittler.jpg\",\"datePublished\":\"2025-03-11T09:49:56+00:00\",\"dateModified\":\"2025-07-09T08:24:00+00:00\",\"description\":\"Devenir Partenaire des Internationaux de Strasbourg : Nous proposons des\u00a0partenariats sur mesure, pour r\u00e9pondre parfaitement \u00e0\u00a0vos attentes.\",\"breadcrumb\":{\"@id\":\"https:\/\/internationaux-strasbourg.fr\/en\/partenaires\/devenir-partenaire\/#breadcrumb\"},\"inLanguage\":\"en-US\",\"potentialAction\":[{\"@type\":\"ReadAction\",\"target\":[\"https:\/\/internationaux-strasbourg.fr\/en\/partenaires\/devenir-partenaire\/\"]}]},{\"@type\":\"ImageObject\",\"inLanguage\":\"en-US\",\"@id\":\"https:\/\/internationaux-strasbourg.fr\/en\/partenaires\/devenir-partenaire\/#primaryimage\",\"url\":\"https:\/\/internationaux-strasbourg.fr\/wp-content\/uploads\/2025\/07\/38A6252_Sophie_Bittler.jpg\",\"contentUrl\":\"https:\/\/internationaux-strasbourg.fr\/wp-content\/uploads\/2025\/07\/38A6252_Sophie_Bittler.jpg\",\"width\":1920,\"height\":1280},{\"@type\":\"BreadcrumbList\",\"@id\":\"https:\/\/internationaux-strasbourg.fr\/en\/partenaires\/devenir-partenaire\/#breadcrumb\",\"itemListElement\":[{\"@type\":\"ListItem\",\"position\":1,\"name\":\"Home\",\"item\":\"https:\/\/internationaux-strasbourg.fr\/en\/\"},{\"@type\":\"ListItem\",\"position\":2,\"name\":\"Devenir partenaire\"}]},{\"@type\":\"WebSite\",\"@id\":\"https:\/\/internationaux-strasbourg.fr\/en\/#website\",\"url\":\"https:\/\/internationaux-strasbourg.fr\/en\/\",\"name\":\"Internationaux de Strasbourg\",\"description\":\"\",\"publisher\":{\"@id\":\"https:\/\/internationaux-strasbourg.fr\/en\/#organization\"},\"potentialAction\":[{\"@type\":\"SearchAction\",\"target\":{\"@type\":\"EntryPoint\",\"urlTemplate\":\"https:\/\/internationaux-strasbourg.fr\/en\/?s={search_term_string}\"},\"query-input\":{\"@type\":\"PropertyValueSpecification\",\"valueRequired\":true,\"valueName\":\"search_term_string\"}}],\"inLanguage\":\"en-US\"},{\"@type\":\"Organization\",\"@id\":\"https:\/\/internationaux-strasbourg.fr\/en\/#organization\",\"name\":\"Internationaux de Strasbourg\",\"url\":\"https:\/\/internationaux-strasbourg.fr\/en\/\",\"logo\":{\"@type\":\"ImageObject\",\"inLanguage\":\"en-US\",\"@id\":\"https:\/\/internationaux-strasbourg.fr\/en\/#\/schema\/logo\/image\/\",\"url\":\"http:\/\/is.local\/wp-content\/uploads\/2024\/12\/Logo-composite-noir-e1734341181451.png\",\"contentUrl\":\"http:\/\/is.local\/wp-content\/uploads\/2024\/12\/Logo-composite-noir-e1734341181451.png\",\"width\":300,\"height\":103,\"caption\":\"Internationaux de Strasbourg\"},\"image\":{\"@id\":\"https:\/\/internationaux-strasbourg.fr\/en\/#\/schema\/logo\/image\/\"},\"sameAs\":[\"https:\/\/www.facebook.com\/INTERNATIONAUXSTRASBOURG\/\",\"https:\/\/x.com\/WTA_Strasbourg\",\"https:\/\/www.instagram.com\/WTA_Strasbourg\",\"https:\/\/www.youtube.com\/user\/istennis2014\",\"https:\/\/www.linkedin.com\/showcase\/internationaux-de-strasbourg\/\"]}]}<\/script>\n<!-- \/ Yoast SEO plugin. -->","yoast_head_json":{"title":"Devenir partenaire - INTERNATIONAUX DE STRASBOURG","description":"Devenir Partenaire des Internationaux de Strasbourg : Nous proposons des\u00a0partenariats sur mesure, pour r\u00e9pondre parfaitement \u00e0\u00a0vos attentes.","robots":{"index":"index","follow":"follow","max-snippet":"max-snippet:-1","max-image-preview":"max-image-preview:large","max-video-preview":"max-video-preview:-1"},"canonical":"https:\/\/internationaux-strasbourg.fr\/en\/partenaires\/devenir-partenaire\/","og_locale":"en_US","og_type":"article","og_title":"Devenir partenaire - INTERNATIONAUX DE STRASBOURG","og_description":"Devenir Partenaire des Internationaux de Strasbourg : Nous proposons des\u00a0partenariats sur mesure, pour r\u00e9pondre parfaitement \u00e0\u00a0vos attentes.","og_url":"https:\/\/internationaux-strasbourg.fr\/en\/partenaires\/devenir-partenaire\/","og_site_name":"INTERNATIONAUX DE STRASBOURG","article_publisher":"https:\/\/www.facebook.com\/INTERNATIONAUXSTRASBOURG\/","article_modified_time":"2025-07-09T08:24:00+00:00","og_image":[{"width":1920,"height":1280,"url":"https:\/\/internationaux-strasbourg.fr\/wp-content\/uploads\/2025\/07\/38A6252_Sophie_Bittler.jpg","type":"image\/jpeg"}],"twitter_card":"summary_large_image","twitter_site":"@WTA_Strasbourg","twitter_misc":{"Est. reading time":"3 minutes"},"schema":{"@context":"https:\/\/schema.org","@graph":[{"@type":"WebPage","@id":"https:\/\/internationaux-strasbourg.fr\/en\/partenaires\/devenir-partenaire\/","url":"https:\/\/internationaux-strasbourg.fr\/en\/partenaires\/devenir-partenaire\/","name":"Devenir partenaire - INTERNATIONAUX DE STRASBOURG","isPartOf":{"@id":"https:\/\/internationaux-strasbourg.fr\/en\/#website"},"primaryImageOfPage":{"@id":"https:\/\/internationaux-strasbourg.fr\/en\/partenaires\/devenir-partenaire\/#primaryimage"},"image":{"@id":"https:\/\/internationaux-strasbourg.fr\/en\/partenaires\/devenir-partenaire\/#primaryimage"},"thumbnailUrl":"https:\/\/internationaux-strasbourg.fr\/wp-content\/uploads\/2025\/07\/38A6252_Sophie_Bittler.jpg","datePublished":"2025-03-11T09:49:56+00:00","dateModified":"2025-07-09T08:24:00+00:00","description":"Devenir Partenaire des Internationaux de Strasbourg : Nous proposons des\u00a0partenariats sur mesure, pour r\u00e9pondre parfaitement \u00e0\u00a0vos attentes.","breadcrumb":{"@id":"https:\/\/internationaux-strasbourg.fr\/en\/partenaires\/devenir-partenaire\/#breadcrumb"},"inLanguage":"en-US","potentialAction":[{"@type":"ReadAction","target":["https:\/\/internationaux-strasbourg.fr\/en\/partenaires\/devenir-partenaire\/"]}]},{"@type":"ImageObject","inLanguage":"en-US","@id":"https:\/\/internationaux-strasbourg.fr\/en\/partenaires\/devenir-partenaire\/#primaryimage","url":"https:\/\/internationaux-strasbourg.fr\/wp-content\/uploads\/2025\/07\/38A6252_Sophie_Bittler.jpg","contentUrl":"https:\/\/internationaux-strasbourg.fr\/wp-content\/uploads\/2025\/07\/38A6252_Sophie_Bittler.jpg","width":1920,"height":1280},{"@type":"BreadcrumbList","@id":"https:\/\/internationaux-strasbourg.fr\/en\/partenaires\/devenir-partenaire\/#breadcrumb","itemListElement":[{"@type":"ListItem","position":1,"name":"Home","item":"https:\/\/internationaux-strasbourg.fr\/en\/"},{"@type":"ListItem","position":2,"name":"Devenir partenaire"}]},{"@type":"WebSite","@id":"https:\/\/internationaux-strasbourg.fr\/en\/#website","url":"https:\/\/internationaux-strasbourg.fr\/en\/","name":"WTA Strasbourg Tournament","description":"","publisher":{"@id":"https:\/\/internationaux-strasbourg.fr\/en\/#organization"},"potentialAction":[{"@type":"SearchAction","target":{"@type":"EntryPoint","urlTemplate":"https:\/\/internationaux-strasbourg.fr\/en\/?s={search_term_string}"},"query-input":{"@type":"PropertyValueSpecification","valueRequired":true,"valueName":"search_term_string"}}],"inLanguage":"en-US"},{"@type":"Organization","@id":"https:\/\/internationaux-strasbourg.fr\/en\/#organization","name":"WTA Strasbourg Tournament","url":"https:\/\/internationaux-strasbourg.fr\/en\/","logo":{"@type":"ImageObject","inLanguage":"en-US","@id":"https:\/\/internationaux-strasbourg.fr\/en\/#\/schema\/logo\/image\/","url":"http:\/\/is.local\/wp-content\/uploads\/2024\/12\/Logo-composite-noir-e1734341181451.png","contentUrl":"http:\/\/is.local\/wp-content\/uploads\/2024\/12\/Logo-composite-noir-e1734341181451.png","width":300,"height":103,"caption":"Internationaux de Strasbourg"},"image":{"@id":"https:\/\/internationaux-strasbourg.fr\/en\/#\/schema\/logo\/image\/"},"sameAs":["https:\/\/www.facebook.com\/INTERNATIONAUXSTRASBOURG\/","https:\/\/x.com\/WTA_Strasbourg","https:\/\/www.instagram.com\/WTA_Strasbourg","https:\/\/www.youtube.com\/user\/istennis2014","https:\/\/www.linkedin.com\/showcase\/internationaux-de-strasbourg\/"]}]}},"_links":{"self":[{"href":"https:\/\/internationaux-strasbourg.fr\/en\/wp-json\/wp\/v2\/pages\/1343","targetHints":{"allow":["GET"]}}],"collection":[{"href":"https:\/\/internationaux-strasbourg.fr\/en\/wp-json\/wp\/v2\/pages"}],"about":[{"href":"https:\/\/internationaux-strasbourg.fr\/en\/wp-json\/wp\/v2\/types\/page"}],"author":[{"embeddable":true,"href":"https:\/\/internationaux-strasbourg.fr\/en\/wp-json\/wp\/v2\/users\/2"}],"replies":[{"embeddable":true,"href":"https:\/\/internationaux-strasbourg.fr\/en\/wp-json\/wp\/v2\/comments?post=1343"}],"version-history":[{"count":13,"href":"https:\/\/internationaux-strasbourg.fr\/en\/wp-json\/wp\/v2\/pages\/1343\/revisions"}],"predecessor-version":[{"id":2686,"href":"https:\/\/internationaux-strasbourg.fr\/en\/wp-json\/wp\/v2\/pages\/1343\/revisions\/2686"}],"up":[{"embeddable":true,"href":"https:\/\/internationaux-strasbourg.fr\/en\/wp-json\/wp\/v2\/pages\/27"}],"wp:featuredmedia":[{"embeddable":true,"href":"https:\/\/internationaux-strasbourg.fr\/en\/wp-json\/wp\/v2\/media\/2687"}],"wp:attachment":[{"href":"https:\/\/internationaux-strasbourg.fr\/en\/wp-json\/wp\/v2\/media?parent=1343"}],"curies":[{"name":"wp","href":"https:\/\/api.w.org\/{rel}","templated":true}]}}